{"id":156,"date":"2022-03-15T14:32:01","date_gmt":"2022-03-15T13:32:01","guid":{"rendered":"https:\/\/psitwor.pl\/sklep\/?page_id=156"},"modified":"2022-03-18T17:22:02","modified_gmt":"2022-03-18T16:22:02","slug":"klauzula","status":"publish","type":"page","link":"https:\/\/psitwor.pl\/sklep\/?page_id=156","title":{"rendered":"Klauzula informacyjna"},"content":{"rendered":"\n<p><\/p>\n\n\n\n<p><strong>Informacja dotycz\u0105ca przetwarzania danych osobowych klient\u00f3w i ich przedstawicieli<\/strong><\/p>\n\n\n\n<p><br>Administratorem Twoich danych osobowych zawartych w korespondencji mailowej jest Klaudia Kami\u0144ska, prowadz\u0105ca dzia\u0142alno\u015b\u0107 gospodarcz\u0105 pod firm\u0105 klamka zapad\u0142a Klaudia Kami\u0144ska, ul. Rogalskiego 2\/71, 03-982 Warszawa, NIP: 7231608509, REGON: 387064885. Kontakt z&nbsp;administratorem w sprawach dotycz\u0105cych przetwarzania danych osobowych: [kontakt@psitwor.pl].<br>Niniejsza informacja dotyczy Ciebie, je\u015bli jeste\u015b:<br>a) moim klientem, b\u0119d\u0105cym osob\u0105 fizyczn\u0105, co oznacza, \u017ce zawar\u0142am z Tob\u0105 umow\u0119 o&nbsp;\u015bwiadczenie us\u0142ug na Twoj\u0105 rzecz, umow\u0119 sprzeda\u017cy, umow\u0119 szkoleniow\u0105 lub inn\u0105 podobn\u0105 umow\u0119 (dalej b\u0119d\u0119 Ci\u0119 okre\u015bla\u0107 \u201eKlientem\u201d);<br>b) osob\u0105 reprezentuj\u0105c\u0105, pracownikiem lub wsp\u00f3\u0142pracownikiem mojego Klienta albo klienta nieb\u0119d\u0105cego osob\u0105 fizyczn\u0105 (czyli np. reprezentujesz sp\u00f3\u0142k\u0119) (dalej b\u0119d\u0119 Ci\u0119 okre\u015bla\u0107 \u201ePrzedstawicielem\u201d).<br>Je\u015bli jeste\u015b moim Klientem Twoje dane osobowe przetwarzam w nast\u0119puj\u0105cych celach i na nast\u0119puj\u0105cych podstawach prawnych:<br>a) w celu zawarcia z Tob\u0105 umowy i jej wykonywania \u2013 na podstawie art. 6 ust. 1 lit. b) RODO 1 , tj. przetwarzanie jest niezb\u0119dne do wykonywania umowy lub do podj\u0119cia dzia\u0142a\u0144 na Twoje \u017c\u0105danie, przed zawarciem umowy;<br>b) w celu dokonania rozlicze\u0144 podatkowych i prowadzenia dokumentacji ksi\u0119gowej \u2212 na podstawie art. 6 ust. 1 lit. c) RODO, tj. przetwarzanie danych jest niezb\u0119dne dla wype\u0142niania przeze mnie obowi\u0105zk\u00f3w prawnych wynikaj\u0105cych z powszechnie obowi\u0105zuj\u0105cych przepis\u00f3w prawa, w tym przepis\u00f3w prawa podatkowego oraz przepis\u00f3w o rachunkowo\u015bci;<br>c) w celu ustalenia, dochodzenia lub obrony roszcze\u0144, co stanowi m\u00f3j prawnie uzasadniony interes zgodnie z art. 6 ust. 1 lit. f) RODO;<br>d) w celach marketingowych, tj. przesy\u0142ania Tobie informacji handlowych drog\u0105 elektroniczn\u0105 lub kierowania do Ciebie marketingu prze telefon \u2013 je\u015bli wyrazi\u0142e\u015b mi na to zgod\u0119 zgodnie z&nbsp;art.&nbsp;6&nbsp;ust. 1 lit. a RODO oraz zgodnie z art. 10 ustawy o&nbsp;\u015bwiadczeniu us\u0142ug drog\u0105 elektroniczn\u0105 lub art. 172 ustawy Prawo telekomunikacyjne.<br>Podanie przez Ciebie danych osobowych w zakresie wymaganym przez przepisy prawa (np. w celu wystawienia faktury lub innego dokumentu ksi\u0119gowego) jest obowi\u0105zkowe i wynika z przepis\u00f3w prawa podatkowego i przepis\u00f3w o rachunkowo\u015bci. Podanie danych osobowych w celach marketingowych jest ca\u0142kowicie dobrowolne. Podanie danych osobowych w pozosta\u0142ym zakresie jest dobrowolne, przy czym niezb\u0119dne do zawarcia i wykonywania umowy. Niepodanie danych osobowych skutkuje niemo\u017cliwo\u015bci\u0105 zawarcia i wykonywania powy\u017cszej umowy. Twoje dane osobowe s\u0105 przetwarzane przez okres niezb\u0119dny do realizacji cel\u00f3w wskazanych powy\u017cej, w szczeg\u00f3lno\u015bci przez okres realizacji zawartej umowy, a nast\u0119pnie b\u0119d\u0105 przeze mnie przechowywane do momentu przedawnienia roszcze\u0144 lub do momentu wyga\u015bni\u0119cia obowi\u0105zku przechowywania danych wynikaj\u0105cego z przepis\u00f3w prawa (np. prawa podatkowego). Dane osobowe przetwarzane na podstawie zgody b\u0119d\u0105 przechowywane do momentu jej cofni\u0119cia.<\/p>\n\n\n\n<p>1 Rozporz\u0105dzenie Parlamentu Europejskiego i Rady (UE) 2016\/679 z dnia 27 kwietnia 2016 r. w sprawie ochrony<br>os\u00f3b fizycznych w zwi\u0105zku z przetwarzaniem danych osobowych i w sprawie swobodnego przep\u0142ywu takich<br>danych oraz uchylenia dyrektywy 95\/46\/WE (og\u00f3lne rozporz\u0105dzenie o ochronie danych).<\/p>\n\n\n\n<p>Je\u015bli jeste\u015b Przedstawicielem, Twoje dane osobowe otrzymuj\u0119 od mojego klienta, kt\u00f3reg <br>reprezentujesz lub z kt\u00f3rym wsp\u00f3\u0142pracujesz albo sam przekazujesz mi te dane w zwi\u0105zku z zawarciem i wykonaniem umowy \u0142\u0105cz\u0105cej mnie z tym klientem.<br>Przetwarzam nast\u0119puj\u0105ce kategorie Twoich danych osobowych:<br>a) je\u015bli reprezentujesz mojego klienta \u2013 dane identyfikacyjne (np. imiona, nazwiska, nazw\u0119 podmiotu, kt\u00f3ry reprezentujesz, nazw\u0119 stanowiska\/nazw\u0119 pe\u0142nionej funkcji), dane dotycz\u0105ce udzielonego umocowania (np. data udzielonego umocowania, rodzaj i&nbsp;zakres udzielonego umocowania);<br>b) je\u015bli jeste\u015b pracownikiem lub wsp\u00f3\u0142pracownikiem mojego klienta \u2013 dane identyfikacyjne (np. imiona, nazwiska, nazw\u0119 podmiotu, kt\u00f3ry Ci\u0119 zatrudnia nazw\u0119 stanowiska\/nazw\u0119 pe\u0142nionej funkcji, zakres spraw, kt\u00f3rymi si\u0119 zajmujesz), dane kontaktowe (np. numer s\u0142u\u017cbowego telefonu, email).<br>Twoje dane osobowe przetwarzam w nast\u0119puj\u0105cych celach i na nast\u0119puj\u0105cych podstawach prawnych:<br>a) w celu zawarcia umowy pomi\u0119dzy klientem a mn\u0105 i jej wykonywania, a&nbsp;w&nbsp;szczeg\u00f3lno\u015bci weryfikacji Twojego umocowania do zawarcia umowy w imieniu klienta oraz kontaktu z Tob\u0105 jako osob\u0105 kontaktow\u0105 w zwi\u0105zku z wykonywaniem umowy \u2013 na podstawie art. 6 ust. 1 lit. f) RODO, tj. na podstawie prawnie uzasadnionego interesu realizowanego zar\u00f3wno przeze mnie, jak i mojego klienta, kt\u00f3rym jest umo\u017cliwienie nam sprawnego bie\u017c\u0105cego wykonywania umowy oraz umo\u017cliwienie weryfikacji Twojego umocowania do zawarcia umowy w&nbsp;imieniu<br>klienta;<br>b) w celu dokonania rozlicze\u0144 podatkowych i prowadzenia dokumentacji ksi\u0119gowej \u2212 na podstawie art. 6 ust. 1 lit. c) RODO, tj. przetwarzanie danych jest niezb\u0119dne dla wype\u0142niania obowi\u0105zk\u00f3w prawnych ci\u0105\u017c\u0105cych na mnie, a wynikaj\u0105cych z powszechnie obowi\u0105zuj\u0105cych przepis\u00f3w prawa, w tym przepis\u00f3w prawa podatkowego oraz przepis\u00f3w o rachunkowo\u015bci;<br>c) w celu ustalenia, dochodzenia lub obrony roszcze\u0144 pomi\u0119dzy klientem a mn\u0105 \u2013 na podstawie art. 6 ust. 1 lit. f) RODO, tj. przetwarzanie jest niezb\u0119dne do cel\u00f3w wynikaj\u0105cych z moich prawnie uzasadnionych interes\u00f3w, polegaj\u0105cych mo\u017cliwo\u015bci ustalenia, dochodzenia lub obrony roszcze\u0144);<br>d) w celach marketingowych, tj. przesy\u0142ania Tobie informacji handlowych drog\u0105 elektroniczn\u0105 lub kierowania do Ciebie marketingu prze telefon \u2013 je\u015bli wyrazi\u0142e\u015b mi na to zgod\u0119 zgodnie z&nbsp;art.&nbsp;6&nbsp;ust. 1 lit. a RODO oraz zgodnie z art. 10 ustawy o \u015bwiadczeniu us\u0142ug drog\u0105 elektroniczn\u0105 lub art. 172 ustawy Prawo telekomunikacyjne.<br>Je\u015bli przekazujesz mi swoje dane osobowe bezpo\u015brednio, jest to dobrowolne, przy czym niezb\u0119dne do zawarcia i wykonywania umowy z klientem. Niepodanie danych osobowych skutkuje niemo\u017cliwo\u015bci\u0105 zawarcia i wykonywania powy\u017cszej umowy. Podanie danych osobowych w celach marketingowych jest ca\u0142kowicie dobrowolne.<br>Twoje dane osobowe s\u0105 przetwarzane przez okres niezb\u0119dny do realizacji cel\u00f3w wskazanych powy\u017cej, w szczeg\u00f3lno\u015bci przez okres realizacji umowy zawartej z moim klientem, a nast\u0119pnie b\u0119d\u0105 przeze mnie przechowywane do momentu przedawnienia roszcze\u0144 lub do momentu wyga\u015bni\u0119cia obowi\u0105zku przechowywania danych wynikaj\u0105cego z przepis\u00f3w prawa (np. prawa podatkowego).<br>Dane osobowe przetwarzane na podstawie zgody b\u0119d\u0105 przechowywane do momentu jej cofni\u0119cia.<br>Pozosta\u0142e informacje dotycz\u0105ce przetwarzania danych osobowych Klient\u00f3w i Przedstawicieli<\/p>\n\n\n\n<p><br>Twoje dane osobowe s\u0105 ujawniane nast\u0119puj\u0105cym podmiotom:<br>a) udzielaj\u0105cym mi wsparcia na zasadzie zleconych us\u0142ug i zgodnie z zawartymi umowami powierzenia, tj. podmiotom \u015bwiadcz\u0105cym us\u0142ugi informatyczne, ksi\u0119gowe, prawne marketingowe, administracyjne, w zakresie poczty elektronicznej;<br>b) podmiotom \u015bwiadcz\u0105cym us\u0142ugi pocztowe, kurierskie;<br>c) upowa\u017cnionym do przetwarzania danych osobowych na podstawie przepis\u00f3w prawa.<br>W zwi\u0105zku z korzystaniem z us\u0142ug [<strong><em>] Twoje dane osobowe mog\u0105 by\u0107 przekazywane poza Europejski Obszar Gospodarczy na podstawie [<\/em><\/strong>] \/ Nie zamierzam przekazywa\u0107 twoich danych osobowych do pa\u0144stwa trzeciego (tj. pa\u0144stwa poza EOG) ani organizacji mi\u0119dzynarodowej.<br>Nie zamierzam wobec Ciebie podejmowa\u0107 decyzji opartych wy\u0142\u0105cznie na zautomatyzowanym przetwarzaniu danych osobowych, w tym profilowaniu.<br>W zwi\u0105zku z przetwarzaniem Twoich danych osobowych masz prawo do:<br>a) dost\u0119pu do swoich danych osobowych, ich sprostowania, usuni\u0119cia lub ograniczenia ich przetwarzania,<br>b) wniesienia sprzeciwu wobec przetwarzania danych osobowych (w przypadku gdy przetwarzanie jest niezb\u0119dne dla wype\u0142nienia cel\u00f3w wynikaj\u0105cych z prawnie uzasadnionych interes\u00f3w),<br>c) przeniesienia danych osobowych (gdy przetwarzanie danych osobowych odbywa si\u0119 w<br>spos\u00f3b zautomatyzowany na podstawie zgody lub umowy),<br>d) cofni\u0119cia zgody w dowolnym momencie, bez wp\u0142ywu na zgodno\u015b\u0107 z prawem przetwarzania,<br>kt\u00f3re mia\u0142o miejsce na podstawie zgody przed jej cofni\u0119ciem.<br><br>Skorzystanie z powy\u017cszych praw jest mo\u017cliwe poprzez z\u0142o\u017cenie o\u015bwiadczenia mailowo na adres e-mail: kontakt@psitwor.pl.<br>Masz r\u00f3wnie\u017c prawo do wniesienia skargi do organu nadzorczego zajmuj\u0105cego si\u0119 ochron\u0105 danych osobowych, tj. Prezesa Urz\u0119du Ochrony Danych Osobowych, ul. Stawki 2, 00-193 Warszawa (szczeg\u00f3\u0142owe informacje, jak z\u0142o\u017cy\u0107 skarg\u0119, mo\u017cna znale\u017a\u0107 tutaj: https:\/\/uodo.gov.pl\/pl\/83\/155), je\u015bli uznasz, \u017ce przetwarzanie danych narusza RODO.<\/p>\n","protected":false},"excerpt":{"rendered":"<p>Informacja dotycz\u0105ca przetwarzania danych osobowych klient\u00f3w i ich przedstawicieli Administratorem Twoich danych osobowych zawartych w korespondencji mailowej jest Klaudia Kami\u0144ska, prowadz\u0105ca dzia\u0142alno\u015b\u0107 gospodarcz\u0105 pod firm\u0105 klamka zapad\u0142a Klaudia Kami\u0144ska, ul. Rogalskiego 2\/71, 03-982 Warszawa, NIP: 7231608509, REGON: 387064885. Kontakt z&nbsp;administratorem w sprawach dotycz\u0105cych przetwarzania danych osobowych: [kontakt@psitwor.pl].Niniejsza informacja dotyczy Ciebie, je\u015bli jeste\u015b:a) moim klientem, b\u0119d\u0105cym [&hellip;]<\/p>\n","protected":false},"author":1,"featured_media":0,"parent":0,"menu_order":10,"comment_status":"closed","ping_status":"closed","template":"","meta":{"footnotes":""},"class_list":["post-156","page","type-page","status-publish","hentry"],"yoast_head":"<!-- This site is optimized with the Yoast SEO plugin v23.1 - https:\/\/yoast.com\/wordpress\/plugins\/seo\/ -->\n<title>Klauzula informacyjna - Psitw&oacute;r<\/title>\n<meta name=\"robots\" content=\"index, follow, max-snippet:-1, max-image-preview:large, max-video-preview:-1\" \/>\n<link rel=\"canonical\" href=\"https:\/\/psitwor.pl\/sklep\/?page_id=156\" \/>\n<meta property=\"og:locale\" content=\"pl_PL\" \/>\n<meta property=\"og:type\" content=\"article\" \/>\n<meta property=\"og:title\" content=\"Klauzula informacyjna - Psitw&oacute;r\" \/>\n<meta property=\"og:description\" content=\"Informacja dotycz\u0105ca przetwarzania danych osobowych klient\u00f3w i ich przedstawicieli Administratorem Twoich danych osobowych zawartych w korespondencji mailowej jest Klaudia Kami\u0144ska, prowadz\u0105ca dzia\u0142alno\u015b\u0107 gospodarcz\u0105 pod firm\u0105 klamka zapad\u0142a Klaudia Kami\u0144ska, ul. Rogalskiego 2\/71, 03-982 Warszawa, NIP: 7231608509, REGON: 387064885. Kontakt z&nbsp;administratorem w sprawach dotycz\u0105cych przetwarzania danych osobowych: [kontakt@psitwor.pl].Niniejsza informacja dotyczy Ciebie, je\u015bli jeste\u015b:a) moim klientem, b\u0119d\u0105cym [&hellip;]\" \/>\n<meta property=\"og:url\" content=\"https:\/\/psitwor.pl\/sklep\/?page_id=156\" \/>\n<meta property=\"og:site_name\" content=\"Psitw&oacute;r\" \/>\n<meta property=\"article:publisher\" content=\"https:\/\/www.facebook.com\/psitwor\/\" \/>\n<meta property=\"article:modified_time\" content=\"2022-03-18T16:22:02+00:00\" \/>\n<meta name=\"twitter:card\" content=\"summary_large_image\" \/>\n<meta name=\"twitter:label1\" content=\"Szacowany czas czytania\" \/>\n\t<meta name=\"twitter:data1\" content=\"7 minut\" \/>\n<script type=\"application\/ld+json\" class=\"yoast-schema-graph\">{\"@context\":\"https:\/\/schema.org\",\"@graph\":[{\"@type\":\"WebPage\",\"@id\":\"https:\/\/psitwor.pl\/sklep\/?page_id=156\",\"url\":\"https:\/\/psitwor.pl\/sklep\/?page_id=156\",\"name\":\"Klauzula informacyjna - Psitw&oacute;r\",\"isPartOf\":{\"@id\":\"https:\/\/psitwor.pl\/sklep\/#website\"},\"datePublished\":\"2022-03-15T13:32:01+00:00\",\"dateModified\":\"2022-03-18T16:22:02+00:00\",\"breadcrumb\":{\"@id\":\"https:\/\/psitwor.pl\/sklep\/?page_id=156#breadcrumb\"},\"inLanguage\":\"pl-PL\",\"potentialAction\":[{\"@type\":\"ReadAction\",\"target\":[\"https:\/\/psitwor.pl\/sklep\/?page_id=156\"]}]},{\"@type\":\"BreadcrumbList\",\"@id\":\"https:\/\/psitwor.pl\/sklep\/?page_id=156#breadcrumb\",\"itemListElement\":[{\"@type\":\"ListItem\",\"position\":1,\"name\":\"Strona g\u0142\u00f3wna\",\"item\":\"https:\/\/psitwor.pl\/sklep\/\"},{\"@type\":\"ListItem\",\"position\":2,\"name\":\"Klauzula informacyjna\"}]},{\"@type\":\"WebSite\",\"@id\":\"https:\/\/psitwor.pl\/sklep\/#website\",\"url\":\"https:\/\/psitwor.pl\/sklep\/\",\"name\":\"Psitw&oacute;r\",\"description\":\"Kreatywne karmienie zwierz\u0105t\",\"publisher\":{\"@id\":\"https:\/\/psitwor.pl\/sklep\/#organization\"},\"potentialAction\":[{\"@type\":\"SearchAction\",\"target\":{\"@type\":\"EntryPoint\",\"urlTemplate\":\"https:\/\/psitwor.pl\/sklep\/?s={search_term_string}\"},\"query-input\":\"required name=search_term_string\"}],\"inLanguage\":\"pl-PL\"},{\"@type\":\"Organization\",\"@id\":\"https:\/\/psitwor.pl\/sklep\/#organization\",\"name\":\"Psitw\u00f3r\",\"url\":\"https:\/\/psitwor.pl\/sklep\/\",\"logo\":{\"@type\":\"ImageObject\",\"inLanguage\":\"pl-PL\",\"@id\":\"https:\/\/psitwor.pl\/sklep\/#\/schema\/logo\/image\/\",\"url\":\"https:\/\/psitwor.pl\/sklep\/wp-content\/uploads\/2021\/10\/cropped-logo-psitwor-wektor-1.png\",\"contentUrl\":\"https:\/\/psitwor.pl\/sklep\/wp-content\/uploads\/2021\/10\/cropped-logo-psitwor-wektor-1.png\",\"width\":277,\"height\":63,\"caption\":\"Psitw\u00f3r\"},\"image\":{\"@id\":\"https:\/\/psitwor.pl\/sklep\/#\/schema\/logo\/image\/\"},\"sameAs\":[\"https:\/\/www.facebook.com\/psitwor\/\",\"https:\/\/www.instagram.com\/psitwor_pl\/\"]}]}<\/script>\n<!-- \/ Yoast SEO plugin. -->","yoast_head_json":{"title":"Klauzula informacyjna - Psitw&oacute;r","robots":{"index":"index","follow":"follow","max-snippet":"max-snippet:-1","max-image-preview":"max-image-preview:large","max-video-preview":"max-video-preview:-1"},"canonical":"https:\/\/psitwor.pl\/sklep\/?page_id=156","og_locale":"pl_PL","og_type":"article","og_title":"Klauzula informacyjna - Psitw&oacute;r","og_description":"Informacja dotycz\u0105ca przetwarzania danych osobowych klient\u00f3w i ich przedstawicieli Administratorem Twoich danych osobowych zawartych w korespondencji mailowej jest Klaudia Kami\u0144ska, prowadz\u0105ca dzia\u0142alno\u015b\u0107 gospodarcz\u0105 pod firm\u0105 klamka zapad\u0142a Klaudia Kami\u0144ska, ul. Rogalskiego 2\/71, 03-982 Warszawa, NIP: 7231608509, REGON: 387064885. Kontakt z&nbsp;administratorem w sprawach dotycz\u0105cych przetwarzania danych osobowych: [kontakt@psitwor.pl].Niniejsza informacja dotyczy Ciebie, je\u015bli jeste\u015b:a) moim klientem, b\u0119d\u0105cym [&hellip;]","og_url":"https:\/\/psitwor.pl\/sklep\/?page_id=156","og_site_name":"Psitw&oacute;r","article_publisher":"https:\/\/www.facebook.com\/psitwor\/","article_modified_time":"2022-03-18T16:22:02+00:00","twitter_card":"summary_large_image","twitter_misc":{"Szacowany czas czytania":"7 minut"},"schema":{"@context":"https:\/\/schema.org","@graph":[{"@type":"WebPage","@id":"https:\/\/psitwor.pl\/sklep\/?page_id=156","url":"https:\/\/psitwor.pl\/sklep\/?page_id=156","name":"Klauzula informacyjna - Psitw&oacute;r","isPartOf":{"@id":"https:\/\/psitwor.pl\/sklep\/#website"},"datePublished":"2022-03-15T13:32:01+00:00","dateModified":"2022-03-18T16:22:02+00:00","breadcrumb":{"@id":"https:\/\/psitwor.pl\/sklep\/?page_id=156#breadcrumb"},"inLanguage":"pl-PL","potentialAction":[{"@type":"ReadAction","target":["https:\/\/psitwor.pl\/sklep\/?page_id=156"]}]},{"@type":"BreadcrumbList","@id":"https:\/\/psitwor.pl\/sklep\/?page_id=156#breadcrumb","itemListElement":[{"@type":"ListItem","position":1,"name":"Strona g\u0142\u00f3wna","item":"https:\/\/psitwor.pl\/sklep\/"},{"@type":"ListItem","position":2,"name":"Klauzula informacyjna"}]},{"@type":"WebSite","@id":"https:\/\/psitwor.pl\/sklep\/#website","url":"https:\/\/psitwor.pl\/sklep\/","name":"Psitw&oacute;r","description":"Kreatywne karmienie zwierz\u0105t","publisher":{"@id":"https:\/\/psitwor.pl\/sklep\/#organization"},"potentialAction":[{"@type":"SearchAction","target":{"@type":"EntryPoint","urlTemplate":"https:\/\/psitwor.pl\/sklep\/?s={search_term_string}"},"query-input":"required name=search_term_string"}],"inLanguage":"pl-PL"},{"@type":"Organization","@id":"https:\/\/psitwor.pl\/sklep\/#organization","name":"Psitw\u00f3r","url":"https:\/\/psitwor.pl\/sklep\/","logo":{"@type":"ImageObject","inLanguage":"pl-PL","@id":"https:\/\/psitwor.pl\/sklep\/#\/schema\/logo\/image\/","url":"https:\/\/psitwor.pl\/sklep\/wp-content\/uploads\/2021\/10\/cropped-logo-psitwor-wektor-1.png","contentUrl":"https:\/\/psitwor.pl\/sklep\/wp-content\/uploads\/2021\/10\/cropped-logo-psitwor-wektor-1.png","width":277,"height":63,"caption":"Psitw\u00f3r"},"image":{"@id":"https:\/\/psitwor.pl\/sklep\/#\/schema\/logo\/image\/"},"sameAs":["https:\/\/www.facebook.com\/psitwor\/","https:\/\/www.instagram.com\/psitwor_pl\/"]}]}},"jetpack_sharing_enabled":true,"_links":{"self":[{"href":"https:\/\/psitwor.pl\/sklep\/index.php?rest_route=\/wp\/v2\/pages\/156","targetHints":{"allow":["GET"]}}],"collection":[{"href":"https:\/\/psitwor.pl\/sklep\/index.php?rest_route=\/wp\/v2\/pages"}],"about":[{"href":"https:\/\/psitwor.pl\/sklep\/index.php?rest_route=\/wp\/v2\/types\/page"}],"author":[{"embeddable":true,"href":"https:\/\/psitwor.pl\/sklep\/index.php?rest_route=\/wp\/v2\/users\/1"}],"replies":[{"embeddable":true,"href":"https:\/\/psitwor.pl\/sklep\/index.php?rest_route=%2Fwp%2Fv2%2Fcomments&post=156"}],"version-history":[{"count":2,"href":"https:\/\/psitwor.pl\/sklep\/index.php?rest_route=\/wp\/v2\/pages\/156\/revisions"}],"predecessor-version":[{"id":654,"href":"https:\/\/psitwor.pl\/sklep\/index.php?rest_route=\/wp\/v2\/pages\/156\/revisions\/654"}],"wp:attachment":[{"href":"https:\/\/psitwor.pl\/sklep\/index.php?rest_route=%2Fwp%2Fv2%2Fmedia&parent=156"}],"curies":[{"name":"wp","href":"https:\/\/api.w.org\/{rel}","templated":true}]}}