{"id":383,"date":"2021-10-17T15:18:37","date_gmt":"2021-10-17T13:18:37","guid":{"rendered":"https:\/\/psitwor.pl\/sklep\/?page_id=383"},"modified":"2022-03-20T14:20:46","modified_gmt":"2022-03-20T13:20:46","slug":"kontakt","status":"publish","type":"page","link":"https:\/\/psitwor.pl\/sklep\/?page_id=383","title":{"rendered":"Kontakt"},"content":{"rendered":"\n<p>Mo\u017cesz napisa\u0107 do nas mejla na: kontakt@psitwor.pl<br>albo wiadomo\u015b\u0107 na Instagramie: <a class=\"contact-link\" href=\"https:\/\/www.instagram.com\/psitwor_pl\/\">tutaj<\/a><br><\/p>\n\n\n\n<p><br>Inna opcja to telefon: 508140874<br>albo wiadomo\u015b\u0107 na Facebooku: <a class=\"contact-link\" href=\"https:\/\/www.facebook.com\/psitwor\">tutaj<\/a><\/p>\n","protected":false},"excerpt":{"rendered":"<p>Mo\u017cesz napisa\u0107 do nas mejla na: kontakt@psitwor.plalbo wiadomo\u015b\u0107 na Instagramie: tutaj Inna opcja to telefon: 508140874albo wiadomo\u015b\u0107 na Facebooku: tutaj<\/p>\n","protected":false},"author":2,"featured_media":0,"parent":0,"menu_order":1,"comment_status":"closed","ping_status":"closed","template":"","meta":{"footnotes":""},"class_list":["post-383","page","type-page","status-publish","hentry"],"yoast_head":"<!-- This site is optimized with the Yoast SEO plugin v23.1 - https:\/\/yoast.com\/wordpress\/plugins\/seo\/ -->\n<title>Kontakt - Psitw&oacute;r<\/title>\n<meta name=\"robots\" content=\"index, follow, max-snippet:-1, max-image-preview:large, max-video-preview:-1\" \/>\n<link rel=\"canonical\" href=\"https:\/\/psitwor.pl\/sklep\/?page_id=383\" \/>\n<meta property=\"og:locale\" content=\"pl_PL\" \/>\n<meta property=\"og:type\" content=\"article\" \/>\n<meta property=\"og:title\" content=\"Kontakt - Psitw&oacute;r\" \/>\n<meta property=\"og:description\" content=\"Mo\u017cesz napisa\u0107 do nas mejla na: kontakt@psitwor.plalbo wiadomo\u015b\u0107 na Instagramie: tutaj Inna opcja to telefon: 508140874albo wiadomo\u015b\u0107 na Facebooku: tutaj\" \/>\n<meta property=\"og:url\" content=\"https:\/\/psitwor.pl\/sklep\/?page_id=383\" \/>\n<meta property=\"og:site_name\" content=\"Psitw&oacute;r\" \/>\n<meta property=\"article:publisher\" content=\"https:\/\/www.facebook.com\/psitwor\/\" \/>\n<meta property=\"article:modified_time\" content=\"2022-03-20T13:20:46+00:00\" \/>\n<meta name=\"twitter:card\" content=\"summary_large_image\" \/>\n<script type=\"application\/ld+json\" class=\"yoast-schema-graph\">{\"@context\":\"https:\/\/schema.org\",\"@graph\":[{\"@type\":\"WebPage\",\"@id\":\"https:\/\/psitwor.pl\/sklep\/?page_id=383\",\"url\":\"https:\/\/psitwor.pl\/sklep\/?page_id=383\",\"name\":\"Kontakt - Psitw&oacute;r\",\"isPartOf\":{\"@id\":\"https:\/\/psitwor.pl\/sklep\/#website\"},\"datePublished\":\"2021-10-17T13:18:37+00:00\",\"dateModified\":\"2022-03-20T13:20:46+00:00\",\"breadcrumb\":{\"@id\":\"https:\/\/psitwor.pl\/sklep\/?page_id=383#breadcrumb\"},\"inLanguage\":\"pl-PL\",\"potentialAction\":[{\"@type\":\"ReadAction\",\"target\":[\"https:\/\/psitwor.pl\/sklep\/?page_id=383\"]}]},{\"@type\":\"BreadcrumbList\",\"@id\":\"https:\/\/psitwor.pl\/sklep\/?page_id=383#breadcrumb\",\"itemListElement\":[{\"@type\":\"ListItem\",\"position\":1,\"name\":\"Strona g\u0142\u00f3wna\",\"item\":\"https:\/\/psitwor.pl\/sklep\/\"},{\"@type\":\"ListItem\",\"position\":2,\"name\":\"Kontakt\"}]},{\"@type\":\"WebSite\",\"@id\":\"https:\/\/psitwor.pl\/sklep\/#website\",\"url\":\"https:\/\/psitwor.pl\/sklep\/\",\"name\":\"Psitw&oacute;r\",\"description\":\"Kreatywne karmienie zwierz\u0105t\",\"publisher\":{\"@id\":\"https:\/\/psitwor.pl\/sklep\/#organization\"},\"potentialAction\":[{\"@type\":\"SearchAction\",\"target\":{\"@type\":\"EntryPoint\",\"urlTemplate\":\"https:\/\/psitwor.pl\/sklep\/?s={search_term_string}\"},\"query-input\":\"required name=search_term_string\"}],\"inLanguage\":\"pl-PL\"},{\"@type\":\"Organization\",\"@id\":\"https:\/\/psitwor.pl\/sklep\/#organization\",\"name\":\"Psitw\u00f3r\",\"url\":\"https:\/\/psitwor.pl\/sklep\/\",\"logo\":{\"@type\":\"ImageObject\",\"inLanguage\":\"pl-PL\",\"@id\":\"https:\/\/psitwor.pl\/sklep\/#\/schema\/logo\/image\/\",\"url\":\"https:\/\/psitwor.pl\/sklep\/wp-content\/uploads\/2021\/10\/cropped-logo-psitwor-wektor-1.png\",\"contentUrl\":\"https:\/\/psitwor.pl\/sklep\/wp-content\/uploads\/2021\/10\/cropped-logo-psitwor-wektor-1.png\",\"width\":277,\"height\":63,\"caption\":\"Psitw\u00f3r\"},\"image\":{\"@id\":\"https:\/\/psitwor.pl\/sklep\/#\/schema\/logo\/image\/\"},\"sameAs\":[\"https:\/\/www.facebook.com\/psitwor\/\",\"https:\/\/www.instagram.com\/psitwor_pl\/\"]}]}<\/script>\n<!-- \/ Yoast SEO plugin. -->","yoast_head_json":{"title":"Kontakt - Psitw&oacute;r","robots":{"index":"index","follow":"follow","max-snippet":"max-snippet:-1","max-image-preview":"max-image-preview:large","max-video-preview":"max-video-preview:-1"},"canonical":"https:\/\/psitwor.pl\/sklep\/?page_id=383","og_locale":"pl_PL","og_type":"article","og_title":"Kontakt - Psitw&oacute;r","og_description":"Mo\u017cesz napisa\u0107 do nas mejla na: kontakt@psitwor.plalbo wiadomo\u015b\u0107 na Instagramie: tutaj Inna opcja to telefon: 508140874albo wiadomo\u015b\u0107 na Facebooku: tutaj","og_url":"https:\/\/psitwor.pl\/sklep\/?page_id=383","og_site_name":"Psitw&oacute;r","article_publisher":"https:\/\/www.facebook.com\/psitwor\/","article_modified_time":"2022-03-20T13:20:46+00:00","twitter_card":"summary_large_image","schema":{"@context":"https:\/\/schema.org","@graph":[{"@type":"WebPage","@id":"https:\/\/psitwor.pl\/sklep\/?page_id=383","url":"https:\/\/psitwor.pl\/sklep\/?page_id=383","name":"Kontakt - Psitw&oacute;r","isPartOf":{"@id":"https:\/\/psitwor.pl\/sklep\/#website"},"datePublished":"2021-10-17T13:18:37+00:00","dateModified":"2022-03-20T13:20:46+00:00","breadcrumb":{"@id":"https:\/\/psitwor.pl\/sklep\/?page_id=383#breadcrumb"},"inLanguage":"pl-PL","potentialAction":[{"@type":"ReadAction","target":["https:\/\/psitwor.pl\/sklep\/?page_id=383"]}]},{"@type":"BreadcrumbList","@id":"https:\/\/psitwor.pl\/sklep\/?page_id=383#breadcrumb","itemListElement":[{"@type":"ListItem","position":1,"name":"Strona g\u0142\u00f3wna","item":"https:\/\/psitwor.pl\/sklep\/"},{"@type":"ListItem","position":2,"name":"Kontakt"}]},{"@type":"WebSite","@id":"https:\/\/psitwor.pl\/sklep\/#website","url":"https:\/\/psitwor.pl\/sklep\/","name":"Psitw&oacute;r","description":"Kreatywne karmienie zwierz\u0105t","publisher":{"@id":"https:\/\/psitwor.pl\/sklep\/#organization"},"potentialAction":[{"@type":"SearchAction","target":{"@type":"EntryPoint","urlTemplate":"https:\/\/psitwor.pl\/sklep\/?s={search_term_string}"},"query-input":"required name=search_term_string"}],"inLanguage":"pl-PL"},{"@type":"Organization","@id":"https:\/\/psitwor.pl\/sklep\/#organization","name":"Psitw\u00f3r","url":"https:\/\/psitwor.pl\/sklep\/","logo":{"@type":"ImageObject","inLanguage":"pl-PL","@id":"https:\/\/psitwor.pl\/sklep\/#\/schema\/logo\/image\/","url":"https:\/\/psitwor.pl\/sklep\/wp-content\/uploads\/2021\/10\/cropped-logo-psitwor-wektor-1.png","contentUrl":"https:\/\/psitwor.pl\/sklep\/wp-content\/uploads\/2021\/10\/cropped-logo-psitwor-wektor-1.png","width":277,"height":63,"caption":"Psitw\u00f3r"},"image":{"@id":"https:\/\/psitwor.pl\/sklep\/#\/schema\/logo\/image\/"},"sameAs":["https:\/\/www.facebook.com\/psitwor\/","https:\/\/www.instagram.com\/psitwor_pl\/"]}]}},"jetpack_sharing_enabled":true,"_links":{"self":[{"href":"https:\/\/psitwor.pl\/sklep\/index.php?rest_route=\/wp\/v2\/pages\/383","targetHints":{"allow":["GET"]}}],"collection":[{"href":"https:\/\/psitwor.pl\/sklep\/index.php?rest_route=\/wp\/v2\/pages"}],"about":[{"href":"https:\/\/psitwor.pl\/sklep\/index.php?rest_route=\/wp\/v2\/types\/page"}],"author":[{"embeddable":true,"href":"https:\/\/psitwor.pl\/sklep\/index.php?rest_route=\/wp\/v2\/users\/2"}],"replies":[{"embeddable":true,"href":"https:\/\/psitwor.pl\/sklep\/index.php?rest_route=%2Fwp%2Fv2%2Fcomments&post=383"}],"version-history":[{"count":4,"href":"https:\/\/psitwor.pl\/sklep\/index.php?rest_route=\/wp\/v2\/pages\/383\/revisions"}],"predecessor-version":[{"id":707,"href":"https:\/\/psitwor.pl\/sklep\/index.php?rest_route=\/wp\/v2\/pages\/383\/revisions\/707"}],"wp:attachment":[{"href":"https:\/\/psitwor.pl\/sklep\/index.php?rest_route=%2Fwp%2Fv2%2Fmedia&parent=383"}],"curies":[{"name":"wp","href":"https:\/\/api.w.org\/{rel}","templated":true}]}}