{"id":1590,"date":"2022-08-05T10:37:45","date_gmt":"2022-08-05T08:37:45","guid":{"rendered":"https:\/\/psitwor.pl\/sklep\/?post_type=product&#038;p=1590"},"modified":"2026-01-27T11:48:22","modified_gmt":"2026-01-27T10:48:22","slug":"bandama-chlodzaca-coolpets-s","status":"publish","type":"product","link":"https:\/\/psitwor.pl\/sklep\/?product=bandama-chlodzaca-coolpets-s","title":{"rendered":"Bandama ch\u0142odz\u0105ca CoolPets S"},"content":{"rendered":"","protected":false},"excerpt":{"rendered":"<p>Bandama COOL DOG \u200b\u200bod COOLPETS zosta\u0142a stworzona, aby zapewni\u0107 Twojemu pupilowi \u200b\u200bch\u0142\u00f3d w wysokich temperaturach.<\/p>\n<p>Jak to dzia\u0142a?<br \/>\nNamocz bandan\u0119 w wodzie, a nast\u0119pnie wyci\u015bnij wi\u0119kszo\u015b\u0107 wody. Wstrz\u0105\u015bnij bandan\u0105 2-3 razy, aby tlen natychmiast sch\u0142odzi\u0142 specjaln\u0105 tkanin\u0119 COOLPETS.<br \/>\nTw\u00f3j pies natychmiast odczuje ulg\u0119!<\/p>\n<p>Rozmiar S: 30 x 30 cm<\/p>\n","protected":false},"featured_media":1591,"template":"","meta":[],"product_brand":[],"product_cat":[23,49],"product_tag":[],"class_list":{"0":"post-1590","1":"product","2":"type-product","3":"status-publish","4":"has-post-thumbnail","6":"product_cat-akcesoria","7":"product_cat-outlet","9":"first","10":"outofstock","11":"sale","12":"shipping-taxable","13":"purchasable","14":"product-type-simple"},"yoast_head":"<!-- This site is optimized with the Yoast SEO plugin v27.5 - https:\/\/yoast.com\/product\/yoast-seo-wordpress\/ -->\n<title>Bandama ch\u0142odz\u0105ca CoolPets S - Psitw&oacute;r<\/title>\n<meta name=\"robots\" content=\"index, follow, max-snippet:-1, max-image-preview:large, max-video-preview:-1\" \/>\n<link rel=\"canonical\" href=\"https:\/\/psitwor.pl\/sklep\/?product=bandama-chlodzaca-coolpets-s\" \/>\n<meta property=\"og:locale\" content=\"pl_PL\" \/>\n<meta property=\"og:type\" content=\"article\" \/>\n<meta property=\"og:title\" content=\"Bandama ch\u0142odz\u0105ca CoolPets S - Psitw&oacute;r\" \/>\n<meta property=\"og:description\" content=\"Bandama COOL DOG \u200b\u200bod COOLPETS zosta\u0142a stworzona, aby zapewni\u0107 Twojemu pupilowi \u200b\u200bch\u0142\u00f3d w wysokich temperaturach.  Jak to dzia\u0142a? Namocz bandan\u0119 w wodzie, a nast\u0119pnie wyci\u015bnij wi\u0119kszo\u015b\u0107 wody. Wstrz\u0105\u015bnij bandan\u0105 2-3 razy, aby tlen natychmiast sch\u0142odzi\u0142 specjaln\u0105 tkanin\u0119 COOLPETS. Tw\u00f3j pies natychmiast odczuje ulg\u0119!  Rozmiar S: 30 x 30 cm\" \/>\n<meta property=\"og:url\" content=\"https:\/\/psitwor.pl\/sklep\/?product=bandama-chlodzaca-coolpets-s\" \/>\n<meta property=\"og:site_name\" content=\"Psitw&oacute;r\" \/>\n<meta property=\"article:publisher\" content=\"https:\/\/www.facebook.com\/psitwor\/\" \/>\n<meta property=\"article:modified_time\" content=\"2026-01-27T10:48:22+00:00\" \/>\n<meta property=\"og:image\" content=\"https:\/\/psitwor.pl\/sklep\/wp-content\/uploads\/2022\/08\/d5bf0604457dd967f6f87eb5e63bea73.jpeg\" \/>\n\t<meta property=\"og:image:width\" content=\"800\" \/>\n\t<meta property=\"og:image:height\" content=\"1025\" \/>\n\t<meta property=\"og:image:type\" content=\"image\/jpeg\" \/>\n<meta name=\"twitter:card\" content=\"summary_large_image\" \/>\n<meta name=\"twitter:label1\" content=\"Szacowany czas czytania\" \/>\n\t<meta name=\"twitter:data1\" content=\"1 minuta\" \/>\n<script type=\"application\/ld+json\" class=\"yoast-schema-graph\">{\"@context\":\"https:\\\/\\\/schema.org\",\"@graph\":[{\"@type\":\"WebPage\",\"@id\":\"https:\\\/\\\/psitwor.pl\\\/sklep\\\/?product=bandama-chlodzaca-coolpets-s\",\"url\":\"https:\\\/\\\/psitwor.pl\\\/sklep\\\/?product=bandama-chlodzaca-coolpets-s\",\"name\":\"Bandama ch\u0142odz\u0105ca CoolPets S - Psitw&oacute;r\",\"isPartOf\":{\"@id\":\"https:\\\/\\\/psitwor.pl\\\/sklep\\\/#website\"},\"primaryImageOfPage\":{\"@id\":\"https:\\\/\\\/psitwor.pl\\\/sklep\\\/?product=bandama-chlodzaca-coolpets-s#primaryimage\"},\"image\":{\"@id\":\"https:\\\/\\\/psitwor.pl\\\/sklep\\\/?product=bandama-chlodzaca-coolpets-s#primaryimage\"},\"thumbnailUrl\":\"https:\\\/\\\/psitwor.pl\\\/sklep\\\/wp-content\\\/uploads\\\/2022\\\/08\\\/d5bf0604457dd967f6f87eb5e63bea73.jpeg\",\"datePublished\":\"2022-08-05T08:37:45+00:00\",\"dateModified\":\"2026-01-27T10:48:22+00:00\",\"breadcrumb\":{\"@id\":\"https:\\\/\\\/psitwor.pl\\\/sklep\\\/?product=bandama-chlodzaca-coolpets-s#breadcrumb\"},\"inLanguage\":\"pl-PL\",\"potentialAction\":[{\"@type\":\"ReadAction\",\"target\":[\"https:\\\/\\\/psitwor.pl\\\/sklep\\\/?product=bandama-chlodzaca-coolpets-s\"]}]},{\"@type\":\"ImageObject\",\"inLanguage\":\"pl-PL\",\"@id\":\"https:\\\/\\\/psitwor.pl\\\/sklep\\\/?product=bandama-chlodzaca-coolpets-s#primaryimage\",\"url\":\"https:\\\/\\\/psitwor.pl\\\/sklep\\\/wp-content\\\/uploads\\\/2022\\\/08\\\/d5bf0604457dd967f6f87eb5e63bea73.jpeg\",\"contentUrl\":\"https:\\\/\\\/psitwor.pl\\\/sklep\\\/wp-content\\\/uploads\\\/2022\\\/08\\\/d5bf0604457dd967f6f87eb5e63bea73.jpeg\",\"width\":800,\"height\":1025},{\"@type\":\"BreadcrumbList\",\"@id\":\"https:\\\/\\\/psitwor.pl\\\/sklep\\\/?product=bandama-chlodzaca-coolpets-s#breadcrumb\",\"itemListElement\":[{\"@type\":\"ListItem\",\"position\":1,\"name\":\"Strona g\u0142\u00f3wna\",\"item\":\"https:\\\/\\\/psitwor.pl\\\/sklep\\\/\"},{\"@type\":\"ListItem\",\"position\":2,\"name\":\"Wszystkie produkty\",\"item\":\"https:\\\/\\\/psitwor.pl\\\/sklep\\\/?page_id=287\"},{\"@type\":\"ListItem\",\"position\":3,\"name\":\"Bandama ch\u0142odz\u0105ca CoolPets S\"}]},{\"@type\":\"WebSite\",\"@id\":\"https:\\\/\\\/psitwor.pl\\\/sklep\\\/#website\",\"url\":\"https:\\\/\\\/psitwor.pl\\\/sklep\\\/\",\"name\":\"Psitw&oacute;r\",\"description\":\"Kreatywne karmienie zwierz\u0105t\",\"publisher\":{\"@id\":\"https:\\\/\\\/psitwor.pl\\\/sklep\\\/#organization\"},\"potentialAction\":[{\"@type\":\"SearchAction\",\"target\":{\"@type\":\"EntryPoint\",\"urlTemplate\":\"https:\\\/\\\/psitwor.pl\\\/sklep\\\/?s={search_term_string}\"},\"query-input\":{\"@type\":\"PropertyValueSpecification\",\"valueRequired\":true,\"valueName\":\"search_term_string\"}}],\"inLanguage\":\"pl-PL\"},{\"@type\":\"Organization\",\"@id\":\"https:\\\/\\\/psitwor.pl\\\/sklep\\\/#organization\",\"name\":\"Psitw\u00f3r\",\"url\":\"https:\\\/\\\/psitwor.pl\\\/sklep\\\/\",\"logo\":{\"@type\":\"ImageObject\",\"inLanguage\":\"pl-PL\",\"@id\":\"https:\\\/\\\/psitwor.pl\\\/sklep\\\/#\\\/schema\\\/logo\\\/image\\\/\",\"url\":\"https:\\\/\\\/psitwor.pl\\\/sklep\\\/wp-content\\\/uploads\\\/2021\\\/10\\\/cropped-logo-psitwor-wektor-1.png\",\"contentUrl\":\"https:\\\/\\\/psitwor.pl\\\/sklep\\\/wp-content\\\/uploads\\\/2021\\\/10\\\/cropped-logo-psitwor-wektor-1.png\",\"width\":277,\"height\":63,\"caption\":\"Psitw\u00f3r\"},\"image\":{\"@id\":\"https:\\\/\\\/psitwor.pl\\\/sklep\\\/#\\\/schema\\\/logo\\\/image\\\/\"},\"sameAs\":[\"https:\\\/\\\/www.facebook.com\\\/psitwor\\\/\",\"https:\\\/\\\/www.instagram.com\\\/psitwor_pl\\\/\"]}]}<\/script>\n<!-- \/ Yoast SEO plugin. -->","yoast_head_json":{"title":"Bandama ch\u0142odz\u0105ca CoolPets S - Psitw&oacute;r","robots":{"index":"index","follow":"follow","max-snippet":"max-snippet:-1","max-image-preview":"max-image-preview:large","max-video-preview":"max-video-preview:-1"},"canonical":"https:\/\/psitwor.pl\/sklep\/?product=bandama-chlodzaca-coolpets-s","og_locale":"pl_PL","og_type":"article","og_title":"Bandama ch\u0142odz\u0105ca CoolPets S - Psitw&oacute;r","og_description":"Bandama COOL DOG \u200b\u200bod COOLPETS zosta\u0142a stworzona, aby zapewni\u0107 Twojemu pupilowi \u200b\u200bch\u0142\u00f3d w wysokich temperaturach.  Jak to dzia\u0142a? Namocz bandan\u0119 w wodzie, a nast\u0119pnie wyci\u015bnij wi\u0119kszo\u015b\u0107 wody. Wstrz\u0105\u015bnij bandan\u0105 2-3 razy, aby tlen natychmiast sch\u0142odzi\u0142 specjaln\u0105 tkanin\u0119 COOLPETS. Tw\u00f3j pies natychmiast odczuje ulg\u0119!  Rozmiar S: 30 x 30 cm","og_url":"https:\/\/psitwor.pl\/sklep\/?product=bandama-chlodzaca-coolpets-s","og_site_name":"Psitw&oacute;r","article_publisher":"https:\/\/www.facebook.com\/psitwor\/","article_modified_time":"2026-01-27T10:48:22+00:00","og_image":[{"width":800,"height":1025,"url":"https:\/\/psitwor.pl\/sklep\/wp-content\/uploads\/2022\/08\/d5bf0604457dd967f6f87eb5e63bea73.jpeg","type":"image\/jpeg"}],"twitter_card":"summary_large_image","twitter_misc":{"Szacowany czas czytania":"1 minuta"},"schema":{"@context":"https:\/\/schema.org","@graph":[{"@type":"WebPage","@id":"https:\/\/psitwor.pl\/sklep\/?product=bandama-chlodzaca-coolpets-s","url":"https:\/\/psitwor.pl\/sklep\/?product=bandama-chlodzaca-coolpets-s","name":"Bandama ch\u0142odz\u0105ca CoolPets S - Psitw&oacute;r","isPartOf":{"@id":"https:\/\/psitwor.pl\/sklep\/#website"},"primaryImageOfPage":{"@id":"https:\/\/psitwor.pl\/sklep\/?product=bandama-chlodzaca-coolpets-s#primaryimage"},"image":{"@id":"https:\/\/psitwor.pl\/sklep\/?product=bandama-chlodzaca-coolpets-s#primaryimage"},"thumbnailUrl":"https:\/\/psitwor.pl\/sklep\/wp-content\/uploads\/2022\/08\/d5bf0604457dd967f6f87eb5e63bea73.jpeg","datePublished":"2022-08-05T08:37:45+00:00","dateModified":"2026-01-27T10:48:22+00:00","breadcrumb":{"@id":"https:\/\/psitwor.pl\/sklep\/?product=bandama-chlodzaca-coolpets-s#breadcrumb"},"inLanguage":"pl-PL","potentialAction":[{"@type":"ReadAction","target":["https:\/\/psitwor.pl\/sklep\/?product=bandama-chlodzaca-coolpets-s"]}]},{"@type":"ImageObject","inLanguage":"pl-PL","@id":"https:\/\/psitwor.pl\/sklep\/?product=bandama-chlodzaca-coolpets-s#primaryimage","url":"https:\/\/psitwor.pl\/sklep\/wp-content\/uploads\/2022\/08\/d5bf0604457dd967f6f87eb5e63bea73.jpeg","contentUrl":"https:\/\/psitwor.pl\/sklep\/wp-content\/uploads\/2022\/08\/d5bf0604457dd967f6f87eb5e63bea73.jpeg","width":800,"height":1025},{"@type":"BreadcrumbList","@id":"https:\/\/psitwor.pl\/sklep\/?product=bandama-chlodzaca-coolpets-s#breadcrumb","itemListElement":[{"@type":"ListItem","position":1,"name":"Strona g\u0142\u00f3wna","item":"https:\/\/psitwor.pl\/sklep\/"},{"@type":"ListItem","position":2,"name":"Wszystkie produkty","item":"https:\/\/psitwor.pl\/sklep\/?page_id=287"},{"@type":"ListItem","position":3,"name":"Bandama ch\u0142odz\u0105ca CoolPets S"}]},{"@type":"WebSite","@id":"https:\/\/psitwor.pl\/sklep\/#website","url":"https:\/\/psitwor.pl\/sklep\/","name":"Psitw&oacute;r","description":"Kreatywne karmienie zwierz\u0105t","publisher":{"@id":"https:\/\/psitwor.pl\/sklep\/#organization"},"potentialAction":[{"@type":"SearchAction","target":{"@type":"EntryPoint","urlTemplate":"https:\/\/psitwor.pl\/sklep\/?s={search_term_string}"},"query-input":{"@type":"PropertyValueSpecification","valueRequired":true,"valueName":"search_term_string"}}],"inLanguage":"pl-PL"},{"@type":"Organization","@id":"https:\/\/psitwor.pl\/sklep\/#organization","name":"Psitw\u00f3r","url":"https:\/\/psitwor.pl\/sklep\/","logo":{"@type":"ImageObject","inLanguage":"pl-PL","@id":"https:\/\/psitwor.pl\/sklep\/#\/schema\/logo\/image\/","url":"https:\/\/psitwor.pl\/sklep\/wp-content\/uploads\/2021\/10\/cropped-logo-psitwor-wektor-1.png","contentUrl":"https:\/\/psitwor.pl\/sklep\/wp-content\/uploads\/2021\/10\/cropped-logo-psitwor-wektor-1.png","width":277,"height":63,"caption":"Psitw\u00f3r"},"image":{"@id":"https:\/\/psitwor.pl\/sklep\/#\/schema\/logo\/image\/"},"sameAs":["https:\/\/www.facebook.com\/psitwor\/","https:\/\/www.instagram.com\/psitwor_pl\/"]}]}},"jetpack_sharing_enabled":true,"_links":{"self":[{"href":"https:\/\/psitwor.pl\/sklep\/index.php?rest_route=\/wp\/v2\/product\/1590","targetHints":{"allow":["GET"]}}],"collection":[{"href":"https:\/\/psitwor.pl\/sklep\/index.php?rest_route=\/wp\/v2\/product"}],"about":[{"href":"https:\/\/psitwor.pl\/sklep\/index.php?rest_route=\/wp\/v2\/types\/product"}],"wp:featuredmedia":[{"embeddable":true,"href":"https:\/\/psitwor.pl\/sklep\/index.php?rest_route=\/wp\/v2\/media\/1591"}],"wp:attachment":[{"href":"https:\/\/psitwor.pl\/sklep\/index.php?rest_route=%2Fwp%2Fv2%2Fmedia&parent=1590"}],"wp:term":[{"taxonomy":"product_brand","embeddable":true,"href":"https:\/\/psitwor.pl\/sklep\/index.php?rest_route=%2Fwp%2Fv2%2Fproduct_brand&post=1590"},{"taxonomy":"product_cat","embeddable":true,"href":"https:\/\/psitwor.pl\/sklep\/index.php?rest_route=%2Fwp%2Fv2%2Fproduct_cat&post=1590"},{"taxonomy":"product_tag","embeddable":true,"href":"https:\/\/psitwor.pl\/sklep\/index.php?rest_route=%2Fwp%2Fv2%2Fproduct_tag&post=1590"}],"curies":[{"name":"wp","href":"https:\/\/api.w.org\/{rel}","templated":true}]}}