{"id":1881,"date":"2022-11-06T18:06:44","date_gmt":"2022-11-06T17:06:44","guid":{"rendered":"https:\/\/psitwor.pl\/sklep\/?post_type=product&#038;p=1881"},"modified":"2025-09-25T13:45:11","modified_gmt":"2025-09-25T11:45:11","slug":"pompon-wechowy","status":"publish","type":"product","link":"https:\/\/psitwor.pl\/sklep\/?product=pompon-wechowy","title":{"rendered":"Pompon w\u0119chowy"},"content":{"rendered":"<p>Dla utrudnienia mo\u017cna zawija\u0107 pojedyncze paski materia\u0142u ze smako\u0142ykiem w \u015brodku.<\/p>\n<p>Zabawki w\u0119chowe pozytywnie wp\u0142ywaj\u0105 na zwierz\u0119ta, uspokajaj\u0105, zwi\u0119kszaj\u0105 pewno\u015b\u0107 siebie, poprawiaj\u0105 motywacj\u0119 u niejadk\u00f3w, a tak\u017ce zwyczajnie zajmuj\u0105 na d\u0142u\u017csz\u0105 chwil\u0119.<\/p>\n<p>Pompon ma\u0142y &#8211; ok. 15 cm<br \/>\nPompon du\u017cy &#8211; ok. 22 cm<\/p>\n<p>Zabawka nie s\u0142u\u017cy do gryzienia, po sko\u0144czonym posi\u0142ku mo\u017cna zabra\u0107 pupilowi.<\/p>\n","protected":false},"excerpt":{"rendered":"<p>\u015awietna zabawka w\u0119chowa dla Twojego psa lub kota.<br \/>\nTo co\u015b pomi\u0119dzy mat\u0105 w\u0119chow\u0105 a kul\u0105. Troszk\u0119 trudniejszy od maty, bo wymaga obr\u00f3cenia, ale nie posiada tak g\u0142\u0119bokich kieszonek jak kula w\u0119chowa.<br \/>\nZajmuje ma\u0142o miejsca, \u0142atwy w transporcie.<\/p>\n","protected":false},"featured_media":1900,"template":"","meta":[],"product_brand":[],"product_cat":[48,15,21],"product_tag":[],"class_list":{"0":"post-1881","1":"product","2":"type-product","3":"status-publish","4":"has-post-thumbnail","6":"product_cat-psitwor","7":"product_cat-kule","8":"product_cat-maty","10":"first","11":"onbackorder","12":"shipping-taxable","13":"purchasable","14":"product-type-variable"},"yoast_head":"<!-- This site is optimized with the Yoast SEO plugin v23.1 - https:\/\/yoast.com\/wordpress\/plugins\/seo\/ -->\n<title>Pompon w\u0119chowy - Psitw&oacute;r<\/title>\n<meta name=\"robots\" content=\"index, follow, max-snippet:-1, max-image-preview:large, max-video-preview:-1\" \/>\n<link rel=\"canonical\" href=\"https:\/\/psitwor.pl\/sklep\/?product=pompon-wechowy\" \/>\n<meta property=\"og:locale\" content=\"pl_PL\" \/>\n<meta property=\"og:type\" content=\"article\" \/>\n<meta property=\"og:title\" content=\"Pompon w\u0119chowy - Psitw&oacute;r\" \/>\n<meta property=\"og:description\" content=\"\u015awietna zabawka w\u0119chowa dla Twojego psa lub kota. To co\u015b pomi\u0119dzy mat\u0105 w\u0119chow\u0105 a kul\u0105. Troszk\u0119 trudniejszy od maty, bo wymaga obr\u00f3cenia, ale nie posiada tak g\u0142\u0119bokich kieszonek jak kula w\u0119chowa. Zajmuje ma\u0142o miejsca, \u0142atwy w transporcie.\" \/>\n<meta property=\"og:url\" content=\"https:\/\/psitwor.pl\/sklep\/?product=pompon-wechowy\" \/>\n<meta property=\"og:site_name\" content=\"Psitw&oacute;r\" \/>\n<meta property=\"article:publisher\" content=\"https:\/\/www.facebook.com\/psitwor\/\" \/>\n<meta property=\"article:modified_time\" content=\"2025-09-25T11:45:11+00:00\" \/>\n<meta property=\"og:image\" content=\"https:\/\/psitwor.pl\/sklep\/wp-content\/uploads\/2022\/11\/2F180C2A-7C96-451E-BA19-6452D9C81BCF-scaled.jpg\" \/>\n\t<meta property=\"og:image:width\" content=\"2054\" \/>\n\t<meta property=\"og:image:height\" content=\"2560\" \/>\n\t<meta property=\"og:image:type\" content=\"image\/jpeg\" \/>\n<meta name=\"twitter:card\" content=\"summary_large_image\" \/>\n<meta name=\"twitter:label1\" content=\"Szacowany czas czytania\" \/>\n\t<meta name=\"twitter:data1\" content=\"1 minuta\" \/>\n<script type=\"application\/ld+json\" class=\"yoast-schema-graph\">{\"@context\":\"https:\/\/schema.org\",\"@graph\":[{\"@type\":\"WebPage\",\"@id\":\"https:\/\/psitwor.pl\/sklep\/?product=pompon-wechowy\",\"url\":\"https:\/\/psitwor.pl\/sklep\/?product=pompon-wechowy\",\"name\":\"Pompon w\u0119chowy - Psitw&oacute;r\",\"isPartOf\":{\"@id\":\"https:\/\/psitwor.pl\/sklep\/#website\"},\"primaryImageOfPage\":{\"@id\":\"https:\/\/psitwor.pl\/sklep\/?product=pompon-wechowy#primaryimage\"},\"image\":{\"@id\":\"https:\/\/psitwor.pl\/sklep\/?product=pompon-wechowy#primaryimage\"},\"thumbnailUrl\":\"https:\/\/psitwor.pl\/sklep\/wp-content\/uploads\/2022\/11\/2F180C2A-7C96-451E-BA19-6452D9C81BCF-scaled.jpg\",\"datePublished\":\"2022-11-06T17:06:44+00:00\",\"dateModified\":\"2025-09-25T11:45:11+00:00\",\"breadcrumb\":{\"@id\":\"https:\/\/psitwor.pl\/sklep\/?product=pompon-wechowy#breadcrumb\"},\"inLanguage\":\"pl-PL\",\"potentialAction\":[{\"@type\":\"ReadAction\",\"target\":[\"https:\/\/psitwor.pl\/sklep\/?product=pompon-wechowy\"]}]},{\"@type\":\"ImageObject\",\"inLanguage\":\"pl-PL\",\"@id\":\"https:\/\/psitwor.pl\/sklep\/?product=pompon-wechowy#primaryimage\",\"url\":\"https:\/\/psitwor.pl\/sklep\/wp-content\/uploads\/2022\/11\/2F180C2A-7C96-451E-BA19-6452D9C81BCF-scaled.jpg\",\"contentUrl\":\"https:\/\/psitwor.pl\/sklep\/wp-content\/uploads\/2022\/11\/2F180C2A-7C96-451E-BA19-6452D9C81BCF-scaled.jpg\",\"width\":2054,\"height\":2560},{\"@type\":\"BreadcrumbList\",\"@id\":\"https:\/\/psitwor.pl\/sklep\/?product=pompon-wechowy#breadcrumb\",\"itemListElement\":[{\"@type\":\"ListItem\",\"position\":1,\"name\":\"Strona g\u0142\u00f3wna\",\"item\":\"https:\/\/psitwor.pl\/sklep\/\"},{\"@type\":\"ListItem\",\"position\":2,\"name\":\"Wszystkie produkty\",\"item\":\"https:\/\/psitwor.pl\/sklep\/?page_id=287\"},{\"@type\":\"ListItem\",\"position\":3,\"name\":\"Pompon w\u0119chowy\"}]},{\"@type\":\"WebSite\",\"@id\":\"https:\/\/psitwor.pl\/sklep\/#website\",\"url\":\"https:\/\/psitwor.pl\/sklep\/\",\"name\":\"Psitw&oacute;r\",\"description\":\"Kreatywne karmienie zwierz\u0105t\",\"publisher\":{\"@id\":\"https:\/\/psitwor.pl\/sklep\/#organization\"},\"potentialAction\":[{\"@type\":\"SearchAction\",\"target\":{\"@type\":\"EntryPoint\",\"urlTemplate\":\"https:\/\/psitwor.pl\/sklep\/?s={search_term_string}\"},\"query-input\":\"required name=search_term_string\"}],\"inLanguage\":\"pl-PL\"},{\"@type\":\"Organization\",\"@id\":\"https:\/\/psitwor.pl\/sklep\/#organization\",\"name\":\"Psitw\u00f3r\",\"url\":\"https:\/\/psitwor.pl\/sklep\/\",\"logo\":{\"@type\":\"ImageObject\",\"inLanguage\":\"pl-PL\",\"@id\":\"https:\/\/psitwor.pl\/sklep\/#\/schema\/logo\/image\/\",\"url\":\"https:\/\/psitwor.pl\/sklep\/wp-content\/uploads\/2021\/10\/cropped-logo-psitwor-wektor-1.png\",\"contentUrl\":\"https:\/\/psitwor.pl\/sklep\/wp-content\/uploads\/2021\/10\/cropped-logo-psitwor-wektor-1.png\",\"width\":277,\"height\":63,\"caption\":\"Psitw\u00f3r\"},\"image\":{\"@id\":\"https:\/\/psitwor.pl\/sklep\/#\/schema\/logo\/image\/\"},\"sameAs\":[\"https:\/\/www.facebook.com\/psitwor\/\",\"https:\/\/www.instagram.com\/psitwor_pl\/\"]}]}<\/script>\n<!-- \/ Yoast SEO plugin. -->","yoast_head_json":{"title":"Pompon w\u0119chowy - Psitw&oacute;r","robots":{"index":"index","follow":"follow","max-snippet":"max-snippet:-1","max-image-preview":"max-image-preview:large","max-video-preview":"max-video-preview:-1"},"canonical":"https:\/\/psitwor.pl\/sklep\/?product=pompon-wechowy","og_locale":"pl_PL","og_type":"article","og_title":"Pompon w\u0119chowy - Psitw&oacute;r","og_description":"\u015awietna zabawka w\u0119chowa dla Twojego psa lub kota. To co\u015b pomi\u0119dzy mat\u0105 w\u0119chow\u0105 a kul\u0105. Troszk\u0119 trudniejszy od maty, bo wymaga obr\u00f3cenia, ale nie posiada tak g\u0142\u0119bokich kieszonek jak kula w\u0119chowa. Zajmuje ma\u0142o miejsca, \u0142atwy w transporcie.","og_url":"https:\/\/psitwor.pl\/sklep\/?product=pompon-wechowy","og_site_name":"Psitw&oacute;r","article_publisher":"https:\/\/www.facebook.com\/psitwor\/","article_modified_time":"2025-09-25T11:45:11+00:00","og_image":[{"width":2054,"height":2560,"url":"https:\/\/psitwor.pl\/sklep\/wp-content\/uploads\/2022\/11\/2F180C2A-7C96-451E-BA19-6452D9C81BCF-scaled.jpg","type":"image\/jpeg"}],"twitter_card":"summary_large_image","twitter_misc":{"Szacowany czas czytania":"1 minuta"},"schema":{"@context":"https:\/\/schema.org","@graph":[{"@type":"WebPage","@id":"https:\/\/psitwor.pl\/sklep\/?product=pompon-wechowy","url":"https:\/\/psitwor.pl\/sklep\/?product=pompon-wechowy","name":"Pompon w\u0119chowy - Psitw&oacute;r","isPartOf":{"@id":"https:\/\/psitwor.pl\/sklep\/#website"},"primaryImageOfPage":{"@id":"https:\/\/psitwor.pl\/sklep\/?product=pompon-wechowy#primaryimage"},"image":{"@id":"https:\/\/psitwor.pl\/sklep\/?product=pompon-wechowy#primaryimage"},"thumbnailUrl":"https:\/\/psitwor.pl\/sklep\/wp-content\/uploads\/2022\/11\/2F180C2A-7C96-451E-BA19-6452D9C81BCF-scaled.jpg","datePublished":"2022-11-06T17:06:44+00:00","dateModified":"2025-09-25T11:45:11+00:00","breadcrumb":{"@id":"https:\/\/psitwor.pl\/sklep\/?product=pompon-wechowy#breadcrumb"},"inLanguage":"pl-PL","potentialAction":[{"@type":"ReadAction","target":["https:\/\/psitwor.pl\/sklep\/?product=pompon-wechowy"]}]},{"@type":"ImageObject","inLanguage":"pl-PL","@id":"https:\/\/psitwor.pl\/sklep\/?product=pompon-wechowy#primaryimage","url":"https:\/\/psitwor.pl\/sklep\/wp-content\/uploads\/2022\/11\/2F180C2A-7C96-451E-BA19-6452D9C81BCF-scaled.jpg","contentUrl":"https:\/\/psitwor.pl\/sklep\/wp-content\/uploads\/2022\/11\/2F180C2A-7C96-451E-BA19-6452D9C81BCF-scaled.jpg","width":2054,"height":2560},{"@type":"BreadcrumbList","@id":"https:\/\/psitwor.pl\/sklep\/?product=pompon-wechowy#breadcrumb","itemListElement":[{"@type":"ListItem","position":1,"name":"Strona g\u0142\u00f3wna","item":"https:\/\/psitwor.pl\/sklep\/"},{"@type":"ListItem","position":2,"name":"Wszystkie produkty","item":"https:\/\/psitwor.pl\/sklep\/?page_id=287"},{"@type":"ListItem","position":3,"name":"Pompon w\u0119chowy"}]},{"@type":"WebSite","@id":"https:\/\/psitwor.pl\/sklep\/#website","url":"https:\/\/psitwor.pl\/sklep\/","name":"Psitw&oacute;r","description":"Kreatywne karmienie zwierz\u0105t","publisher":{"@id":"https:\/\/psitwor.pl\/sklep\/#organization"},"potentialAction":[{"@type":"SearchAction","target":{"@type":"EntryPoint","urlTemplate":"https:\/\/psitwor.pl\/sklep\/?s={search_term_string}"},"query-input":"required name=search_term_string"}],"inLanguage":"pl-PL"},{"@type":"Organization","@id":"https:\/\/psitwor.pl\/sklep\/#organization","name":"Psitw\u00f3r","url":"https:\/\/psitwor.pl\/sklep\/","logo":{"@type":"ImageObject","inLanguage":"pl-PL","@id":"https:\/\/psitwor.pl\/sklep\/#\/schema\/logo\/image\/","url":"https:\/\/psitwor.pl\/sklep\/wp-content\/uploads\/2021\/10\/cropped-logo-psitwor-wektor-1.png","contentUrl":"https:\/\/psitwor.pl\/sklep\/wp-content\/uploads\/2021\/10\/cropped-logo-psitwor-wektor-1.png","width":277,"height":63,"caption":"Psitw\u00f3r"},"image":{"@id":"https:\/\/psitwor.pl\/sklep\/#\/schema\/logo\/image\/"},"sameAs":["https:\/\/www.facebook.com\/psitwor\/","https:\/\/www.instagram.com\/psitwor_pl\/"]}]}},"jetpack_sharing_enabled":true,"_links":{"self":[{"href":"https:\/\/psitwor.pl\/sklep\/index.php?rest_route=\/wp\/v2\/product\/1881","targetHints":{"allow":["GET"]}}],"collection":[{"href":"https:\/\/psitwor.pl\/sklep\/index.php?rest_route=\/wp\/v2\/product"}],"about":[{"href":"https:\/\/psitwor.pl\/sklep\/index.php?rest_route=\/wp\/v2\/types\/product"}],"wp:featuredmedia":[{"embeddable":true,"href":"https:\/\/psitwor.pl\/sklep\/index.php?rest_route=\/wp\/v2\/media\/1900"}],"wp:attachment":[{"href":"https:\/\/psitwor.pl\/sklep\/index.php?rest_route=%2Fwp%2Fv2%2Fmedia&parent=1881"}],"wp:term":[{"taxonomy":"product_brand","embeddable":true,"href":"https:\/\/psitwor.pl\/sklep\/index.php?rest_route=%2Fwp%2Fv2%2Fproduct_brand&post=1881"},{"taxonomy":"product_cat","embeddable":true,"href":"https:\/\/psitwor.pl\/sklep\/index.php?rest_route=%2Fwp%2Fv2%2Fproduct_cat&post=1881"},{"taxonomy":"product_tag","embeddable":true,"href":"https:\/\/psitwor.pl\/sklep\/index.php?rest_route=%2Fwp%2Fv2%2Fproduct_tag&post=1881"}],"curies":[{"name":"wp","href":"https:\/\/api.w.org\/{rel}","templated":true}]}}