{"id":1964,"date":"2022-11-27T12:36:14","date_gmt":"2022-11-27T11:36:14","guid":{"rendered":"https:\/\/psitwor.pl\/sklep\/?post_type=product&#038;p=1964"},"modified":"2025-02-25T15:21:27","modified_gmt":"2025-02-25T14:21:27","slug":"szarpak-podwojny","status":"publish","type":"product","link":"https:\/\/psitwor.pl\/sklep\/?product=szarpak-podwojny","title":{"rendered":"Szarpak podw\u00f3jny"},"content":{"rendered":"","protected":false},"excerpt":{"rendered":"<p>W odpowiedzi na potrzeby klient\u00f3w stworzyli\u015bmy tak\u0105 wersj\u0119 szarpaka, kt\u00f3ra ma s\u0142u\u017cy\u0107 do zabawy dw\u00f3ch ps\u00f3w.<\/p>\n<p>Puszyste kolorowe futerko z obu stron, pomi\u0119dzy nimi mocny amortyzator \ud83d\ude42<br \/>\nD\u0142ugo\u015b\u0107 ca\u0142o\u015bci: 58cm<\/p>\n","protected":false},"featured_media":1998,"template":"","meta":[],"product_brand":[],"product_cat":[48,31],"product_tag":[],"class_list":{"0":"post-1964","1":"product","2":"type-product","3":"status-publish","4":"has-post-thumbnail","6":"product_cat-psitwor","7":"product_cat-zabawki","9":"first","10":"instock","11":"shipping-taxable","12":"purchasable","13":"product-type-variable"},"yoast_head":"<!-- This site is optimized with the Yoast SEO plugin v23.1 - https:\/\/yoast.com\/wordpress\/plugins\/seo\/ -->\n<title>Szarpak podw\u00f3jny - Psitw&oacute;r<\/title>\n<meta name=\"robots\" content=\"index, follow, max-snippet:-1, max-image-preview:large, max-video-preview:-1\" \/>\n<link rel=\"canonical\" href=\"https:\/\/psitwor.pl\/sklep\/?product=szarpak-podwojny\" \/>\n<meta property=\"og:locale\" content=\"pl_PL\" \/>\n<meta property=\"og:type\" content=\"article\" \/>\n<meta property=\"og:title\" content=\"Szarpak podw\u00f3jny - Psitw&oacute;r\" \/>\n<meta property=\"og:description\" content=\"W odpowiedzi na potrzeby klient\u00f3w stworzyli\u015bmy tak\u0105 wersj\u0119 szarpaka, kt\u00f3ra ma s\u0142u\u017cy\u0107 do zabawy dw\u00f3ch ps\u00f3w.  Puszyste kolorowe futerko z obu stron, pomi\u0119dzy nimi mocny amortyzator :) D\u0142ugo\u015b\u0107 ca\u0142o\u015bci: 58cm\" \/>\n<meta property=\"og:url\" content=\"https:\/\/psitwor.pl\/sklep\/?product=szarpak-podwojny\" \/>\n<meta property=\"og:site_name\" content=\"Psitw&oacute;r\" \/>\n<meta property=\"article:publisher\" content=\"https:\/\/www.facebook.com\/psitwor\/\" \/>\n<meta property=\"article:modified_time\" content=\"2025-02-25T14:21:27+00:00\" \/>\n<meta property=\"og:image\" content=\"https:\/\/psitwor.pl\/sklep\/wp-content\/uploads\/2022\/11\/image00002-mniejsze.png\" \/>\n\t<meta property=\"og:image:width\" content=\"401\" \/>\n\t<meta property=\"og:image:height\" content=\"500\" \/>\n\t<meta property=\"og:image:type\" content=\"image\/png\" \/>\n<meta name=\"twitter:card\" content=\"summary_large_image\" \/>\n<script type=\"application\/ld+json\" class=\"yoast-schema-graph\">{\"@context\":\"https:\/\/schema.org\",\"@graph\":[{\"@type\":\"WebPage\",\"@id\":\"https:\/\/psitwor.pl\/sklep\/?product=szarpak-podwojny\",\"url\":\"https:\/\/psitwor.pl\/sklep\/?product=szarpak-podwojny\",\"name\":\"Szarpak podw\u00f3jny - Psitw&oacute;r\",\"isPartOf\":{\"@id\":\"https:\/\/psitwor.pl\/sklep\/#website\"},\"primaryImageOfPage\":{\"@id\":\"https:\/\/psitwor.pl\/sklep\/?product=szarpak-podwojny#primaryimage\"},\"image\":{\"@id\":\"https:\/\/psitwor.pl\/sklep\/?product=szarpak-podwojny#primaryimage\"},\"thumbnailUrl\":\"https:\/\/psitwor.pl\/sklep\/wp-content\/uploads\/2022\/11\/image00002-mniejsze.png\",\"datePublished\":\"2022-11-27T11:36:14+00:00\",\"dateModified\":\"2025-02-25T14:21:27+00:00\",\"breadcrumb\":{\"@id\":\"https:\/\/psitwor.pl\/sklep\/?product=szarpak-podwojny#breadcrumb\"},\"inLanguage\":\"pl-PL\",\"potentialAction\":[{\"@type\":\"ReadAction\",\"target\":[\"https:\/\/psitwor.pl\/sklep\/?product=szarpak-podwojny\"]}]},{\"@type\":\"ImageObject\",\"inLanguage\":\"pl-PL\",\"@id\":\"https:\/\/psitwor.pl\/sklep\/?product=szarpak-podwojny#primaryimage\",\"url\":\"https:\/\/psitwor.pl\/sklep\/wp-content\/uploads\/2022\/11\/image00002-mniejsze.png\",\"contentUrl\":\"https:\/\/psitwor.pl\/sklep\/wp-content\/uploads\/2022\/11\/image00002-mniejsze.png\",\"width\":401,\"height\":500},{\"@type\":\"BreadcrumbList\",\"@id\":\"https:\/\/psitwor.pl\/sklep\/?product=szarpak-podwojny#breadcrumb\",\"itemListElement\":[{\"@type\":\"ListItem\",\"position\":1,\"name\":\"Strona g\u0142\u00f3wna\",\"item\":\"https:\/\/psitwor.pl\/sklep\/\"},{\"@type\":\"ListItem\",\"position\":2,\"name\":\"Wszystkie produkty\",\"item\":\"https:\/\/psitwor.pl\/sklep\/?page_id=287\"},{\"@type\":\"ListItem\",\"position\":3,\"name\":\"Szarpak podw\u00f3jny\"}]},{\"@type\":\"WebSite\",\"@id\":\"https:\/\/psitwor.pl\/sklep\/#website\",\"url\":\"https:\/\/psitwor.pl\/sklep\/\",\"name\":\"Psitw&oacute;r\",\"description\":\"Kreatywne karmienie zwierz\u0105t\",\"publisher\":{\"@id\":\"https:\/\/psitwor.pl\/sklep\/#organization\"},\"potentialAction\":[{\"@type\":\"SearchAction\",\"target\":{\"@type\":\"EntryPoint\",\"urlTemplate\":\"https:\/\/psitwor.pl\/sklep\/?s={search_term_string}\"},\"query-input\":\"required name=search_term_string\"}],\"inLanguage\":\"pl-PL\"},{\"@type\":\"Organization\",\"@id\":\"https:\/\/psitwor.pl\/sklep\/#organization\",\"name\":\"Psitw\u00f3r\",\"url\":\"https:\/\/psitwor.pl\/sklep\/\",\"logo\":{\"@type\":\"ImageObject\",\"inLanguage\":\"pl-PL\",\"@id\":\"https:\/\/psitwor.pl\/sklep\/#\/schema\/logo\/image\/\",\"url\":\"https:\/\/psitwor.pl\/sklep\/wp-content\/uploads\/2021\/10\/cropped-logo-psitwor-wektor-1.png\",\"contentUrl\":\"https:\/\/psitwor.pl\/sklep\/wp-content\/uploads\/2021\/10\/cropped-logo-psitwor-wektor-1.png\",\"width\":277,\"height\":63,\"caption\":\"Psitw\u00f3r\"},\"image\":{\"@id\":\"https:\/\/psitwor.pl\/sklep\/#\/schema\/logo\/image\/\"},\"sameAs\":[\"https:\/\/www.facebook.com\/psitwor\/\",\"https:\/\/www.instagram.com\/psitwor_pl\/\"]}]}<\/script>\n<!-- \/ Yoast SEO plugin. -->","yoast_head_json":{"title":"Szarpak podw\u00f3jny - Psitw&oacute;r","robots":{"index":"index","follow":"follow","max-snippet":"max-snippet:-1","max-image-preview":"max-image-preview:large","max-video-preview":"max-video-preview:-1"},"canonical":"https:\/\/psitwor.pl\/sklep\/?product=szarpak-podwojny","og_locale":"pl_PL","og_type":"article","og_title":"Szarpak podw\u00f3jny - Psitw&oacute;r","og_description":"W odpowiedzi na potrzeby klient\u00f3w stworzyli\u015bmy tak\u0105 wersj\u0119 szarpaka, kt\u00f3ra ma s\u0142u\u017cy\u0107 do zabawy dw\u00f3ch ps\u00f3w.  Puszyste kolorowe futerko z obu stron, pomi\u0119dzy nimi mocny amortyzator :) D\u0142ugo\u015b\u0107 ca\u0142o\u015bci: 58cm","og_url":"https:\/\/psitwor.pl\/sklep\/?product=szarpak-podwojny","og_site_name":"Psitw&oacute;r","article_publisher":"https:\/\/www.facebook.com\/psitwor\/","article_modified_time":"2025-02-25T14:21:27+00:00","og_image":[{"width":401,"height":500,"url":"https:\/\/psitwor.pl\/sklep\/wp-content\/uploads\/2022\/11\/image00002-mniejsze.png","type":"image\/png"}],"twitter_card":"summary_large_image","schema":{"@context":"https:\/\/schema.org","@graph":[{"@type":"WebPage","@id":"https:\/\/psitwor.pl\/sklep\/?product=szarpak-podwojny","url":"https:\/\/psitwor.pl\/sklep\/?product=szarpak-podwojny","name":"Szarpak podw\u00f3jny - Psitw&oacute;r","isPartOf":{"@id":"https:\/\/psitwor.pl\/sklep\/#website"},"primaryImageOfPage":{"@id":"https:\/\/psitwor.pl\/sklep\/?product=szarpak-podwojny#primaryimage"},"image":{"@id":"https:\/\/psitwor.pl\/sklep\/?product=szarpak-podwojny#primaryimage"},"thumbnailUrl":"https:\/\/psitwor.pl\/sklep\/wp-content\/uploads\/2022\/11\/image00002-mniejsze.png","datePublished":"2022-11-27T11:36:14+00:00","dateModified":"2025-02-25T14:21:27+00:00","breadcrumb":{"@id":"https:\/\/psitwor.pl\/sklep\/?product=szarpak-podwojny#breadcrumb"},"inLanguage":"pl-PL","potentialAction":[{"@type":"ReadAction","target":["https:\/\/psitwor.pl\/sklep\/?product=szarpak-podwojny"]}]},{"@type":"ImageObject","inLanguage":"pl-PL","@id":"https:\/\/psitwor.pl\/sklep\/?product=szarpak-podwojny#primaryimage","url":"https:\/\/psitwor.pl\/sklep\/wp-content\/uploads\/2022\/11\/image00002-mniejsze.png","contentUrl":"https:\/\/psitwor.pl\/sklep\/wp-content\/uploads\/2022\/11\/image00002-mniejsze.png","width":401,"height":500},{"@type":"BreadcrumbList","@id":"https:\/\/psitwor.pl\/sklep\/?product=szarpak-podwojny#breadcrumb","itemListElement":[{"@type":"ListItem","position":1,"name":"Strona g\u0142\u00f3wna","item":"https:\/\/psitwor.pl\/sklep\/"},{"@type":"ListItem","position":2,"name":"Wszystkie produkty","item":"https:\/\/psitwor.pl\/sklep\/?page_id=287"},{"@type":"ListItem","position":3,"name":"Szarpak podw\u00f3jny"}]},{"@type":"WebSite","@id":"https:\/\/psitwor.pl\/sklep\/#website","url":"https:\/\/psitwor.pl\/sklep\/","name":"Psitw&oacute;r","description":"Kreatywne karmienie zwierz\u0105t","publisher":{"@id":"https:\/\/psitwor.pl\/sklep\/#organization"},"potentialAction":[{"@type":"SearchAction","target":{"@type":"EntryPoint","urlTemplate":"https:\/\/psitwor.pl\/sklep\/?s={search_term_string}"},"query-input":"required name=search_term_string"}],"inLanguage":"pl-PL"},{"@type":"Organization","@id":"https:\/\/psitwor.pl\/sklep\/#organization","name":"Psitw\u00f3r","url":"https:\/\/psitwor.pl\/sklep\/","logo":{"@type":"ImageObject","inLanguage":"pl-PL","@id":"https:\/\/psitwor.pl\/sklep\/#\/schema\/logo\/image\/","url":"https:\/\/psitwor.pl\/sklep\/wp-content\/uploads\/2021\/10\/cropped-logo-psitwor-wektor-1.png","contentUrl":"https:\/\/psitwor.pl\/sklep\/wp-content\/uploads\/2021\/10\/cropped-logo-psitwor-wektor-1.png","width":277,"height":63,"caption":"Psitw\u00f3r"},"image":{"@id":"https:\/\/psitwor.pl\/sklep\/#\/schema\/logo\/image\/"},"sameAs":["https:\/\/www.facebook.com\/psitwor\/","https:\/\/www.instagram.com\/psitwor_pl\/"]}]}},"jetpack_sharing_enabled":true,"_links":{"self":[{"href":"https:\/\/psitwor.pl\/sklep\/index.php?rest_route=\/wp\/v2\/product\/1964","targetHints":{"allow":["GET"]}}],"collection":[{"href":"https:\/\/psitwor.pl\/sklep\/index.php?rest_route=\/wp\/v2\/product"}],"about":[{"href":"https:\/\/psitwor.pl\/sklep\/index.php?rest_route=\/wp\/v2\/types\/product"}],"wp:featuredmedia":[{"embeddable":true,"href":"https:\/\/psitwor.pl\/sklep\/index.php?rest_route=\/wp\/v2\/media\/1998"}],"wp:attachment":[{"href":"https:\/\/psitwor.pl\/sklep\/index.php?rest_route=%2Fwp%2Fv2%2Fmedia&parent=1964"}],"wp:term":[{"taxonomy":"product_brand","embeddable":true,"href":"https:\/\/psitwor.pl\/sklep\/index.php?rest_route=%2Fwp%2Fv2%2Fproduct_brand&post=1964"},{"taxonomy":"product_cat","embeddable":true,"href":"https:\/\/psitwor.pl\/sklep\/index.php?rest_route=%2Fwp%2Fv2%2Fproduct_cat&post=1964"},{"taxonomy":"product_tag","embeddable":true,"href":"https:\/\/psitwor.pl\/sklep\/index.php?rest_route=%2Fwp%2Fv2%2Fproduct_tag&post=1964"}],"curies":[{"name":"wp","href":"https:\/\/api.w.org\/{rel}","templated":true}]}}