{"id":2091,"date":"2022-12-12T18:33:19","date_gmt":"2022-12-12T17:33:19","guid":{"rendered":"https:\/\/psitwor.pl\/sklep\/?post_type=product&#038;p=2091"},"modified":"2025-12-13T18:05:06","modified_gmt":"2025-12-13T17:05:06","slug":"mata-wechowa-mini-tecza","status":"publish","type":"product","link":"https:\/\/psitwor.pl\/sklep\/?product=mata-wechowa-mini-tecza","title":{"rendered":"Mata w\u0119chowa MINI T\u0118CZA"},"content":{"rendered":"<p>Mata uszyta z grubego polaru. Podstawa z wodoodpornej kodury i usztywnienia. Od spodu posiada antypo\u015blizgowe kropeczki.<br \/>\nNic nie wypada do\u0142em.<\/p>\n<p>Maty w\u0119chowe pozytywnie wp\u0142ywaj\u0105 na zwierz\u0119ta, uspokajaj\u0105, zwi\u0119kszaj\u0105 pewno\u015b\u0107 siebie, poprawiaj\u0105 motywacj\u0119 u niejadk\u00f3w, a tak\u017ce zwyczajnie zajmuj\u0105 na d\u0142u\u017csz\u0105 chwil\u0119.<br \/>\nJe\u015bli pies bardzo polubi mat\u0119, mo\u017cna podawa\u0107 w niej karm\u0119 codziennie. Spowalnia jedzenie przez te zwierzaki, kt\u00f3re zbyt szybko poch\u0142aniaj\u0105 z miski.<\/p>\n","protected":false},"excerpt":{"rendered":"<p>Mata szyta mocnymi ni\u0107mi, mo\u017cna pra\u0107 j\u0105 w pralce.<br \/>\nDla ma\u0142ego pieska. Wymiary przybli\u017cone &#8211; 42x17cm<\/p>\n","protected":false},"featured_media":2134,"template":"","meta":[],"product_brand":[],"product_cat":[48,21],"product_tag":[],"class_list":{"0":"post-2091","1":"product","2":"type-product","3":"status-publish","4":"has-post-thumbnail","6":"product_cat-psitwor","7":"product_cat-maty","9":"first","10":"onbackorder","11":"shipping-taxable","12":"purchasable","13":"product-type-simple"},"yoast_head":"<!-- This site is optimized with the Yoast SEO plugin v23.1 - https:\/\/yoast.com\/wordpress\/plugins\/seo\/ -->\n<title>Mata w\u0119chowa MINI T\u0118CZA - Psitw&oacute;r<\/title>\n<meta name=\"robots\" content=\"index, follow, max-snippet:-1, max-image-preview:large, max-video-preview:-1\" \/>\n<link rel=\"canonical\" href=\"https:\/\/psitwor.pl\/sklep\/?product=mata-wechowa-mini-tecza\" \/>\n<meta property=\"og:locale\" content=\"pl_PL\" \/>\n<meta property=\"og:type\" content=\"article\" \/>\n<meta property=\"og:title\" content=\"Mata w\u0119chowa MINI T\u0118CZA - Psitw&oacute;r\" \/>\n<meta property=\"og:description\" content=\"Mata szyta mocnymi ni\u0107mi, mo\u017cna pra\u0107 j\u0105 w pralce. Dla ma\u0142ego pieska. Wymiary przybli\u017cone - 42x17cm\" \/>\n<meta property=\"og:url\" content=\"https:\/\/psitwor.pl\/sklep\/?product=mata-wechowa-mini-tecza\" \/>\n<meta property=\"og:site_name\" content=\"Psitw&oacute;r\" \/>\n<meta property=\"article:publisher\" content=\"https:\/\/www.facebook.com\/psitwor\/\" \/>\n<meta property=\"article:modified_time\" content=\"2025-12-13T17:05:06+00:00\" \/>\n<meta property=\"og:image\" content=\"https:\/\/psitwor.pl\/sklep\/wp-content\/uploads\/2022\/12\/mini-tecza-scaled.jpg\" \/>\n\t<meta property=\"og:image:width\" content=\"2560\" \/>\n\t<meta property=\"og:image:height\" content=\"2551\" \/>\n\t<meta property=\"og:image:type\" content=\"image\/jpeg\" \/>\n<meta name=\"twitter:card\" content=\"summary_large_image\" \/>\n<meta name=\"twitter:label1\" content=\"Szacowany czas czytania\" \/>\n\t<meta name=\"twitter:data1\" content=\"1 minuta\" \/>\n<script type=\"application\/ld+json\" class=\"yoast-schema-graph\">{\"@context\":\"https:\/\/schema.org\",\"@graph\":[{\"@type\":\"WebPage\",\"@id\":\"https:\/\/psitwor.pl\/sklep\/?product=mata-wechowa-mini-tecza\",\"url\":\"https:\/\/psitwor.pl\/sklep\/?product=mata-wechowa-mini-tecza\",\"name\":\"Mata w\u0119chowa MINI T\u0118CZA - Psitw&oacute;r\",\"isPartOf\":{\"@id\":\"https:\/\/psitwor.pl\/sklep\/#website\"},\"primaryImageOfPage\":{\"@id\":\"https:\/\/psitwor.pl\/sklep\/?product=mata-wechowa-mini-tecza#primaryimage\"},\"image\":{\"@id\":\"https:\/\/psitwor.pl\/sklep\/?product=mata-wechowa-mini-tecza#primaryimage\"},\"thumbnailUrl\":\"https:\/\/psitwor.pl\/sklep\/wp-content\/uploads\/2022\/12\/mini-tecza-scaled.jpg\",\"datePublished\":\"2022-12-12T17:33:19+00:00\",\"dateModified\":\"2025-12-13T17:05:06+00:00\",\"breadcrumb\":{\"@id\":\"https:\/\/psitwor.pl\/sklep\/?product=mata-wechowa-mini-tecza#breadcrumb\"},\"inLanguage\":\"pl-PL\",\"potentialAction\":[{\"@type\":\"ReadAction\",\"target\":[\"https:\/\/psitwor.pl\/sklep\/?product=mata-wechowa-mini-tecza\"]}]},{\"@type\":\"ImageObject\",\"inLanguage\":\"pl-PL\",\"@id\":\"https:\/\/psitwor.pl\/sklep\/?product=mata-wechowa-mini-tecza#primaryimage\",\"url\":\"https:\/\/psitwor.pl\/sklep\/wp-content\/uploads\/2022\/12\/mini-tecza-scaled.jpg\",\"contentUrl\":\"https:\/\/psitwor.pl\/sklep\/wp-content\/uploads\/2022\/12\/mini-tecza-scaled.jpg\",\"width\":2560,\"height\":2551,\"caption\":\"Processed with VSCO with g6 preset\"},{\"@type\":\"BreadcrumbList\",\"@id\":\"https:\/\/psitwor.pl\/sklep\/?product=mata-wechowa-mini-tecza#breadcrumb\",\"itemListElement\":[{\"@type\":\"ListItem\",\"position\":1,\"name\":\"Strona g\u0142\u00f3wna\",\"item\":\"https:\/\/psitwor.pl\/sklep\/\"},{\"@type\":\"ListItem\",\"position\":2,\"name\":\"Wszystkie produkty\",\"item\":\"https:\/\/psitwor.pl\/sklep\/?page_id=287\"},{\"@type\":\"ListItem\",\"position\":3,\"name\":\"Mata w\u0119chowa MINI T\u0118CZA\"}]},{\"@type\":\"WebSite\",\"@id\":\"https:\/\/psitwor.pl\/sklep\/#website\",\"url\":\"https:\/\/psitwor.pl\/sklep\/\",\"name\":\"Psitw&oacute;r\",\"description\":\"Kreatywne karmienie zwierz\u0105t\",\"publisher\":{\"@id\":\"https:\/\/psitwor.pl\/sklep\/#organization\"},\"potentialAction\":[{\"@type\":\"SearchAction\",\"target\":{\"@type\":\"EntryPoint\",\"urlTemplate\":\"https:\/\/psitwor.pl\/sklep\/?s={search_term_string}\"},\"query-input\":\"required name=search_term_string\"}],\"inLanguage\":\"pl-PL\"},{\"@type\":\"Organization\",\"@id\":\"https:\/\/psitwor.pl\/sklep\/#organization\",\"name\":\"Psitw\u00f3r\",\"url\":\"https:\/\/psitwor.pl\/sklep\/\",\"logo\":{\"@type\":\"ImageObject\",\"inLanguage\":\"pl-PL\",\"@id\":\"https:\/\/psitwor.pl\/sklep\/#\/schema\/logo\/image\/\",\"url\":\"https:\/\/psitwor.pl\/sklep\/wp-content\/uploads\/2021\/10\/cropped-logo-psitwor-wektor-1.png\",\"contentUrl\":\"https:\/\/psitwor.pl\/sklep\/wp-content\/uploads\/2021\/10\/cropped-logo-psitwor-wektor-1.png\",\"width\":277,\"height\":63,\"caption\":\"Psitw\u00f3r\"},\"image\":{\"@id\":\"https:\/\/psitwor.pl\/sklep\/#\/schema\/logo\/image\/\"},\"sameAs\":[\"https:\/\/www.facebook.com\/psitwor\/\",\"https:\/\/www.instagram.com\/psitwor_pl\/\"]}]}<\/script>\n<!-- \/ Yoast SEO plugin. -->","yoast_head_json":{"title":"Mata w\u0119chowa MINI T\u0118CZA - Psitw&oacute;r","robots":{"index":"index","follow":"follow","max-snippet":"max-snippet:-1","max-image-preview":"max-image-preview:large","max-video-preview":"max-video-preview:-1"},"canonical":"https:\/\/psitwor.pl\/sklep\/?product=mata-wechowa-mini-tecza","og_locale":"pl_PL","og_type":"article","og_title":"Mata w\u0119chowa MINI T\u0118CZA - Psitw&oacute;r","og_description":"Mata szyta mocnymi ni\u0107mi, mo\u017cna pra\u0107 j\u0105 w pralce. Dla ma\u0142ego pieska. Wymiary przybli\u017cone - 42x17cm","og_url":"https:\/\/psitwor.pl\/sklep\/?product=mata-wechowa-mini-tecza","og_site_name":"Psitw&oacute;r","article_publisher":"https:\/\/www.facebook.com\/psitwor\/","article_modified_time":"2025-12-13T17:05:06+00:00","og_image":[{"width":2560,"height":2551,"url":"https:\/\/psitwor.pl\/sklep\/wp-content\/uploads\/2022\/12\/mini-tecza-scaled.jpg","type":"image\/jpeg"}],"twitter_card":"summary_large_image","twitter_misc":{"Szacowany czas czytania":"1 minuta"},"schema":{"@context":"https:\/\/schema.org","@graph":[{"@type":"WebPage","@id":"https:\/\/psitwor.pl\/sklep\/?product=mata-wechowa-mini-tecza","url":"https:\/\/psitwor.pl\/sklep\/?product=mata-wechowa-mini-tecza","name":"Mata w\u0119chowa MINI T\u0118CZA - Psitw&oacute;r","isPartOf":{"@id":"https:\/\/psitwor.pl\/sklep\/#website"},"primaryImageOfPage":{"@id":"https:\/\/psitwor.pl\/sklep\/?product=mata-wechowa-mini-tecza#primaryimage"},"image":{"@id":"https:\/\/psitwor.pl\/sklep\/?product=mata-wechowa-mini-tecza#primaryimage"},"thumbnailUrl":"https:\/\/psitwor.pl\/sklep\/wp-content\/uploads\/2022\/12\/mini-tecza-scaled.jpg","datePublished":"2022-12-12T17:33:19+00:00","dateModified":"2025-12-13T17:05:06+00:00","breadcrumb":{"@id":"https:\/\/psitwor.pl\/sklep\/?product=mata-wechowa-mini-tecza#breadcrumb"},"inLanguage":"pl-PL","potentialAction":[{"@type":"ReadAction","target":["https:\/\/psitwor.pl\/sklep\/?product=mata-wechowa-mini-tecza"]}]},{"@type":"ImageObject","inLanguage":"pl-PL","@id":"https:\/\/psitwor.pl\/sklep\/?product=mata-wechowa-mini-tecza#primaryimage","url":"https:\/\/psitwor.pl\/sklep\/wp-content\/uploads\/2022\/12\/mini-tecza-scaled.jpg","contentUrl":"https:\/\/psitwor.pl\/sklep\/wp-content\/uploads\/2022\/12\/mini-tecza-scaled.jpg","width":2560,"height":2551,"caption":"Processed with VSCO with g6 preset"},{"@type":"BreadcrumbList","@id":"https:\/\/psitwor.pl\/sklep\/?product=mata-wechowa-mini-tecza#breadcrumb","itemListElement":[{"@type":"ListItem","position":1,"name":"Strona g\u0142\u00f3wna","item":"https:\/\/psitwor.pl\/sklep\/"},{"@type":"ListItem","position":2,"name":"Wszystkie produkty","item":"https:\/\/psitwor.pl\/sklep\/?page_id=287"},{"@type":"ListItem","position":3,"name":"Mata w\u0119chowa MINI T\u0118CZA"}]},{"@type":"WebSite","@id":"https:\/\/psitwor.pl\/sklep\/#website","url":"https:\/\/psitwor.pl\/sklep\/","name":"Psitw&oacute;r","description":"Kreatywne karmienie zwierz\u0105t","publisher":{"@id":"https:\/\/psitwor.pl\/sklep\/#organization"},"potentialAction":[{"@type":"SearchAction","target":{"@type":"EntryPoint","urlTemplate":"https:\/\/psitwor.pl\/sklep\/?s={search_term_string}"},"query-input":"required name=search_term_string"}],"inLanguage":"pl-PL"},{"@type":"Organization","@id":"https:\/\/psitwor.pl\/sklep\/#organization","name":"Psitw\u00f3r","url":"https:\/\/psitwor.pl\/sklep\/","logo":{"@type":"ImageObject","inLanguage":"pl-PL","@id":"https:\/\/psitwor.pl\/sklep\/#\/schema\/logo\/image\/","url":"https:\/\/psitwor.pl\/sklep\/wp-content\/uploads\/2021\/10\/cropped-logo-psitwor-wektor-1.png","contentUrl":"https:\/\/psitwor.pl\/sklep\/wp-content\/uploads\/2021\/10\/cropped-logo-psitwor-wektor-1.png","width":277,"height":63,"caption":"Psitw\u00f3r"},"image":{"@id":"https:\/\/psitwor.pl\/sklep\/#\/schema\/logo\/image\/"},"sameAs":["https:\/\/www.facebook.com\/psitwor\/","https:\/\/www.instagram.com\/psitwor_pl\/"]}]}},"jetpack_sharing_enabled":true,"_links":{"self":[{"href":"https:\/\/psitwor.pl\/sklep\/index.php?rest_route=\/wp\/v2\/product\/2091","targetHints":{"allow":["GET"]}}],"collection":[{"href":"https:\/\/psitwor.pl\/sklep\/index.php?rest_route=\/wp\/v2\/product"}],"about":[{"href":"https:\/\/psitwor.pl\/sklep\/index.php?rest_route=\/wp\/v2\/types\/product"}],"wp:featuredmedia":[{"embeddable":true,"href":"https:\/\/psitwor.pl\/sklep\/index.php?rest_route=\/wp\/v2\/media\/2134"}],"wp:attachment":[{"href":"https:\/\/psitwor.pl\/sklep\/index.php?rest_route=%2Fwp%2Fv2%2Fmedia&parent=2091"}],"wp:term":[{"taxonomy":"product_brand","embeddable":true,"href":"https:\/\/psitwor.pl\/sklep\/index.php?rest_route=%2Fwp%2Fv2%2Fproduct_brand&post=2091"},{"taxonomy":"product_cat","embeddable":true,"href":"https:\/\/psitwor.pl\/sklep\/index.php?rest_route=%2Fwp%2Fv2%2Fproduct_cat&post=2091"},{"taxonomy":"product_tag","embeddable":true,"href":"https:\/\/psitwor.pl\/sklep\/index.php?rest_route=%2Fwp%2Fv2%2Fproduct_tag&post=2091"}],"curies":[{"name":"wp","href":"https:\/\/api.w.org\/{rel}","templated":true}]}}