{"id":2266,"date":"2023-02-05T12:18:06","date_gmt":"2023-02-05T11:18:06","guid":{"rendered":"https:\/\/psitwor.pl\/sklep\/?post_type=product&#038;p=2266"},"modified":"2024-11-25T16:21:45","modified_gmt":"2024-11-25T15:21:45","slug":"kubek-z-maka-i-glutenem","status":"publish","type":"product","link":"https:\/\/psitwor.pl\/sklep\/?product=kubek-z-maka-i-glutenem","title":{"rendered":"Kubek z M\u0105k\u0105 i Glutenem"},"content":{"rendered":"","protected":false},"excerpt":{"rendered":"<p>EDYCJA WALENTYNKOWA. Kubek z M\u0105k\u0105 i Glutenem z napisem: Lubi\u0119 Ci\u0119 jak M\u0105ka Gluten<\/p>\n<p>Pojemno\u015b\u0107: 300ml<br \/>\nNadruk z dw\u00f3ch stron.<\/p>\n<p>Nie wiesz kim jest Gluten? Zapraszamy <a href=\"https:\/\/www.instagram.com\/gluten_z_biszkopta\/\">tutaj.<\/a><\/p>\n","protected":false},"featured_media":2272,"template":"","meta":[],"product_brand":[],"product_cat":[23],"product_tag":[],"class_list":{"0":"post-2266","1":"product","2":"type-product","3":"status-publish","4":"has-post-thumbnail","6":"product_cat-akcesoria","8":"first","9":"instock","10":"shipping-taxable","11":"purchasable","12":"product-type-simple"},"yoast_head":"<!-- This site is optimized with the Yoast SEO plugin v27.5 - https:\/\/yoast.com\/product\/yoast-seo-wordpress\/ -->\n<title>Kubek z M\u0105k\u0105 i Glutenem - Psitw&oacute;r<\/title>\n<meta name=\"robots\" content=\"index, follow, max-snippet:-1, max-image-preview:large, max-video-preview:-1\" \/>\n<link rel=\"canonical\" href=\"https:\/\/psitwor.pl\/sklep\/?product=kubek-z-maka-i-glutenem\" \/>\n<meta property=\"og:locale\" content=\"pl_PL\" \/>\n<meta property=\"og:type\" content=\"article\" \/>\n<meta property=\"og:title\" content=\"Kubek z M\u0105k\u0105 i Glutenem - Psitw&oacute;r\" \/>\n<meta property=\"og:description\" content=\"EDYCJA WALENTYNKOWA. Kubek z M\u0105k\u0105 i Glutenem z napisem: Lubi\u0119 Ci\u0119 jak M\u0105ka Gluten  Pojemno\u015b\u0107: 300ml Nadruk z dw\u00f3ch stron.  Nie wiesz kim jest Gluten? Zapraszamy tutaj.\" \/>\n<meta property=\"og:url\" content=\"https:\/\/psitwor.pl\/sklep\/?product=kubek-z-maka-i-glutenem\" \/>\n<meta property=\"og:site_name\" content=\"Psitw&oacute;r\" \/>\n<meta property=\"article:publisher\" content=\"https:\/\/www.facebook.com\/psitwor\/\" \/>\n<meta property=\"article:modified_time\" content=\"2024-11-25T15:21:45+00:00\" \/>\n<meta property=\"og:image\" content=\"https:\/\/psitwor.pl\/sklep\/wp-content\/uploads\/2023\/02\/49F6B10B-097D-4BC2-9BAE-CF05A262331A-1-scaled.jpg\" \/>\n\t<meta property=\"og:image:width\" content=\"2055\" \/>\n\t<meta property=\"og:image:height\" content=\"2560\" \/>\n\t<meta property=\"og:image:type\" content=\"image\/jpeg\" \/>\n<meta name=\"twitter:card\" content=\"summary_large_image\" \/>\n<meta name=\"twitter:label1\" content=\"Szacowany czas czytania\" \/>\n\t<meta name=\"twitter:data1\" content=\"1 minuta\" \/>\n<script type=\"application\/ld+json\" class=\"yoast-schema-graph\">{\"@context\":\"https:\\\/\\\/schema.org\",\"@graph\":[{\"@type\":\"WebPage\",\"@id\":\"https:\\\/\\\/psitwor.pl\\\/sklep\\\/?product=kubek-z-maka-i-glutenem\",\"url\":\"https:\\\/\\\/psitwor.pl\\\/sklep\\\/?product=kubek-z-maka-i-glutenem\",\"name\":\"Kubek z M\u0105k\u0105 i Glutenem - Psitw&oacute;r\",\"isPartOf\":{\"@id\":\"https:\\\/\\\/psitwor.pl\\\/sklep\\\/#website\"},\"primaryImageOfPage\":{\"@id\":\"https:\\\/\\\/psitwor.pl\\\/sklep\\\/?product=kubek-z-maka-i-glutenem#primaryimage\"},\"image\":{\"@id\":\"https:\\\/\\\/psitwor.pl\\\/sklep\\\/?product=kubek-z-maka-i-glutenem#primaryimage\"},\"thumbnailUrl\":\"https:\\\/\\\/psitwor.pl\\\/sklep\\\/wp-content\\\/uploads\\\/2023\\\/02\\\/49F6B10B-097D-4BC2-9BAE-CF05A262331A-1-scaled.jpg\",\"datePublished\":\"2023-02-05T11:18:06+00:00\",\"dateModified\":\"2024-11-25T15:21:45+00:00\",\"breadcrumb\":{\"@id\":\"https:\\\/\\\/psitwor.pl\\\/sklep\\\/?product=kubek-z-maka-i-glutenem#breadcrumb\"},\"inLanguage\":\"pl-PL\",\"potentialAction\":[{\"@type\":\"ReadAction\",\"target\":[\"https:\\\/\\\/psitwor.pl\\\/sklep\\\/?product=kubek-z-maka-i-glutenem\"]}]},{\"@type\":\"ImageObject\",\"inLanguage\":\"pl-PL\",\"@id\":\"https:\\\/\\\/psitwor.pl\\\/sklep\\\/?product=kubek-z-maka-i-glutenem#primaryimage\",\"url\":\"https:\\\/\\\/psitwor.pl\\\/sklep\\\/wp-content\\\/uploads\\\/2023\\\/02\\\/49F6B10B-097D-4BC2-9BAE-CF05A262331A-1-scaled.jpg\",\"contentUrl\":\"https:\\\/\\\/psitwor.pl\\\/sklep\\\/wp-content\\\/uploads\\\/2023\\\/02\\\/49F6B10B-097D-4BC2-9BAE-CF05A262331A-1-scaled.jpg\",\"width\":2055,\"height\":2560,\"caption\":\"Processed with VSCO with s3 preset\"},{\"@type\":\"BreadcrumbList\",\"@id\":\"https:\\\/\\\/psitwor.pl\\\/sklep\\\/?product=kubek-z-maka-i-glutenem#breadcrumb\",\"itemListElement\":[{\"@type\":\"ListItem\",\"position\":1,\"name\":\"Strona g\u0142\u00f3wna\",\"item\":\"https:\\\/\\\/psitwor.pl\\\/sklep\\\/\"},{\"@type\":\"ListItem\",\"position\":2,\"name\":\"Wszystkie produkty\",\"item\":\"https:\\\/\\\/psitwor.pl\\\/sklep\\\/?page_id=287\"},{\"@type\":\"ListItem\",\"position\":3,\"name\":\"Kubek z M\u0105k\u0105 i Glutenem\"}]},{\"@type\":\"WebSite\",\"@id\":\"https:\\\/\\\/psitwor.pl\\\/sklep\\\/#website\",\"url\":\"https:\\\/\\\/psitwor.pl\\\/sklep\\\/\",\"name\":\"Psitw&oacute;r\",\"description\":\"Kreatywne karmienie zwierz\u0105t\",\"publisher\":{\"@id\":\"https:\\\/\\\/psitwor.pl\\\/sklep\\\/#organization\"},\"potentialAction\":[{\"@type\":\"SearchAction\",\"target\":{\"@type\":\"EntryPoint\",\"urlTemplate\":\"https:\\\/\\\/psitwor.pl\\\/sklep\\\/?s={search_term_string}\"},\"query-input\":{\"@type\":\"PropertyValueSpecification\",\"valueRequired\":true,\"valueName\":\"search_term_string\"}}],\"inLanguage\":\"pl-PL\"},{\"@type\":\"Organization\",\"@id\":\"https:\\\/\\\/psitwor.pl\\\/sklep\\\/#organization\",\"name\":\"Psitw\u00f3r\",\"url\":\"https:\\\/\\\/psitwor.pl\\\/sklep\\\/\",\"logo\":{\"@type\":\"ImageObject\",\"inLanguage\":\"pl-PL\",\"@id\":\"https:\\\/\\\/psitwor.pl\\\/sklep\\\/#\\\/schema\\\/logo\\\/image\\\/\",\"url\":\"https:\\\/\\\/psitwor.pl\\\/sklep\\\/wp-content\\\/uploads\\\/2021\\\/10\\\/cropped-logo-psitwor-wektor-1.png\",\"contentUrl\":\"https:\\\/\\\/psitwor.pl\\\/sklep\\\/wp-content\\\/uploads\\\/2021\\\/10\\\/cropped-logo-psitwor-wektor-1.png\",\"width\":277,\"height\":63,\"caption\":\"Psitw\u00f3r\"},\"image\":{\"@id\":\"https:\\\/\\\/psitwor.pl\\\/sklep\\\/#\\\/schema\\\/logo\\\/image\\\/\"},\"sameAs\":[\"https:\\\/\\\/www.facebook.com\\\/psitwor\\\/\",\"https:\\\/\\\/www.instagram.com\\\/psitwor_pl\\\/\"]}]}<\/script>\n<!-- \/ Yoast SEO plugin. -->","yoast_head_json":{"title":"Kubek z M\u0105k\u0105 i Glutenem - Psitw&oacute;r","robots":{"index":"index","follow":"follow","max-snippet":"max-snippet:-1","max-image-preview":"max-image-preview:large","max-video-preview":"max-video-preview:-1"},"canonical":"https:\/\/psitwor.pl\/sklep\/?product=kubek-z-maka-i-glutenem","og_locale":"pl_PL","og_type":"article","og_title":"Kubek z M\u0105k\u0105 i Glutenem - Psitw&oacute;r","og_description":"EDYCJA WALENTYNKOWA. Kubek z M\u0105k\u0105 i Glutenem z napisem: Lubi\u0119 Ci\u0119 jak M\u0105ka Gluten  Pojemno\u015b\u0107: 300ml Nadruk z dw\u00f3ch stron.  Nie wiesz kim jest Gluten? Zapraszamy tutaj.","og_url":"https:\/\/psitwor.pl\/sklep\/?product=kubek-z-maka-i-glutenem","og_site_name":"Psitw&oacute;r","article_publisher":"https:\/\/www.facebook.com\/psitwor\/","article_modified_time":"2024-11-25T15:21:45+00:00","og_image":[{"width":2055,"height":2560,"url":"https:\/\/psitwor.pl\/sklep\/wp-content\/uploads\/2023\/02\/49F6B10B-097D-4BC2-9BAE-CF05A262331A-1-scaled.jpg","type":"image\/jpeg"}],"twitter_card":"summary_large_image","twitter_misc":{"Szacowany czas czytania":"1 minuta"},"schema":{"@context":"https:\/\/schema.org","@graph":[{"@type":"WebPage","@id":"https:\/\/psitwor.pl\/sklep\/?product=kubek-z-maka-i-glutenem","url":"https:\/\/psitwor.pl\/sklep\/?product=kubek-z-maka-i-glutenem","name":"Kubek z M\u0105k\u0105 i Glutenem - Psitw&oacute;r","isPartOf":{"@id":"https:\/\/psitwor.pl\/sklep\/#website"},"primaryImageOfPage":{"@id":"https:\/\/psitwor.pl\/sklep\/?product=kubek-z-maka-i-glutenem#primaryimage"},"image":{"@id":"https:\/\/psitwor.pl\/sklep\/?product=kubek-z-maka-i-glutenem#primaryimage"},"thumbnailUrl":"https:\/\/psitwor.pl\/sklep\/wp-content\/uploads\/2023\/02\/49F6B10B-097D-4BC2-9BAE-CF05A262331A-1-scaled.jpg","datePublished":"2023-02-05T11:18:06+00:00","dateModified":"2024-11-25T15:21:45+00:00","breadcrumb":{"@id":"https:\/\/psitwor.pl\/sklep\/?product=kubek-z-maka-i-glutenem#breadcrumb"},"inLanguage":"pl-PL","potentialAction":[{"@type":"ReadAction","target":["https:\/\/psitwor.pl\/sklep\/?product=kubek-z-maka-i-glutenem"]}]},{"@type":"ImageObject","inLanguage":"pl-PL","@id":"https:\/\/psitwor.pl\/sklep\/?product=kubek-z-maka-i-glutenem#primaryimage","url":"https:\/\/psitwor.pl\/sklep\/wp-content\/uploads\/2023\/02\/49F6B10B-097D-4BC2-9BAE-CF05A262331A-1-scaled.jpg","contentUrl":"https:\/\/psitwor.pl\/sklep\/wp-content\/uploads\/2023\/02\/49F6B10B-097D-4BC2-9BAE-CF05A262331A-1-scaled.jpg","width":2055,"height":2560,"caption":"Processed with VSCO with s3 preset"},{"@type":"BreadcrumbList","@id":"https:\/\/psitwor.pl\/sklep\/?product=kubek-z-maka-i-glutenem#breadcrumb","itemListElement":[{"@type":"ListItem","position":1,"name":"Strona g\u0142\u00f3wna","item":"https:\/\/psitwor.pl\/sklep\/"},{"@type":"ListItem","position":2,"name":"Wszystkie produkty","item":"https:\/\/psitwor.pl\/sklep\/?page_id=287"},{"@type":"ListItem","position":3,"name":"Kubek z M\u0105k\u0105 i Glutenem"}]},{"@type":"WebSite","@id":"https:\/\/psitwor.pl\/sklep\/#website","url":"https:\/\/psitwor.pl\/sklep\/","name":"Psitw&oacute;r","description":"Kreatywne karmienie zwierz\u0105t","publisher":{"@id":"https:\/\/psitwor.pl\/sklep\/#organization"},"potentialAction":[{"@type":"SearchAction","target":{"@type":"EntryPoint","urlTemplate":"https:\/\/psitwor.pl\/sklep\/?s={search_term_string}"},"query-input":{"@type":"PropertyValueSpecification","valueRequired":true,"valueName":"search_term_string"}}],"inLanguage":"pl-PL"},{"@type":"Organization","@id":"https:\/\/psitwor.pl\/sklep\/#organization","name":"Psitw\u00f3r","url":"https:\/\/psitwor.pl\/sklep\/","logo":{"@type":"ImageObject","inLanguage":"pl-PL","@id":"https:\/\/psitwor.pl\/sklep\/#\/schema\/logo\/image\/","url":"https:\/\/psitwor.pl\/sklep\/wp-content\/uploads\/2021\/10\/cropped-logo-psitwor-wektor-1.png","contentUrl":"https:\/\/psitwor.pl\/sklep\/wp-content\/uploads\/2021\/10\/cropped-logo-psitwor-wektor-1.png","width":277,"height":63,"caption":"Psitw\u00f3r"},"image":{"@id":"https:\/\/psitwor.pl\/sklep\/#\/schema\/logo\/image\/"},"sameAs":["https:\/\/www.facebook.com\/psitwor\/","https:\/\/www.instagram.com\/psitwor_pl\/"]}]}},"jetpack_sharing_enabled":true,"_links":{"self":[{"href":"https:\/\/psitwor.pl\/sklep\/index.php?rest_route=\/wp\/v2\/product\/2266","targetHints":{"allow":["GET"]}}],"collection":[{"href":"https:\/\/psitwor.pl\/sklep\/index.php?rest_route=\/wp\/v2\/product"}],"about":[{"href":"https:\/\/psitwor.pl\/sklep\/index.php?rest_route=\/wp\/v2\/types\/product"}],"wp:featuredmedia":[{"embeddable":true,"href":"https:\/\/psitwor.pl\/sklep\/index.php?rest_route=\/wp\/v2\/media\/2272"}],"wp:attachment":[{"href":"https:\/\/psitwor.pl\/sklep\/index.php?rest_route=%2Fwp%2Fv2%2Fmedia&parent=2266"}],"wp:term":[{"taxonomy":"product_brand","embeddable":true,"href":"https:\/\/psitwor.pl\/sklep\/index.php?rest_route=%2Fwp%2Fv2%2Fproduct_brand&post=2266"},{"taxonomy":"product_cat","embeddable":true,"href":"https:\/\/psitwor.pl\/sklep\/index.php?rest_route=%2Fwp%2Fv2%2Fproduct_cat&post=2266"},{"taxonomy":"product_tag","embeddable":true,"href":"https:\/\/psitwor.pl\/sklep\/index.php?rest_route=%2Fwp%2Fv2%2Fproduct_tag&post=2266"}],"curies":[{"name":"wp","href":"https:\/\/api.w.org\/{rel}","templated":true}]}}