{"id":2492,"date":"2023-03-19T15:42:18","date_gmt":"2023-03-19T14:42:18","guid":{"rendered":"https:\/\/psitwor.pl\/sklep\/?post_type=product&#038;p=2492"},"modified":"2026-02-26T15:41:18","modified_gmt":"2026-02-26T14:41:18","slug":"worek-wechowy-zero-waste","status":"publish","type":"product","link":"https:\/\/psitwor.pl\/sklep\/?product=worek-wechowy-zero-waste","title":{"rendered":"Worek w\u0119chowy \u00e0 la Skittles"},"content":{"rendered":"<p>Psakiewka kt\u00f3r\u0105 bez problemu we\u017amiesz w podr\u00f3\u017c. Idealna do podania pupilowi smako\u0142yk\u00f3w w restauracji, czy te\u017c poci\u0105gu, ale i w domu, czemu nie? W \u015brodku psiworka znajduje si\u0119 przyszyta mata w\u0119chowa, kt\u00f3ra utrudni znalezienie jedzenia.<\/p>\n<ul>\n<li>uszyty z wodoodpornego materia\u0142u<\/li>\n<li>mo\u017cna \u015bci\u0105gn\u0105\u0107, zawi\u0105za\u0107 i zabra\u0107 wsz\u0119dzie ze sob\u0105<\/li>\n<li>mo\u017cna wywin\u0105\u0107 \u015bcianki, by u\u0142atwi\u0107 jedzenie<\/li>\n<li>dost\u0119pny w dw\u00f3ch wielko\u015bciach<\/li>\n<li>do r\u0119cznego delikatnego prania<\/li>\n<li>wystarczy wrzuci\u0107 karm\u0119\/smaczki, potrz\u0105sn\u0105\u0107 i gotowe!<\/li>\n<\/ul>\n<p>Je\u015bli woreczek ma by\u0107 na wi\u0119ksz\u0105 porcj\u0119 karmy i zaj\u0105\u0107 na d\u0142u\u017cej &#8211; wybierz wi\u0119kszy. Mniejsza sakiewka to te\u017c mniejsza i \u0142atwiejsza powierzchnia do w\u0119szenia.<\/p>\n","protected":false},"excerpt":{"rendered":"<p>Podr\u00f3\u017cny woreczek z mat\u0105 w\u0119chow\u0105 w \u015brodku.<br \/>\nDost\u0119pny w 2 rozmiarach: \u015brednica ok. 16 i ok. 21 cm.<\/p>\n<p>Wersja a la Skittles tego produktu to zawarta w \u015brodku mata w\u0119chowa w wielu kolorach, niekt\u00f3re s\u0105 resztkami i mog\u0105 by\u0107 nieco r\u00f3\u017cnej d\u0142ugo\u015bci, ale w wi\u0119kszym d\u0142u\u017csze, a w mniejszym nieco kr\u00f3tsze &#8211; staramy si\u0119 mniej marnowa\u0107 i wykorzystywa\u0107 nieidealne kawa\u0142ki! \ud83d\ude42<br \/>\n3 wersje kolorystyczne: pomara\u0144czowy, fioletowy, jasnozielony.<\/p>\n","protected":false},"featured_media":2493,"template":"","meta":[],"product_brand":[],"product_cat":[29,48,21],"product_tag":[],"class_list":{"0":"post-2492","1":"product","2":"type-product","3":"status-publish","4":"has-post-thumbnail","6":"product_cat-kreatywne-karmienie","7":"product_cat-psitwor","8":"product_cat-maty","10":"first","11":"onbackorder","12":"shipping-taxable","13":"purchasable","14":"product-type-variable"},"yoast_head":"<!-- This site is optimized with the Yoast SEO plugin v23.1 - https:\/\/yoast.com\/wordpress\/plugins\/seo\/ -->\n<title>Worek w\u0119chowy \u00e0 la Skittles - Psitw&oacute;r<\/title>\n<meta name=\"robots\" content=\"index, follow, max-snippet:-1, max-image-preview:large, max-video-preview:-1\" \/>\n<link rel=\"canonical\" href=\"https:\/\/psitwor.pl\/sklep\/?product=worek-wechowy-zero-waste\" \/>\n<meta property=\"og:locale\" content=\"pl_PL\" \/>\n<meta property=\"og:type\" content=\"article\" \/>\n<meta property=\"og:title\" content=\"Worek w\u0119chowy \u00e0 la Skittles - Psitw&oacute;r\" \/>\n<meta property=\"og:description\" content=\"Podr\u00f3\u017cny woreczek z mat\u0105 w\u0119chow\u0105 w \u015brodku. Dost\u0119pny w 2 rozmiarach: \u015brednica ok. 16 i ok. 21 cm.  Wersja a la Skittles tego produktu to zawarta w \u015brodku mata w\u0119chowa w wielu kolorach, niekt\u00f3re s\u0105 resztkami i mog\u0105 by\u0107 nieco r\u00f3\u017cnej d\u0142ugo\u015bci, ale w wi\u0119kszym d\u0142u\u017csze, a w mniejszym nieco kr\u00f3tsze - staramy si\u0119 mniej marnowa\u0107 i wykorzystywa\u0107 nieidealne kawa\u0142ki! :) 3 wersje kolorystyczne: pomara\u0144czowy, fioletowy, jasnozielony.\" \/>\n<meta property=\"og:url\" content=\"https:\/\/psitwor.pl\/sklep\/?product=worek-wechowy-zero-waste\" \/>\n<meta property=\"og:site_name\" content=\"Psitw&oacute;r\" \/>\n<meta property=\"article:publisher\" content=\"https:\/\/www.facebook.com\/psitwor\/\" \/>\n<meta property=\"article:modified_time\" content=\"2026-02-26T14:41:18+00:00\" \/>\n<meta property=\"og:image\" content=\"https:\/\/psitwor.pl\/sklep\/wp-content\/uploads\/2023\/03\/56318FA3-BF7A-4D6C-8307-7FA87BB665FF-male.png\" \/>\n\t<meta property=\"og:image:width\" content=\"401\" \/>\n\t<meta property=\"og:image:height\" content=\"500\" \/>\n\t<meta property=\"og:image:type\" content=\"image\/png\" \/>\n<meta name=\"twitter:card\" content=\"summary_large_image\" \/>\n<meta name=\"twitter:label1\" content=\"Szacowany czas czytania\" \/>\n\t<meta name=\"twitter:data1\" content=\"1 minuta\" \/>\n<script type=\"application\/ld+json\" class=\"yoast-schema-graph\">{\"@context\":\"https:\/\/schema.org\",\"@graph\":[{\"@type\":\"WebPage\",\"@id\":\"https:\/\/psitwor.pl\/sklep\/?product=worek-wechowy-zero-waste\",\"url\":\"https:\/\/psitwor.pl\/sklep\/?product=worek-wechowy-zero-waste\",\"name\":\"Worek w\u0119chowy \u00e0 la Skittles - Psitw&oacute;r\",\"isPartOf\":{\"@id\":\"https:\/\/psitwor.pl\/sklep\/#website\"},\"primaryImageOfPage\":{\"@id\":\"https:\/\/psitwor.pl\/sklep\/?product=worek-wechowy-zero-waste#primaryimage\"},\"image\":{\"@id\":\"https:\/\/psitwor.pl\/sklep\/?product=worek-wechowy-zero-waste#primaryimage\"},\"thumbnailUrl\":\"https:\/\/psitwor.pl\/sklep\/wp-content\/uploads\/2023\/03\/56318FA3-BF7A-4D6C-8307-7FA87BB665FF-male.png\",\"datePublished\":\"2023-03-19T14:42:18+00:00\",\"dateModified\":\"2026-02-26T14:41:18+00:00\",\"breadcrumb\":{\"@id\":\"https:\/\/psitwor.pl\/sklep\/?product=worek-wechowy-zero-waste#breadcrumb\"},\"inLanguage\":\"pl-PL\",\"potentialAction\":[{\"@type\":\"ReadAction\",\"target\":[\"https:\/\/psitwor.pl\/sklep\/?product=worek-wechowy-zero-waste\"]}]},{\"@type\":\"ImageObject\",\"inLanguage\":\"pl-PL\",\"@id\":\"https:\/\/psitwor.pl\/sklep\/?product=worek-wechowy-zero-waste#primaryimage\",\"url\":\"https:\/\/psitwor.pl\/sklep\/wp-content\/uploads\/2023\/03\/56318FA3-BF7A-4D6C-8307-7FA87BB665FF-male.png\",\"contentUrl\":\"https:\/\/psitwor.pl\/sklep\/wp-content\/uploads\/2023\/03\/56318FA3-BF7A-4D6C-8307-7FA87BB665FF-male.png\",\"width\":401,\"height\":500},{\"@type\":\"BreadcrumbList\",\"@id\":\"https:\/\/psitwor.pl\/sklep\/?product=worek-wechowy-zero-waste#breadcrumb\",\"itemListElement\":[{\"@type\":\"ListItem\",\"position\":1,\"name\":\"Strona g\u0142\u00f3wna\",\"item\":\"https:\/\/psitwor.pl\/sklep\/\"},{\"@type\":\"ListItem\",\"position\":2,\"name\":\"Wszystkie produkty\",\"item\":\"https:\/\/psitwor.pl\/sklep\/?page_id=287\"},{\"@type\":\"ListItem\",\"position\":3,\"name\":\"Worek w\u0119chowy \u00e0 la Skittles\"}]},{\"@type\":\"WebSite\",\"@id\":\"https:\/\/psitwor.pl\/sklep\/#website\",\"url\":\"https:\/\/psitwor.pl\/sklep\/\",\"name\":\"Psitw&oacute;r\",\"description\":\"Kreatywne karmienie zwierz\u0105t\",\"publisher\":{\"@id\":\"https:\/\/psitwor.pl\/sklep\/#organization\"},\"potentialAction\":[{\"@type\":\"SearchAction\",\"target\":{\"@type\":\"EntryPoint\",\"urlTemplate\":\"https:\/\/psitwor.pl\/sklep\/?s={search_term_string}\"},\"query-input\":\"required name=search_term_string\"}],\"inLanguage\":\"pl-PL\"},{\"@type\":\"Organization\",\"@id\":\"https:\/\/psitwor.pl\/sklep\/#organization\",\"name\":\"Psitw\u00f3r\",\"url\":\"https:\/\/psitwor.pl\/sklep\/\",\"logo\":{\"@type\":\"ImageObject\",\"inLanguage\":\"pl-PL\",\"@id\":\"https:\/\/psitwor.pl\/sklep\/#\/schema\/logo\/image\/\",\"url\":\"https:\/\/psitwor.pl\/sklep\/wp-content\/uploads\/2021\/10\/cropped-logo-psitwor-wektor-1.png\",\"contentUrl\":\"https:\/\/psitwor.pl\/sklep\/wp-content\/uploads\/2021\/10\/cropped-logo-psitwor-wektor-1.png\",\"width\":277,\"height\":63,\"caption\":\"Psitw\u00f3r\"},\"image\":{\"@id\":\"https:\/\/psitwor.pl\/sklep\/#\/schema\/logo\/image\/\"},\"sameAs\":[\"https:\/\/www.facebook.com\/psitwor\/\",\"https:\/\/www.instagram.com\/psitwor_pl\/\"]}]}<\/script>\n<!-- \/ Yoast SEO plugin. -->","yoast_head_json":{"title":"Worek w\u0119chowy \u00e0 la Skittles - Psitw&oacute;r","robots":{"index":"index","follow":"follow","max-snippet":"max-snippet:-1","max-image-preview":"max-image-preview:large","max-video-preview":"max-video-preview:-1"},"canonical":"https:\/\/psitwor.pl\/sklep\/?product=worek-wechowy-zero-waste","og_locale":"pl_PL","og_type":"article","og_title":"Worek w\u0119chowy \u00e0 la Skittles - Psitw&oacute;r","og_description":"Podr\u00f3\u017cny woreczek z mat\u0105 w\u0119chow\u0105 w \u015brodku. Dost\u0119pny w 2 rozmiarach: \u015brednica ok. 16 i ok. 21 cm.  Wersja a la Skittles tego produktu to zawarta w \u015brodku mata w\u0119chowa w wielu kolorach, niekt\u00f3re s\u0105 resztkami i mog\u0105 by\u0107 nieco r\u00f3\u017cnej d\u0142ugo\u015bci, ale w wi\u0119kszym d\u0142u\u017csze, a w mniejszym nieco kr\u00f3tsze - staramy si\u0119 mniej marnowa\u0107 i wykorzystywa\u0107 nieidealne kawa\u0142ki! :) 3 wersje kolorystyczne: pomara\u0144czowy, fioletowy, jasnozielony.","og_url":"https:\/\/psitwor.pl\/sklep\/?product=worek-wechowy-zero-waste","og_site_name":"Psitw&oacute;r","article_publisher":"https:\/\/www.facebook.com\/psitwor\/","article_modified_time":"2026-02-26T14:41:18+00:00","og_image":[{"width":401,"height":500,"url":"https:\/\/psitwor.pl\/sklep\/wp-content\/uploads\/2023\/03\/56318FA3-BF7A-4D6C-8307-7FA87BB665FF-male.png","type":"image\/png"}],"twitter_card":"summary_large_image","twitter_misc":{"Szacowany czas czytania":"1 minuta"},"schema":{"@context":"https:\/\/schema.org","@graph":[{"@type":"WebPage","@id":"https:\/\/psitwor.pl\/sklep\/?product=worek-wechowy-zero-waste","url":"https:\/\/psitwor.pl\/sklep\/?product=worek-wechowy-zero-waste","name":"Worek w\u0119chowy \u00e0 la Skittles - Psitw&oacute;r","isPartOf":{"@id":"https:\/\/psitwor.pl\/sklep\/#website"},"primaryImageOfPage":{"@id":"https:\/\/psitwor.pl\/sklep\/?product=worek-wechowy-zero-waste#primaryimage"},"image":{"@id":"https:\/\/psitwor.pl\/sklep\/?product=worek-wechowy-zero-waste#primaryimage"},"thumbnailUrl":"https:\/\/psitwor.pl\/sklep\/wp-content\/uploads\/2023\/03\/56318FA3-BF7A-4D6C-8307-7FA87BB665FF-male.png","datePublished":"2023-03-19T14:42:18+00:00","dateModified":"2026-02-26T14:41:18+00:00","breadcrumb":{"@id":"https:\/\/psitwor.pl\/sklep\/?product=worek-wechowy-zero-waste#breadcrumb"},"inLanguage":"pl-PL","potentialAction":[{"@type":"ReadAction","target":["https:\/\/psitwor.pl\/sklep\/?product=worek-wechowy-zero-waste"]}]},{"@type":"ImageObject","inLanguage":"pl-PL","@id":"https:\/\/psitwor.pl\/sklep\/?product=worek-wechowy-zero-waste#primaryimage","url":"https:\/\/psitwor.pl\/sklep\/wp-content\/uploads\/2023\/03\/56318FA3-BF7A-4D6C-8307-7FA87BB665FF-male.png","contentUrl":"https:\/\/psitwor.pl\/sklep\/wp-content\/uploads\/2023\/03\/56318FA3-BF7A-4D6C-8307-7FA87BB665FF-male.png","width":401,"height":500},{"@type":"BreadcrumbList","@id":"https:\/\/psitwor.pl\/sklep\/?product=worek-wechowy-zero-waste#breadcrumb","itemListElement":[{"@type":"ListItem","position":1,"name":"Strona g\u0142\u00f3wna","item":"https:\/\/psitwor.pl\/sklep\/"},{"@type":"ListItem","position":2,"name":"Wszystkie produkty","item":"https:\/\/psitwor.pl\/sklep\/?page_id=287"},{"@type":"ListItem","position":3,"name":"Worek w\u0119chowy \u00e0 la Skittles"}]},{"@type":"WebSite","@id":"https:\/\/psitwor.pl\/sklep\/#website","url":"https:\/\/psitwor.pl\/sklep\/","name":"Psitw&oacute;r","description":"Kreatywne karmienie zwierz\u0105t","publisher":{"@id":"https:\/\/psitwor.pl\/sklep\/#organization"},"potentialAction":[{"@type":"SearchAction","target":{"@type":"EntryPoint","urlTemplate":"https:\/\/psitwor.pl\/sklep\/?s={search_term_string}"},"query-input":"required name=search_term_string"}],"inLanguage":"pl-PL"},{"@type":"Organization","@id":"https:\/\/psitwor.pl\/sklep\/#organization","name":"Psitw\u00f3r","url":"https:\/\/psitwor.pl\/sklep\/","logo":{"@type":"ImageObject","inLanguage":"pl-PL","@id":"https:\/\/psitwor.pl\/sklep\/#\/schema\/logo\/image\/","url":"https:\/\/psitwor.pl\/sklep\/wp-content\/uploads\/2021\/10\/cropped-logo-psitwor-wektor-1.png","contentUrl":"https:\/\/psitwor.pl\/sklep\/wp-content\/uploads\/2021\/10\/cropped-logo-psitwor-wektor-1.png","width":277,"height":63,"caption":"Psitw\u00f3r"},"image":{"@id":"https:\/\/psitwor.pl\/sklep\/#\/schema\/logo\/image\/"},"sameAs":["https:\/\/www.facebook.com\/psitwor\/","https:\/\/www.instagram.com\/psitwor_pl\/"]}]}},"jetpack_sharing_enabled":true,"_links":{"self":[{"href":"https:\/\/psitwor.pl\/sklep\/index.php?rest_route=\/wp\/v2\/product\/2492","targetHints":{"allow":["GET"]}}],"collection":[{"href":"https:\/\/psitwor.pl\/sklep\/index.php?rest_route=\/wp\/v2\/product"}],"about":[{"href":"https:\/\/psitwor.pl\/sklep\/index.php?rest_route=\/wp\/v2\/types\/product"}],"wp:featuredmedia":[{"embeddable":true,"href":"https:\/\/psitwor.pl\/sklep\/index.php?rest_route=\/wp\/v2\/media\/2493"}],"wp:attachment":[{"href":"https:\/\/psitwor.pl\/sklep\/index.php?rest_route=%2Fwp%2Fv2%2Fmedia&parent=2492"}],"wp:term":[{"taxonomy":"product_brand","embeddable":true,"href":"https:\/\/psitwor.pl\/sklep\/index.php?rest_route=%2Fwp%2Fv2%2Fproduct_brand&post=2492"},{"taxonomy":"product_cat","embeddable":true,"href":"https:\/\/psitwor.pl\/sklep\/index.php?rest_route=%2Fwp%2Fv2%2Fproduct_cat&post=2492"},{"taxonomy":"product_tag","embeddable":true,"href":"https:\/\/psitwor.pl\/sklep\/index.php?rest_route=%2Fwp%2Fv2%2Fproduct_tag&post=2492"}],"curies":[{"name":"wp","href":"https:\/\/api.w.org\/{rel}","templated":true}]}}