{"id":2970,"date":"2023-10-18T19:45:03","date_gmt":"2023-10-18T17:45:03","guid":{"rendered":"https:\/\/psitwor.pl\/sklep\/?post_type=product&#038;p=2970"},"modified":"2024-06-10T17:06:16","modified_gmt":"2024-06-10T15:06:16","slug":"kocyk-w-kwiatki-i-pieski","status":"publish","type":"product","link":"https:\/\/psitwor.pl\/sklep\/?product=kocyk-w-kwiatki-i-pieski","title":{"rendered":"Kocyk w kwiatki i pieski"},"content":{"rendered":"<p>Materia\u0142 drukowany posiada odznak\u0119\u00a0<strong>EcoFabricPrint<sup>\u00ae<\/sup><\/strong><\/p>\n<p>W jego produkcji ograniczono u\u017cywanie wody do maksymalnego minimum. U\u017cyte pigmenty sk\u0142adaj\u0105 si\u0119 z 98% z wody, dzi\u0119ki czemu s\u0105 znacznie bardziej ekologiczne dla \u015brodowiska. Za\u015b same pigmenty posiadaj\u0105 certyfikaty \/ atesty Oeko-Tex oraz Gots.<\/p>\n<p>Szyte w Polsce.<\/p>\n","protected":false},"excerpt":{"rendered":"<p>Autorski materia\u0142 z ilustracj\u0105 w pieski i kwiatki (znajdzie si\u0119 te\u017c kotek!), jakiej nie znajdziecie nigdzie indziej. Tym razem w mi\u0119kkiej ciep\u0142ej wersji MINKY. Z drugiej strony przyjemny w dotyku polar w kolorze koralowym.<br \/>\nKocyk jest ciep\u0142y, ale sk\u0142ada si\u0119 w bardzo por\u0119czny rozmiar. Zmie\u015bci si\u0119 do ka\u017cdej torebki, plecaka, a na upartego i do nerki \ud83d\ude09 <strong>ILO\u015a\u0106<\/strong> <strong>OGRANICZONA<\/strong><\/p>\n<p>&nbsp;<\/p>\n<p>Idealny w podr\u00f3\u017cy, w restauracjach, czy w lecznicy weterynaryjnej. Pupil mo\u017ce po\u0142o\u017cy\u0107 si\u0119 na nim, mo\u017cna te\u017c go przykry\u0107 &#8211; albo siebie!<br \/>\nMinky o gramaturze a\u017c 380 g\/m2, polar 300 g\/m2.<\/p>\n<p>M: 50x70cm<br \/>\nL: 70x100cm<\/p>\n","protected":false},"featured_media":2989,"template":"","meta":[],"product_brand":[],"product_cat":[23,48],"product_tag":[],"class_list":{"0":"post-2970","1":"product","2":"type-product","3":"status-publish","4":"has-post-thumbnail","6":"product_cat-akcesoria","7":"product_cat-psitwor","9":"first","10":"instock","11":"shipping-taxable","12":"purchasable","13":"product-type-variable"},"yoast_head":"<!-- This site is optimized with the Yoast SEO plugin v27.5 - https:\/\/yoast.com\/product\/yoast-seo-wordpress\/ -->\n<title>Kocyk w kwiatki i pieski - Psitw&oacute;r<\/title>\n<meta name=\"robots\" content=\"index, follow, max-snippet:-1, max-image-preview:large, max-video-preview:-1\" \/>\n<link rel=\"canonical\" href=\"https:\/\/psitwor.pl\/sklep\/?product=kocyk-w-kwiatki-i-pieski\" \/>\n<meta property=\"og:locale\" content=\"pl_PL\" \/>\n<meta property=\"og:type\" content=\"article\" \/>\n<meta property=\"og:title\" content=\"Kocyk w kwiatki i pieski - Psitw&oacute;r\" \/>\n<meta property=\"og:description\" content=\"Autorski materia\u0142 z ilustracj\u0105 w pieski i kwiatki (znajdzie si\u0119 te\u017c kotek!), jakiej nie znajdziecie nigdzie indziej. Tym razem w mi\u0119kkiej ciep\u0142ej wersji MINKY. Z drugiej strony przyjemny w dotyku polar w kolorze koralowym. Kocyk jest ciep\u0142y, ale sk\u0142ada si\u0119 w bardzo por\u0119czny rozmiar. Zmie\u015bci si\u0119 do ka\u017cdej torebki, plecaka, a na upartego i do nerki ;) ILO\u015a\u0106 OGRANICZONA  &nbsp;  Idealny w podr\u00f3\u017cy, w restauracjach, czy w lecznicy weterynaryjnej. Pupil mo\u017ce po\u0142o\u017cy\u0107 si\u0119 na nim, mo\u017cna te\u017c go przykry\u0107 - albo siebie! Minky o gramaturze a\u017c 380 g\/m2, polar 300 g\/m2.  M: 50x70cm L: 70x100cm\" \/>\n<meta property=\"og:url\" content=\"https:\/\/psitwor.pl\/sklep\/?product=kocyk-w-kwiatki-i-pieski\" \/>\n<meta property=\"og:site_name\" content=\"Psitw&oacute;r\" \/>\n<meta property=\"article:publisher\" content=\"https:\/\/www.facebook.com\/psitwor\/\" \/>\n<meta property=\"article:modified_time\" content=\"2024-06-10T15:06:16+00:00\" \/>\n<meta property=\"og:image\" content=\"https:\/\/psitwor.pl\/sklep\/wp-content\/uploads\/2023\/10\/image00010-scaled.jpeg\" \/>\n\t<meta property=\"og:image:width\" content=\"2055\" \/>\n\t<meta property=\"og:image:height\" content=\"2560\" \/>\n\t<meta property=\"og:image:type\" content=\"image\/jpeg\" \/>\n<meta name=\"twitter:card\" content=\"summary_large_image\" \/>\n<meta name=\"twitter:label1\" content=\"Szacowany czas czytania\" \/>\n\t<meta name=\"twitter:data1\" content=\"1 minuta\" \/>\n<script type=\"application\/ld+json\" class=\"yoast-schema-graph\">{\"@context\":\"https:\\\/\\\/schema.org\",\"@graph\":[{\"@type\":\"WebPage\",\"@id\":\"https:\\\/\\\/psitwor.pl\\\/sklep\\\/?product=kocyk-w-kwiatki-i-pieski\",\"url\":\"https:\\\/\\\/psitwor.pl\\\/sklep\\\/?product=kocyk-w-kwiatki-i-pieski\",\"name\":\"Kocyk w kwiatki i pieski - Psitw&oacute;r\",\"isPartOf\":{\"@id\":\"https:\\\/\\\/psitwor.pl\\\/sklep\\\/#website\"},\"primaryImageOfPage\":{\"@id\":\"https:\\\/\\\/psitwor.pl\\\/sklep\\\/?product=kocyk-w-kwiatki-i-pieski#primaryimage\"},\"image\":{\"@id\":\"https:\\\/\\\/psitwor.pl\\\/sklep\\\/?product=kocyk-w-kwiatki-i-pieski#primaryimage\"},\"thumbnailUrl\":\"https:\\\/\\\/psitwor.pl\\\/sklep\\\/wp-content\\\/uploads\\\/2023\\\/10\\\/image00010-scaled.jpeg\",\"datePublished\":\"2023-10-18T17:45:03+00:00\",\"dateModified\":\"2024-06-10T15:06:16+00:00\",\"breadcrumb\":{\"@id\":\"https:\\\/\\\/psitwor.pl\\\/sklep\\\/?product=kocyk-w-kwiatki-i-pieski#breadcrumb\"},\"inLanguage\":\"pl-PL\",\"potentialAction\":[{\"@type\":\"ReadAction\",\"target\":[\"https:\\\/\\\/psitwor.pl\\\/sklep\\\/?product=kocyk-w-kwiatki-i-pieski\"]}]},{\"@type\":\"ImageObject\",\"inLanguage\":\"pl-PL\",\"@id\":\"https:\\\/\\\/psitwor.pl\\\/sklep\\\/?product=kocyk-w-kwiatki-i-pieski#primaryimage\",\"url\":\"https:\\\/\\\/psitwor.pl\\\/sklep\\\/wp-content\\\/uploads\\\/2023\\\/10\\\/image00010-scaled.jpeg\",\"contentUrl\":\"https:\\\/\\\/psitwor.pl\\\/sklep\\\/wp-content\\\/uploads\\\/2023\\\/10\\\/image00010-scaled.jpeg\",\"width\":2055,\"height\":2560},{\"@type\":\"BreadcrumbList\",\"@id\":\"https:\\\/\\\/psitwor.pl\\\/sklep\\\/?product=kocyk-w-kwiatki-i-pieski#breadcrumb\",\"itemListElement\":[{\"@type\":\"ListItem\",\"position\":1,\"name\":\"Strona g\u0142\u00f3wna\",\"item\":\"https:\\\/\\\/psitwor.pl\\\/sklep\\\/\"},{\"@type\":\"ListItem\",\"position\":2,\"name\":\"Wszystkie produkty\",\"item\":\"https:\\\/\\\/psitwor.pl\\\/sklep\\\/?page_id=287\"},{\"@type\":\"ListItem\",\"position\":3,\"name\":\"Kocyk w kwiatki i pieski\"}]},{\"@type\":\"WebSite\",\"@id\":\"https:\\\/\\\/psitwor.pl\\\/sklep\\\/#website\",\"url\":\"https:\\\/\\\/psitwor.pl\\\/sklep\\\/\",\"name\":\"Psitw&oacute;r\",\"description\":\"Kreatywne karmienie zwierz\u0105t\",\"publisher\":{\"@id\":\"https:\\\/\\\/psitwor.pl\\\/sklep\\\/#organization\"},\"potentialAction\":[{\"@type\":\"SearchAction\",\"target\":{\"@type\":\"EntryPoint\",\"urlTemplate\":\"https:\\\/\\\/psitwor.pl\\\/sklep\\\/?s={search_term_string}\"},\"query-input\":{\"@type\":\"PropertyValueSpecification\",\"valueRequired\":true,\"valueName\":\"search_term_string\"}}],\"inLanguage\":\"pl-PL\"},{\"@type\":\"Organization\",\"@id\":\"https:\\\/\\\/psitwor.pl\\\/sklep\\\/#organization\",\"name\":\"Psitw\u00f3r\",\"url\":\"https:\\\/\\\/psitwor.pl\\\/sklep\\\/\",\"logo\":{\"@type\":\"ImageObject\",\"inLanguage\":\"pl-PL\",\"@id\":\"https:\\\/\\\/psitwor.pl\\\/sklep\\\/#\\\/schema\\\/logo\\\/image\\\/\",\"url\":\"https:\\\/\\\/psitwor.pl\\\/sklep\\\/wp-content\\\/uploads\\\/2021\\\/10\\\/cropped-logo-psitwor-wektor-1.png\",\"contentUrl\":\"https:\\\/\\\/psitwor.pl\\\/sklep\\\/wp-content\\\/uploads\\\/2021\\\/10\\\/cropped-logo-psitwor-wektor-1.png\",\"width\":277,\"height\":63,\"caption\":\"Psitw\u00f3r\"},\"image\":{\"@id\":\"https:\\\/\\\/psitwor.pl\\\/sklep\\\/#\\\/schema\\\/logo\\\/image\\\/\"},\"sameAs\":[\"https:\\\/\\\/www.facebook.com\\\/psitwor\\\/\",\"https:\\\/\\\/www.instagram.com\\\/psitwor_pl\\\/\"]}]}<\/script>\n<!-- \/ Yoast SEO plugin. -->","yoast_head_json":{"title":"Kocyk w kwiatki i pieski - Psitw&oacute;r","robots":{"index":"index","follow":"follow","max-snippet":"max-snippet:-1","max-image-preview":"max-image-preview:large","max-video-preview":"max-video-preview:-1"},"canonical":"https:\/\/psitwor.pl\/sklep\/?product=kocyk-w-kwiatki-i-pieski","og_locale":"pl_PL","og_type":"article","og_title":"Kocyk w kwiatki i pieski - Psitw&oacute;r","og_description":"Autorski materia\u0142 z ilustracj\u0105 w pieski i kwiatki (znajdzie si\u0119 te\u017c kotek!), jakiej nie znajdziecie nigdzie indziej. Tym razem w mi\u0119kkiej ciep\u0142ej wersji MINKY. Z drugiej strony przyjemny w dotyku polar w kolorze koralowym. Kocyk jest ciep\u0142y, ale sk\u0142ada si\u0119 w bardzo por\u0119czny rozmiar. Zmie\u015bci si\u0119 do ka\u017cdej torebki, plecaka, a na upartego i do nerki ;) ILO\u015a\u0106 OGRANICZONA  &nbsp;  Idealny w podr\u00f3\u017cy, w restauracjach, czy w lecznicy weterynaryjnej. Pupil mo\u017ce po\u0142o\u017cy\u0107 si\u0119 na nim, mo\u017cna te\u017c go przykry\u0107 - albo siebie! Minky o gramaturze a\u017c 380 g\/m2, polar 300 g\/m2.  M: 50x70cm L: 70x100cm","og_url":"https:\/\/psitwor.pl\/sklep\/?product=kocyk-w-kwiatki-i-pieski","og_site_name":"Psitw&oacute;r","article_publisher":"https:\/\/www.facebook.com\/psitwor\/","article_modified_time":"2024-06-10T15:06:16+00:00","og_image":[{"width":2055,"height":2560,"url":"https:\/\/psitwor.pl\/sklep\/wp-content\/uploads\/2023\/10\/image00010-scaled.jpeg","type":"image\/jpeg"}],"twitter_card":"summary_large_image","twitter_misc":{"Szacowany czas czytania":"1 minuta"},"schema":{"@context":"https:\/\/schema.org","@graph":[{"@type":"WebPage","@id":"https:\/\/psitwor.pl\/sklep\/?product=kocyk-w-kwiatki-i-pieski","url":"https:\/\/psitwor.pl\/sklep\/?product=kocyk-w-kwiatki-i-pieski","name":"Kocyk w kwiatki i pieski - Psitw&oacute;r","isPartOf":{"@id":"https:\/\/psitwor.pl\/sklep\/#website"},"primaryImageOfPage":{"@id":"https:\/\/psitwor.pl\/sklep\/?product=kocyk-w-kwiatki-i-pieski#primaryimage"},"image":{"@id":"https:\/\/psitwor.pl\/sklep\/?product=kocyk-w-kwiatki-i-pieski#primaryimage"},"thumbnailUrl":"https:\/\/psitwor.pl\/sklep\/wp-content\/uploads\/2023\/10\/image00010-scaled.jpeg","datePublished":"2023-10-18T17:45:03+00:00","dateModified":"2024-06-10T15:06:16+00:00","breadcrumb":{"@id":"https:\/\/psitwor.pl\/sklep\/?product=kocyk-w-kwiatki-i-pieski#breadcrumb"},"inLanguage":"pl-PL","potentialAction":[{"@type":"ReadAction","target":["https:\/\/psitwor.pl\/sklep\/?product=kocyk-w-kwiatki-i-pieski"]}]},{"@type":"ImageObject","inLanguage":"pl-PL","@id":"https:\/\/psitwor.pl\/sklep\/?product=kocyk-w-kwiatki-i-pieski#primaryimage","url":"https:\/\/psitwor.pl\/sklep\/wp-content\/uploads\/2023\/10\/image00010-scaled.jpeg","contentUrl":"https:\/\/psitwor.pl\/sklep\/wp-content\/uploads\/2023\/10\/image00010-scaled.jpeg","width":2055,"height":2560},{"@type":"BreadcrumbList","@id":"https:\/\/psitwor.pl\/sklep\/?product=kocyk-w-kwiatki-i-pieski#breadcrumb","itemListElement":[{"@type":"ListItem","position":1,"name":"Strona g\u0142\u00f3wna","item":"https:\/\/psitwor.pl\/sklep\/"},{"@type":"ListItem","position":2,"name":"Wszystkie produkty","item":"https:\/\/psitwor.pl\/sklep\/?page_id=287"},{"@type":"ListItem","position":3,"name":"Kocyk w kwiatki i pieski"}]},{"@type":"WebSite","@id":"https:\/\/psitwor.pl\/sklep\/#website","url":"https:\/\/psitwor.pl\/sklep\/","name":"Psitw&oacute;r","description":"Kreatywne karmienie zwierz\u0105t","publisher":{"@id":"https:\/\/psitwor.pl\/sklep\/#organization"},"potentialAction":[{"@type":"SearchAction","target":{"@type":"EntryPoint","urlTemplate":"https:\/\/psitwor.pl\/sklep\/?s={search_term_string}"},"query-input":{"@type":"PropertyValueSpecification","valueRequired":true,"valueName":"search_term_string"}}],"inLanguage":"pl-PL"},{"@type":"Organization","@id":"https:\/\/psitwor.pl\/sklep\/#organization","name":"Psitw\u00f3r","url":"https:\/\/psitwor.pl\/sklep\/","logo":{"@type":"ImageObject","inLanguage":"pl-PL","@id":"https:\/\/psitwor.pl\/sklep\/#\/schema\/logo\/image\/","url":"https:\/\/psitwor.pl\/sklep\/wp-content\/uploads\/2021\/10\/cropped-logo-psitwor-wektor-1.png","contentUrl":"https:\/\/psitwor.pl\/sklep\/wp-content\/uploads\/2021\/10\/cropped-logo-psitwor-wektor-1.png","width":277,"height":63,"caption":"Psitw\u00f3r"},"image":{"@id":"https:\/\/psitwor.pl\/sklep\/#\/schema\/logo\/image\/"},"sameAs":["https:\/\/www.facebook.com\/psitwor\/","https:\/\/www.instagram.com\/psitwor_pl\/"]}]}},"jetpack_sharing_enabled":true,"_links":{"self":[{"href":"https:\/\/psitwor.pl\/sklep\/index.php?rest_route=\/wp\/v2\/product\/2970","targetHints":{"allow":["GET"]}}],"collection":[{"href":"https:\/\/psitwor.pl\/sklep\/index.php?rest_route=\/wp\/v2\/product"}],"about":[{"href":"https:\/\/psitwor.pl\/sklep\/index.php?rest_route=\/wp\/v2\/types\/product"}],"wp:featuredmedia":[{"embeddable":true,"href":"https:\/\/psitwor.pl\/sklep\/index.php?rest_route=\/wp\/v2\/media\/2989"}],"wp:attachment":[{"href":"https:\/\/psitwor.pl\/sklep\/index.php?rest_route=%2Fwp%2Fv2%2Fmedia&parent=2970"}],"wp:term":[{"taxonomy":"product_brand","embeddable":true,"href":"https:\/\/psitwor.pl\/sklep\/index.php?rest_route=%2Fwp%2Fv2%2Fproduct_brand&post=2970"},{"taxonomy":"product_cat","embeddable":true,"href":"https:\/\/psitwor.pl\/sklep\/index.php?rest_route=%2Fwp%2Fv2%2Fproduct_cat&post=2970"},{"taxonomy":"product_tag","embeddable":true,"href":"https:\/\/psitwor.pl\/sklep\/index.php?rest_route=%2Fwp%2Fv2%2Fproduct_tag&post=2970"}],"curies":[{"name":"wp","href":"https:\/\/api.w.org\/{rel}","templated":true}]}}