{"id":3391,"date":"2024-04-22T16:19:45","date_gmt":"2024-04-22T14:19:45","guid":{"rendered":"https:\/\/psitwor.pl\/sklep\/?post_type=product&#038;p=3391"},"modified":"2025-03-11T22:03:50","modified_gmt":"2025-03-11T21:03:50","slug":"scrunchie-do-wlosow-2","status":"publish","type":"product","link":"https:\/\/psitwor.pl\/sklep\/?product=scrunchie-do-wlosow-2","title":{"rendered":"Scrunchie do w\u0142os\u00f3w"},"content":{"rendered":"","protected":false},"excerpt":{"rendered":"<p>Mi\u0119ciutka gumka do w\u0142os\u00f3w wykonana z przyjemnego w dotyku velvetu z autorskim nadrukiem w pieski i kwiatki.<br \/>\nSzyte w Polsce.<\/p>\n","protected":false},"featured_media":3393,"template":"","meta":[],"product_brand":[],"product_cat":[23,48],"product_tag":[],"class_list":{"0":"post-3391","1":"product","2":"type-product","3":"status-publish","4":"has-post-thumbnail","6":"product_cat-akcesoria","7":"product_cat-psitwor","9":"first","10":"instock","11":"shipping-taxable","12":"purchasable","13":"product-type-simple"},"yoast_head":"<!-- This site is optimized with the Yoast SEO plugin v27.5 - https:\/\/yoast.com\/product\/yoast-seo-wordpress\/ -->\n<title>Scrunchie do w\u0142os\u00f3w - Psitw&oacute;r<\/title>\n<meta name=\"robots\" content=\"index, follow, max-snippet:-1, max-image-preview:large, max-video-preview:-1\" \/>\n<link rel=\"canonical\" href=\"https:\/\/psitwor.pl\/sklep\/?product=scrunchie-do-wlosow-2\" \/>\n<meta property=\"og:locale\" content=\"pl_PL\" \/>\n<meta property=\"og:type\" content=\"article\" \/>\n<meta property=\"og:title\" content=\"Scrunchie do w\u0142os\u00f3w - Psitw&oacute;r\" \/>\n<meta property=\"og:description\" content=\"Mi\u0119ciutka gumka do w\u0142os\u00f3w wykonana z przyjemnego w dotyku velvetu z autorskim nadrukiem w pieski i kwiatki. Szyte w Polsce.\" \/>\n<meta property=\"og:url\" content=\"https:\/\/psitwor.pl\/sklep\/?product=scrunchie-do-wlosow-2\" \/>\n<meta property=\"og:site_name\" content=\"Psitw&oacute;r\" \/>\n<meta property=\"article:publisher\" content=\"https:\/\/www.facebook.com\/psitwor\/\" \/>\n<meta property=\"article:modified_time\" content=\"2025-03-11T21:03:50+00:00\" \/>\n<meta property=\"og:image\" content=\"https:\/\/psitwor.pl\/sklep\/wp-content\/uploads\/2024\/04\/scrunchies2-scaled.jpg\" \/>\n\t<meta property=\"og:image:width\" content=\"2055\" \/>\n\t<meta property=\"og:image:height\" content=\"2560\" \/>\n\t<meta property=\"og:image:type\" content=\"image\/jpeg\" \/>\n<meta name=\"twitter:card\" content=\"summary_large_image\" \/>\n<meta name=\"twitter:label1\" content=\"Szacowany czas czytania\" \/>\n\t<meta name=\"twitter:data1\" content=\"1 minuta\" \/>\n<script type=\"application\/ld+json\" class=\"yoast-schema-graph\">{\"@context\":\"https:\\\/\\\/schema.org\",\"@graph\":[{\"@type\":\"WebPage\",\"@id\":\"https:\\\/\\\/psitwor.pl\\\/sklep\\\/?product=scrunchie-do-wlosow-2\",\"url\":\"https:\\\/\\\/psitwor.pl\\\/sklep\\\/?product=scrunchie-do-wlosow-2\",\"name\":\"Scrunchie do w\u0142os\u00f3w - Psitw&oacute;r\",\"isPartOf\":{\"@id\":\"https:\\\/\\\/psitwor.pl\\\/sklep\\\/#website\"},\"primaryImageOfPage\":{\"@id\":\"https:\\\/\\\/psitwor.pl\\\/sklep\\\/?product=scrunchie-do-wlosow-2#primaryimage\"},\"image\":{\"@id\":\"https:\\\/\\\/psitwor.pl\\\/sklep\\\/?product=scrunchie-do-wlosow-2#primaryimage\"},\"thumbnailUrl\":\"https:\\\/\\\/psitwor.pl\\\/sklep\\\/wp-content\\\/uploads\\\/2024\\\/04\\\/scrunchies2-scaled.jpg\",\"datePublished\":\"2024-04-22T14:19:45+00:00\",\"dateModified\":\"2025-03-11T21:03:50+00:00\",\"breadcrumb\":{\"@id\":\"https:\\\/\\\/psitwor.pl\\\/sklep\\\/?product=scrunchie-do-wlosow-2#breadcrumb\"},\"inLanguage\":\"pl-PL\",\"potentialAction\":[{\"@type\":\"ReadAction\",\"target\":[\"https:\\\/\\\/psitwor.pl\\\/sklep\\\/?product=scrunchie-do-wlosow-2\"]}]},{\"@type\":\"ImageObject\",\"inLanguage\":\"pl-PL\",\"@id\":\"https:\\\/\\\/psitwor.pl\\\/sklep\\\/?product=scrunchie-do-wlosow-2#primaryimage\",\"url\":\"https:\\\/\\\/psitwor.pl\\\/sklep\\\/wp-content\\\/uploads\\\/2024\\\/04\\\/scrunchies2-scaled.jpg\",\"contentUrl\":\"https:\\\/\\\/psitwor.pl\\\/sklep\\\/wp-content\\\/uploads\\\/2024\\\/04\\\/scrunchies2-scaled.jpg\",\"width\":2055,\"height\":2560,\"caption\":\"Processed with VSCO with g6 preset\"},{\"@type\":\"BreadcrumbList\",\"@id\":\"https:\\\/\\\/psitwor.pl\\\/sklep\\\/?product=scrunchie-do-wlosow-2#breadcrumb\",\"itemListElement\":[{\"@type\":\"ListItem\",\"position\":1,\"name\":\"Strona g\u0142\u00f3wna\",\"item\":\"https:\\\/\\\/psitwor.pl\\\/sklep\\\/\"},{\"@type\":\"ListItem\",\"position\":2,\"name\":\"Wszystkie produkty\",\"item\":\"https:\\\/\\\/psitwor.pl\\\/sklep\\\/?page_id=287\"},{\"@type\":\"ListItem\",\"position\":3,\"name\":\"Scrunchie do w\u0142os\u00f3w\"}]},{\"@type\":\"WebSite\",\"@id\":\"https:\\\/\\\/psitwor.pl\\\/sklep\\\/#website\",\"url\":\"https:\\\/\\\/psitwor.pl\\\/sklep\\\/\",\"name\":\"Psitw&oacute;r\",\"description\":\"Kreatywne karmienie zwierz\u0105t\",\"publisher\":{\"@id\":\"https:\\\/\\\/psitwor.pl\\\/sklep\\\/#organization\"},\"potentialAction\":[{\"@type\":\"SearchAction\",\"target\":{\"@type\":\"EntryPoint\",\"urlTemplate\":\"https:\\\/\\\/psitwor.pl\\\/sklep\\\/?s={search_term_string}\"},\"query-input\":{\"@type\":\"PropertyValueSpecification\",\"valueRequired\":true,\"valueName\":\"search_term_string\"}}],\"inLanguage\":\"pl-PL\"},{\"@type\":\"Organization\",\"@id\":\"https:\\\/\\\/psitwor.pl\\\/sklep\\\/#organization\",\"name\":\"Psitw\u00f3r\",\"url\":\"https:\\\/\\\/psitwor.pl\\\/sklep\\\/\",\"logo\":{\"@type\":\"ImageObject\",\"inLanguage\":\"pl-PL\",\"@id\":\"https:\\\/\\\/psitwor.pl\\\/sklep\\\/#\\\/schema\\\/logo\\\/image\\\/\",\"url\":\"https:\\\/\\\/psitwor.pl\\\/sklep\\\/wp-content\\\/uploads\\\/2021\\\/10\\\/cropped-logo-psitwor-wektor-1.png\",\"contentUrl\":\"https:\\\/\\\/psitwor.pl\\\/sklep\\\/wp-content\\\/uploads\\\/2021\\\/10\\\/cropped-logo-psitwor-wektor-1.png\",\"width\":277,\"height\":63,\"caption\":\"Psitw\u00f3r\"},\"image\":{\"@id\":\"https:\\\/\\\/psitwor.pl\\\/sklep\\\/#\\\/schema\\\/logo\\\/image\\\/\"},\"sameAs\":[\"https:\\\/\\\/www.facebook.com\\\/psitwor\\\/\",\"https:\\\/\\\/www.instagram.com\\\/psitwor_pl\\\/\"]}]}<\/script>\n<!-- \/ Yoast SEO plugin. -->","yoast_head_json":{"title":"Scrunchie do w\u0142os\u00f3w - Psitw&oacute;r","robots":{"index":"index","follow":"follow","max-snippet":"max-snippet:-1","max-image-preview":"max-image-preview:large","max-video-preview":"max-video-preview:-1"},"canonical":"https:\/\/psitwor.pl\/sklep\/?product=scrunchie-do-wlosow-2","og_locale":"pl_PL","og_type":"article","og_title":"Scrunchie do w\u0142os\u00f3w - Psitw&oacute;r","og_description":"Mi\u0119ciutka gumka do w\u0142os\u00f3w wykonana z przyjemnego w dotyku velvetu z autorskim nadrukiem w pieski i kwiatki. Szyte w Polsce.","og_url":"https:\/\/psitwor.pl\/sklep\/?product=scrunchie-do-wlosow-2","og_site_name":"Psitw&oacute;r","article_publisher":"https:\/\/www.facebook.com\/psitwor\/","article_modified_time":"2025-03-11T21:03:50+00:00","og_image":[{"width":2055,"height":2560,"url":"https:\/\/psitwor.pl\/sklep\/wp-content\/uploads\/2024\/04\/scrunchies2-scaled.jpg","type":"image\/jpeg"}],"twitter_card":"summary_large_image","twitter_misc":{"Szacowany czas czytania":"1 minuta"},"schema":{"@context":"https:\/\/schema.org","@graph":[{"@type":"WebPage","@id":"https:\/\/psitwor.pl\/sklep\/?product=scrunchie-do-wlosow-2","url":"https:\/\/psitwor.pl\/sklep\/?product=scrunchie-do-wlosow-2","name":"Scrunchie do w\u0142os\u00f3w - Psitw&oacute;r","isPartOf":{"@id":"https:\/\/psitwor.pl\/sklep\/#website"},"primaryImageOfPage":{"@id":"https:\/\/psitwor.pl\/sklep\/?product=scrunchie-do-wlosow-2#primaryimage"},"image":{"@id":"https:\/\/psitwor.pl\/sklep\/?product=scrunchie-do-wlosow-2#primaryimage"},"thumbnailUrl":"https:\/\/psitwor.pl\/sklep\/wp-content\/uploads\/2024\/04\/scrunchies2-scaled.jpg","datePublished":"2024-04-22T14:19:45+00:00","dateModified":"2025-03-11T21:03:50+00:00","breadcrumb":{"@id":"https:\/\/psitwor.pl\/sklep\/?product=scrunchie-do-wlosow-2#breadcrumb"},"inLanguage":"pl-PL","potentialAction":[{"@type":"ReadAction","target":["https:\/\/psitwor.pl\/sklep\/?product=scrunchie-do-wlosow-2"]}]},{"@type":"ImageObject","inLanguage":"pl-PL","@id":"https:\/\/psitwor.pl\/sklep\/?product=scrunchie-do-wlosow-2#primaryimage","url":"https:\/\/psitwor.pl\/sklep\/wp-content\/uploads\/2024\/04\/scrunchies2-scaled.jpg","contentUrl":"https:\/\/psitwor.pl\/sklep\/wp-content\/uploads\/2024\/04\/scrunchies2-scaled.jpg","width":2055,"height":2560,"caption":"Processed with VSCO with g6 preset"},{"@type":"BreadcrumbList","@id":"https:\/\/psitwor.pl\/sklep\/?product=scrunchie-do-wlosow-2#breadcrumb","itemListElement":[{"@type":"ListItem","position":1,"name":"Strona g\u0142\u00f3wna","item":"https:\/\/psitwor.pl\/sklep\/"},{"@type":"ListItem","position":2,"name":"Wszystkie produkty","item":"https:\/\/psitwor.pl\/sklep\/?page_id=287"},{"@type":"ListItem","position":3,"name":"Scrunchie do w\u0142os\u00f3w"}]},{"@type":"WebSite","@id":"https:\/\/psitwor.pl\/sklep\/#website","url":"https:\/\/psitwor.pl\/sklep\/","name":"Psitw&oacute;r","description":"Kreatywne karmienie zwierz\u0105t","publisher":{"@id":"https:\/\/psitwor.pl\/sklep\/#organization"},"potentialAction":[{"@type":"SearchAction","target":{"@type":"EntryPoint","urlTemplate":"https:\/\/psitwor.pl\/sklep\/?s={search_term_string}"},"query-input":{"@type":"PropertyValueSpecification","valueRequired":true,"valueName":"search_term_string"}}],"inLanguage":"pl-PL"},{"@type":"Organization","@id":"https:\/\/psitwor.pl\/sklep\/#organization","name":"Psitw\u00f3r","url":"https:\/\/psitwor.pl\/sklep\/","logo":{"@type":"ImageObject","inLanguage":"pl-PL","@id":"https:\/\/psitwor.pl\/sklep\/#\/schema\/logo\/image\/","url":"https:\/\/psitwor.pl\/sklep\/wp-content\/uploads\/2021\/10\/cropped-logo-psitwor-wektor-1.png","contentUrl":"https:\/\/psitwor.pl\/sklep\/wp-content\/uploads\/2021\/10\/cropped-logo-psitwor-wektor-1.png","width":277,"height":63,"caption":"Psitw\u00f3r"},"image":{"@id":"https:\/\/psitwor.pl\/sklep\/#\/schema\/logo\/image\/"},"sameAs":["https:\/\/www.facebook.com\/psitwor\/","https:\/\/www.instagram.com\/psitwor_pl\/"]}]}},"jetpack_sharing_enabled":true,"_links":{"self":[{"href":"https:\/\/psitwor.pl\/sklep\/index.php?rest_route=\/wp\/v2\/product\/3391","targetHints":{"allow":["GET"]}}],"collection":[{"href":"https:\/\/psitwor.pl\/sklep\/index.php?rest_route=\/wp\/v2\/product"}],"about":[{"href":"https:\/\/psitwor.pl\/sklep\/index.php?rest_route=\/wp\/v2\/types\/product"}],"wp:featuredmedia":[{"embeddable":true,"href":"https:\/\/psitwor.pl\/sklep\/index.php?rest_route=\/wp\/v2\/media\/3393"}],"wp:attachment":[{"href":"https:\/\/psitwor.pl\/sklep\/index.php?rest_route=%2Fwp%2Fv2%2Fmedia&parent=3391"}],"wp:term":[{"taxonomy":"product_brand","embeddable":true,"href":"https:\/\/psitwor.pl\/sklep\/index.php?rest_route=%2Fwp%2Fv2%2Fproduct_brand&post=3391"},{"taxonomy":"product_cat","embeddable":true,"href":"https:\/\/psitwor.pl\/sklep\/index.php?rest_route=%2Fwp%2Fv2%2Fproduct_cat&post=3391"},{"taxonomy":"product_tag","embeddable":true,"href":"https:\/\/psitwor.pl\/sklep\/index.php?rest_route=%2Fwp%2Fv2%2Fproduct_tag&post=3391"}],"curies":[{"name":"wp","href":"https:\/\/api.w.org\/{rel}","templated":true}]}}