{"id":3676,"date":"2024-08-22T12:54:07","date_gmt":"2024-08-22T10:54:07","guid":{"rendered":"https:\/\/psitwor.pl\/sklep\/?post_type=product&#038;p=3676"},"modified":"2024-11-22T14:03:24","modified_gmt":"2024-11-22T13:03:24","slug":"azurowa-pilka-jw-medium-115-cm","status":"publish","type":"product","link":"https:\/\/psitwor.pl\/sklep\/?product=azurowa-pilka-jw-medium-115-cm","title":{"rendered":"A\u017curowa pi\u0142ka JW medium, 11,5 cm"},"content":{"rendered":"","protected":false},"excerpt":{"rendered":"<p class=\"h1\">HOL-EE ROLLER medium \u00d811,5 CM<\/p>\n<p><strong>Hol-EE Roller\u00a0<\/strong>firmy<strong>\u00a0JW Pets<\/strong> to unikalna, a\u017curowa pi\u0142ka o dobrej wytrzyma\u0142o\u015bci.\u00a0 Zastosowana przy produkcji guma powoduje, \u017ce zabawka jest mocna, dobrze odbija si\u0119 od pod\u0142o\u017ca i ma przyjemn\u0105 w dotyku tekstur\u0119. Hol-EE Roller to idealna pi\u0142ka do schowania przysmak\u00f3w i pomocy w treningu. Sprawdza si\u0119 przy aportowaniu oraz w zabawie w szarpanie i ci\u0105ganie.<\/p>\n<p>Nadaje si\u0119 do \u017cucia dla z\u0105bkuj\u0105cych szczeniak\u00f3w<\/p>\n<p>Wykonana z nietoksycznej, naturalnej, elastycznej gumy.<\/p>\n<p><strong>NOWO\u015a\u0106:<\/strong> dost\u0119pna opcja z futrem owczym w \u015brodku pi\u0142ki<br \/>\nSprawd\u017a te\u017c wersj\u0119 z odczepian\u0105 r\u0105czk\u0105!<\/p>\n<p>&nbsp;<\/p>\n","protected":false},"featured_media":3901,"template":"","meta":[],"product_brand":[],"product_cat":[31],"product_tag":[],"class_list":{"0":"post-3676","1":"product","2":"type-product","3":"status-publish","4":"has-post-thumbnail","6":"product_cat-zabawki","8":"first","9":"instock","10":"shipping-taxable","11":"purchasable","12":"product-type-variable"},"yoast_head":"<!-- This site is optimized with the Yoast SEO plugin v23.1 - https:\/\/yoast.com\/wordpress\/plugins\/seo\/ -->\n<title>A\u017curowa pi\u0142ka JW medium, 11,5 cm - Psitw&oacute;r<\/title>\n<meta name=\"robots\" content=\"index, follow, max-snippet:-1, max-image-preview:large, max-video-preview:-1\" \/>\n<link rel=\"canonical\" href=\"https:\/\/psitwor.pl\/sklep\/?product=azurowa-pilka-jw-medium-115-cm\" \/>\n<meta property=\"og:locale\" content=\"pl_PL\" \/>\n<meta property=\"og:type\" content=\"article\" \/>\n<meta property=\"og:title\" content=\"A\u017curowa pi\u0142ka JW medium, 11,5 cm - Psitw&oacute;r\" \/>\n<meta property=\"og:description\" content=\"HOL-EE ROLLER medium \u00d811,5 CM Hol-EE Roller\u00a0firmy\u00a0JW Pets to unikalna, a\u017curowa pi\u0142ka o dobrej wytrzyma\u0142o\u015bci.\u00a0 Zastosowana przy produkcji guma powoduje, \u017ce zabawka jest mocna, dobrze odbija si\u0119 od pod\u0142o\u017ca i ma przyjemn\u0105 w dotyku tekstur\u0119. Hol-EE Roller to idealna pi\u0142ka do schowania przysmak\u00f3w i pomocy w treningu. Sprawdza si\u0119 przy aportowaniu oraz w zabawie w szarpanie i ci\u0105ganie.  Nadaje si\u0119 do \u017cucia dla z\u0105bkuj\u0105cych szczeniak\u00f3w  Wykonana z nietoksycznej, naturalnej, elastycznej gumy.  NOWO\u015a\u0106: dost\u0119pna opcja z futrem owczym w \u015brodku pi\u0142ki Sprawd\u017a te\u017c wersj\u0119 z odczepian\u0105 r\u0105czk\u0105!  &nbsp;\" \/>\n<meta property=\"og:url\" content=\"https:\/\/psitwor.pl\/sklep\/?product=azurowa-pilka-jw-medium-115-cm\" \/>\n<meta property=\"og:site_name\" content=\"Psitw&oacute;r\" \/>\n<meta property=\"article:publisher\" content=\"https:\/\/www.facebook.com\/psitwor\/\" \/>\n<meta property=\"article:modified_time\" content=\"2024-11-22T13:03:24+00:00\" \/>\n<meta property=\"og:image\" content=\"https:\/\/psitwor.pl\/sklep\/wp-content\/uploads\/2024\/08\/blekitna-M.jpg\" \/>\n\t<meta property=\"og:image:width\" content=\"800\" \/>\n\t<meta property=\"og:image:height\" content=\"800\" \/>\n\t<meta property=\"og:image:type\" content=\"image\/jpeg\" \/>\n<meta name=\"twitter:card\" content=\"summary_large_image\" \/>\n<meta name=\"twitter:label1\" content=\"Szacowany czas czytania\" \/>\n\t<meta name=\"twitter:data1\" content=\"1 minuta\" \/>\n<script type=\"application\/ld+json\" class=\"yoast-schema-graph\">{\"@context\":\"https:\/\/schema.org\",\"@graph\":[{\"@type\":\"WebPage\",\"@id\":\"https:\/\/psitwor.pl\/sklep\/?product=azurowa-pilka-jw-medium-115-cm\",\"url\":\"https:\/\/psitwor.pl\/sklep\/?product=azurowa-pilka-jw-medium-115-cm\",\"name\":\"A\u017curowa pi\u0142ka JW medium, 11,5 cm - Psitw&oacute;r\",\"isPartOf\":{\"@id\":\"https:\/\/psitwor.pl\/sklep\/#website\"},\"primaryImageOfPage\":{\"@id\":\"https:\/\/psitwor.pl\/sklep\/?product=azurowa-pilka-jw-medium-115-cm#primaryimage\"},\"image\":{\"@id\":\"https:\/\/psitwor.pl\/sklep\/?product=azurowa-pilka-jw-medium-115-cm#primaryimage\"},\"thumbnailUrl\":\"https:\/\/psitwor.pl\/sklep\/wp-content\/uploads\/2024\/08\/blekitna-M.jpg\",\"datePublished\":\"2024-08-22T10:54:07+00:00\",\"dateModified\":\"2024-11-22T13:03:24+00:00\",\"breadcrumb\":{\"@id\":\"https:\/\/psitwor.pl\/sklep\/?product=azurowa-pilka-jw-medium-115-cm#breadcrumb\"},\"inLanguage\":\"pl-PL\",\"potentialAction\":[{\"@type\":\"ReadAction\",\"target\":[\"https:\/\/psitwor.pl\/sklep\/?product=azurowa-pilka-jw-medium-115-cm\"]}]},{\"@type\":\"ImageObject\",\"inLanguage\":\"pl-PL\",\"@id\":\"https:\/\/psitwor.pl\/sklep\/?product=azurowa-pilka-jw-medium-115-cm#primaryimage\",\"url\":\"https:\/\/psitwor.pl\/sklep\/wp-content\/uploads\/2024\/08\/blekitna-M.jpg\",\"contentUrl\":\"https:\/\/psitwor.pl\/sklep\/wp-content\/uploads\/2024\/08\/blekitna-M.jpg\",\"width\":800,\"height\":800},{\"@type\":\"BreadcrumbList\",\"@id\":\"https:\/\/psitwor.pl\/sklep\/?product=azurowa-pilka-jw-medium-115-cm#breadcrumb\",\"itemListElement\":[{\"@type\":\"ListItem\",\"position\":1,\"name\":\"Strona g\u0142\u00f3wna\",\"item\":\"https:\/\/psitwor.pl\/sklep\/\"},{\"@type\":\"ListItem\",\"position\":2,\"name\":\"Wszystkie produkty\",\"item\":\"https:\/\/psitwor.pl\/sklep\/?page_id=287\"},{\"@type\":\"ListItem\",\"position\":3,\"name\":\"A\u017curowa pi\u0142ka JW medium, 11,5 cm\"}]},{\"@type\":\"WebSite\",\"@id\":\"https:\/\/psitwor.pl\/sklep\/#website\",\"url\":\"https:\/\/psitwor.pl\/sklep\/\",\"name\":\"Psitw&oacute;r\",\"description\":\"Kreatywne karmienie zwierz\u0105t\",\"publisher\":{\"@id\":\"https:\/\/psitwor.pl\/sklep\/#organization\"},\"potentialAction\":[{\"@type\":\"SearchAction\",\"target\":{\"@type\":\"EntryPoint\",\"urlTemplate\":\"https:\/\/psitwor.pl\/sklep\/?s={search_term_string}\"},\"query-input\":\"required name=search_term_string\"}],\"inLanguage\":\"pl-PL\"},{\"@type\":\"Organization\",\"@id\":\"https:\/\/psitwor.pl\/sklep\/#organization\",\"name\":\"Psitw\u00f3r\",\"url\":\"https:\/\/psitwor.pl\/sklep\/\",\"logo\":{\"@type\":\"ImageObject\",\"inLanguage\":\"pl-PL\",\"@id\":\"https:\/\/psitwor.pl\/sklep\/#\/schema\/logo\/image\/\",\"url\":\"https:\/\/psitwor.pl\/sklep\/wp-content\/uploads\/2021\/10\/cropped-logo-psitwor-wektor-1.png\",\"contentUrl\":\"https:\/\/psitwor.pl\/sklep\/wp-content\/uploads\/2021\/10\/cropped-logo-psitwor-wektor-1.png\",\"width\":277,\"height\":63,\"caption\":\"Psitw\u00f3r\"},\"image\":{\"@id\":\"https:\/\/psitwor.pl\/sklep\/#\/schema\/logo\/image\/\"},\"sameAs\":[\"https:\/\/www.facebook.com\/psitwor\/\",\"https:\/\/www.instagram.com\/psitwor_pl\/\"]}]}<\/script>\n<!-- \/ Yoast SEO plugin. -->","yoast_head_json":{"title":"A\u017curowa pi\u0142ka JW medium, 11,5 cm - Psitw&oacute;r","robots":{"index":"index","follow":"follow","max-snippet":"max-snippet:-1","max-image-preview":"max-image-preview:large","max-video-preview":"max-video-preview:-1"},"canonical":"https:\/\/psitwor.pl\/sklep\/?product=azurowa-pilka-jw-medium-115-cm","og_locale":"pl_PL","og_type":"article","og_title":"A\u017curowa pi\u0142ka JW medium, 11,5 cm - Psitw&oacute;r","og_description":"HOL-EE ROLLER medium \u00d811,5 CM Hol-EE Roller\u00a0firmy\u00a0JW Pets to unikalna, a\u017curowa pi\u0142ka o dobrej wytrzyma\u0142o\u015bci.\u00a0 Zastosowana przy produkcji guma powoduje, \u017ce zabawka jest mocna, dobrze odbija si\u0119 od pod\u0142o\u017ca i ma przyjemn\u0105 w dotyku tekstur\u0119. Hol-EE Roller to idealna pi\u0142ka do schowania przysmak\u00f3w i pomocy w treningu. Sprawdza si\u0119 przy aportowaniu oraz w zabawie w szarpanie i ci\u0105ganie.  Nadaje si\u0119 do \u017cucia dla z\u0105bkuj\u0105cych szczeniak\u00f3w  Wykonana z nietoksycznej, naturalnej, elastycznej gumy.  NOWO\u015a\u0106: dost\u0119pna opcja z futrem owczym w \u015brodku pi\u0142ki Sprawd\u017a te\u017c wersj\u0119 z odczepian\u0105 r\u0105czk\u0105!  &nbsp;","og_url":"https:\/\/psitwor.pl\/sklep\/?product=azurowa-pilka-jw-medium-115-cm","og_site_name":"Psitw&oacute;r","article_publisher":"https:\/\/www.facebook.com\/psitwor\/","article_modified_time":"2024-11-22T13:03:24+00:00","og_image":[{"width":800,"height":800,"url":"https:\/\/psitwor.pl\/sklep\/wp-content\/uploads\/2024\/08\/blekitna-M.jpg","type":"image\/jpeg"}],"twitter_card":"summary_large_image","twitter_misc":{"Szacowany czas czytania":"1 minuta"},"schema":{"@context":"https:\/\/schema.org","@graph":[{"@type":"WebPage","@id":"https:\/\/psitwor.pl\/sklep\/?product=azurowa-pilka-jw-medium-115-cm","url":"https:\/\/psitwor.pl\/sklep\/?product=azurowa-pilka-jw-medium-115-cm","name":"A\u017curowa pi\u0142ka JW medium, 11,5 cm - Psitw&oacute;r","isPartOf":{"@id":"https:\/\/psitwor.pl\/sklep\/#website"},"primaryImageOfPage":{"@id":"https:\/\/psitwor.pl\/sklep\/?product=azurowa-pilka-jw-medium-115-cm#primaryimage"},"image":{"@id":"https:\/\/psitwor.pl\/sklep\/?product=azurowa-pilka-jw-medium-115-cm#primaryimage"},"thumbnailUrl":"https:\/\/psitwor.pl\/sklep\/wp-content\/uploads\/2024\/08\/blekitna-M.jpg","datePublished":"2024-08-22T10:54:07+00:00","dateModified":"2024-11-22T13:03:24+00:00","breadcrumb":{"@id":"https:\/\/psitwor.pl\/sklep\/?product=azurowa-pilka-jw-medium-115-cm#breadcrumb"},"inLanguage":"pl-PL","potentialAction":[{"@type":"ReadAction","target":["https:\/\/psitwor.pl\/sklep\/?product=azurowa-pilka-jw-medium-115-cm"]}]},{"@type":"ImageObject","inLanguage":"pl-PL","@id":"https:\/\/psitwor.pl\/sklep\/?product=azurowa-pilka-jw-medium-115-cm#primaryimage","url":"https:\/\/psitwor.pl\/sklep\/wp-content\/uploads\/2024\/08\/blekitna-M.jpg","contentUrl":"https:\/\/psitwor.pl\/sklep\/wp-content\/uploads\/2024\/08\/blekitna-M.jpg","width":800,"height":800},{"@type":"BreadcrumbList","@id":"https:\/\/psitwor.pl\/sklep\/?product=azurowa-pilka-jw-medium-115-cm#breadcrumb","itemListElement":[{"@type":"ListItem","position":1,"name":"Strona g\u0142\u00f3wna","item":"https:\/\/psitwor.pl\/sklep\/"},{"@type":"ListItem","position":2,"name":"Wszystkie produkty","item":"https:\/\/psitwor.pl\/sklep\/?page_id=287"},{"@type":"ListItem","position":3,"name":"A\u017curowa pi\u0142ka JW medium, 11,5 cm"}]},{"@type":"WebSite","@id":"https:\/\/psitwor.pl\/sklep\/#website","url":"https:\/\/psitwor.pl\/sklep\/","name":"Psitw&oacute;r","description":"Kreatywne karmienie zwierz\u0105t","publisher":{"@id":"https:\/\/psitwor.pl\/sklep\/#organization"},"potentialAction":[{"@type":"SearchAction","target":{"@type":"EntryPoint","urlTemplate":"https:\/\/psitwor.pl\/sklep\/?s={search_term_string}"},"query-input":"required name=search_term_string"}],"inLanguage":"pl-PL"},{"@type":"Organization","@id":"https:\/\/psitwor.pl\/sklep\/#organization","name":"Psitw\u00f3r","url":"https:\/\/psitwor.pl\/sklep\/","logo":{"@type":"ImageObject","inLanguage":"pl-PL","@id":"https:\/\/psitwor.pl\/sklep\/#\/schema\/logo\/image\/","url":"https:\/\/psitwor.pl\/sklep\/wp-content\/uploads\/2021\/10\/cropped-logo-psitwor-wektor-1.png","contentUrl":"https:\/\/psitwor.pl\/sklep\/wp-content\/uploads\/2021\/10\/cropped-logo-psitwor-wektor-1.png","width":277,"height":63,"caption":"Psitw\u00f3r"},"image":{"@id":"https:\/\/psitwor.pl\/sklep\/#\/schema\/logo\/image\/"},"sameAs":["https:\/\/www.facebook.com\/psitwor\/","https:\/\/www.instagram.com\/psitwor_pl\/"]}]}},"jetpack_sharing_enabled":true,"_links":{"self":[{"href":"https:\/\/psitwor.pl\/sklep\/index.php?rest_route=\/wp\/v2\/product\/3676","targetHints":{"allow":["GET"]}}],"collection":[{"href":"https:\/\/psitwor.pl\/sklep\/index.php?rest_route=\/wp\/v2\/product"}],"about":[{"href":"https:\/\/psitwor.pl\/sklep\/index.php?rest_route=\/wp\/v2\/types\/product"}],"wp:featuredmedia":[{"embeddable":true,"href":"https:\/\/psitwor.pl\/sklep\/index.php?rest_route=\/wp\/v2\/media\/3901"}],"wp:attachment":[{"href":"https:\/\/psitwor.pl\/sklep\/index.php?rest_route=%2Fwp%2Fv2%2Fmedia&parent=3676"}],"wp:term":[{"taxonomy":"product_brand","embeddable":true,"href":"https:\/\/psitwor.pl\/sklep\/index.php?rest_route=%2Fwp%2Fv2%2Fproduct_brand&post=3676"},{"taxonomy":"product_cat","embeddable":true,"href":"https:\/\/psitwor.pl\/sklep\/index.php?rest_route=%2Fwp%2Fv2%2Fproduct_cat&post=3676"},{"taxonomy":"product_tag","embeddable":true,"href":"https:\/\/psitwor.pl\/sklep\/index.php?rest_route=%2Fwp%2Fv2%2Fproduct_tag&post=3676"}],"curies":[{"name":"wp","href":"https:\/\/api.w.org\/{rel}","templated":true}]}}