{"id":3944,"date":"2024-11-25T16:45:49","date_gmt":"2024-11-25T15:45:49","guid":{"rendered":"https:\/\/psitwor.pl\/sklep\/?post_type=product&#038;p=3944"},"modified":"2024-11-25T16:45:49","modified_gmt":"2024-11-25T15:45:49","slug":"wymienne-wiewiorki-do-snuffle-ball","status":"publish","type":"product","link":"https:\/\/psitwor.pl\/sklep\/?product=wymienne-wiewiorki-do-snuffle-ball","title":{"rendered":"Wymienne wiewi\u00f3rki do Snuffle Ball"},"content":{"rendered":"","protected":false},"excerpt":{"rendered":"<p><strong>WYMIENNE WIEWI\u00d3RKI DO SNUFFLE\/TREAT BALL 3szt<\/strong><\/p>\n<p>Uzupe\u0142nij zabaw\u0119 dzi\u0119ki zamiennikom wiewi\u00f3rek Snuffle N&#8217; Treat Ball w 3-paku! Te zwierzaki s\u0105 kompatybilne z kulk\u0105 Puzzle Snuffle N&#8217; Treat poziomu 2. Te urocze, pluszowe wiewi\u00f3rki\u00a0 mo\u017cna \u00a0w\u0142o\u017cy\u0107 do naszej linii zabawek Hide\u00a0 Wykonane\u00a0z mi\u0119kkiego materia\u0142u, kt\u00f3ry jest wystarczaj\u0105co delikatny dla szczeni\u0105t i doros\u0142ych ps\u00f3w, ale wystarczaj\u0105co wytrzyma\u0142y, aby wytrzyma\u0107 wiele sesji zabawy. Chocia\u017c te pluszowe zabawki s\u0105 skonstruowane tak, aby przetrwa\u0142y, nale\u017cy pami\u0119ta\u0107, \u017ce nie s\u0105 one niezniszczalne.<\/p>\n","protected":false},"featured_media":3945,"template":"","meta":[],"product_brand":[],"product_cat":[49],"product_tag":[],"class_list":{"0":"post-3944","1":"product","2":"type-product","3":"status-publish","4":"has-post-thumbnail","6":"product_cat-outlet","8":"first","9":"instock","10":"sale","11":"shipping-taxable","12":"purchasable","13":"product-type-simple"},"yoast_head":"<!-- This site is optimized with the Yoast SEO plugin v23.1 - https:\/\/yoast.com\/wordpress\/plugins\/seo\/ -->\n<title>Wymienne wiewi\u00f3rki do Snuffle Ball - Psitw&oacute;r<\/title>\n<meta name=\"robots\" content=\"index, follow, max-snippet:-1, max-image-preview:large, max-video-preview:-1\" \/>\n<link rel=\"canonical\" href=\"https:\/\/psitwor.pl\/sklep\/?product=wymienne-wiewiorki-do-snuffle-ball\" \/>\n<meta property=\"og:locale\" content=\"pl_PL\" \/>\n<meta property=\"og:type\" content=\"article\" \/>\n<meta property=\"og:title\" content=\"Wymienne wiewi\u00f3rki do Snuffle Ball - Psitw&oacute;r\" \/>\n<meta property=\"og:description\" content=\"WYMIENNE WIEWI\u00d3RKI DO SNUFFLE\/TREAT BALL 3szt  Uzupe\u0142nij zabaw\u0119 dzi\u0119ki zamiennikom wiewi\u00f3rek Snuffle N&#039; Treat Ball w 3-paku! Te zwierzaki s\u0105 kompatybilne z kulk\u0105 Puzzle Snuffle N&#039; Treat poziomu 2. Te urocze, pluszowe wiewi\u00f3rki\u00a0 mo\u017cna \u00a0w\u0142o\u017cy\u0107 do naszej linii zabawek Hide\u00a0 Wykonane\u00a0z mi\u0119kkiego materia\u0142u, kt\u00f3ry jest wystarczaj\u0105co delikatny dla szczeni\u0105t i doros\u0142ych ps\u00f3w, ale wystarczaj\u0105co wytrzyma\u0142y, aby wytrzyma\u0107 wiele sesji zabawy. Chocia\u017c te pluszowe zabawki s\u0105 skonstruowane tak, aby przetrwa\u0142y, nale\u017cy pami\u0119ta\u0107, \u017ce nie s\u0105 one niezniszczalne.\" \/>\n<meta property=\"og:url\" content=\"https:\/\/psitwor.pl\/sklep\/?product=wymienne-wiewiorki-do-snuffle-ball\" \/>\n<meta property=\"og:site_name\" content=\"Psitw&oacute;r\" \/>\n<meta property=\"article:publisher\" content=\"https:\/\/www.facebook.com\/psitwor\/\" \/>\n<meta property=\"og:image\" content=\"https:\/\/psitwor.pl\/sklep\/wp-content\/uploads\/2024\/11\/wiewiorki.jpg\" \/>\n\t<meta property=\"og:image:width\" content=\"600\" \/>\n\t<meta property=\"og:image:height\" content=\"600\" \/>\n\t<meta property=\"og:image:type\" content=\"image\/jpeg\" \/>\n<meta name=\"twitter:card\" content=\"summary_large_image\" \/>\n<meta name=\"twitter:label1\" content=\"Szacowany czas czytania\" \/>\n\t<meta name=\"twitter:data1\" content=\"1 minuta\" \/>\n<script type=\"application\/ld+json\" class=\"yoast-schema-graph\">{\"@context\":\"https:\/\/schema.org\",\"@graph\":[{\"@type\":\"WebPage\",\"@id\":\"https:\/\/psitwor.pl\/sklep\/?product=wymienne-wiewiorki-do-snuffle-ball\",\"url\":\"https:\/\/psitwor.pl\/sklep\/?product=wymienne-wiewiorki-do-snuffle-ball\",\"name\":\"Wymienne wiewi\u00f3rki do Snuffle Ball - Psitw&oacute;r\",\"isPartOf\":{\"@id\":\"https:\/\/psitwor.pl\/sklep\/#website\"},\"primaryImageOfPage\":{\"@id\":\"https:\/\/psitwor.pl\/sklep\/?product=wymienne-wiewiorki-do-snuffle-ball#primaryimage\"},\"image\":{\"@id\":\"https:\/\/psitwor.pl\/sklep\/?product=wymienne-wiewiorki-do-snuffle-ball#primaryimage\"},\"thumbnailUrl\":\"https:\/\/psitwor.pl\/sklep\/wp-content\/uploads\/2024\/11\/wiewiorki.jpg\",\"datePublished\":\"2024-11-25T15:45:49+00:00\",\"dateModified\":\"2024-11-25T15:45:49+00:00\",\"breadcrumb\":{\"@id\":\"https:\/\/psitwor.pl\/sklep\/?product=wymienne-wiewiorki-do-snuffle-ball#breadcrumb\"},\"inLanguage\":\"pl-PL\",\"potentialAction\":[{\"@type\":\"ReadAction\",\"target\":[\"https:\/\/psitwor.pl\/sklep\/?product=wymienne-wiewiorki-do-snuffle-ball\"]}]},{\"@type\":\"ImageObject\",\"inLanguage\":\"pl-PL\",\"@id\":\"https:\/\/psitwor.pl\/sklep\/?product=wymienne-wiewiorki-do-snuffle-ball#primaryimage\",\"url\":\"https:\/\/psitwor.pl\/sklep\/wp-content\/uploads\/2024\/11\/wiewiorki.jpg\",\"contentUrl\":\"https:\/\/psitwor.pl\/sklep\/wp-content\/uploads\/2024\/11\/wiewiorki.jpg\",\"width\":600,\"height\":600},{\"@type\":\"BreadcrumbList\",\"@id\":\"https:\/\/psitwor.pl\/sklep\/?product=wymienne-wiewiorki-do-snuffle-ball#breadcrumb\",\"itemListElement\":[{\"@type\":\"ListItem\",\"position\":1,\"name\":\"Strona g\u0142\u00f3wna\",\"item\":\"https:\/\/psitwor.pl\/sklep\/\"},{\"@type\":\"ListItem\",\"position\":2,\"name\":\"Wszystkie produkty\",\"item\":\"https:\/\/psitwor.pl\/sklep\/?page_id=287\"},{\"@type\":\"ListItem\",\"position\":3,\"name\":\"Wymienne wiewi\u00f3rki do Snuffle Ball\"}]},{\"@type\":\"WebSite\",\"@id\":\"https:\/\/psitwor.pl\/sklep\/#website\",\"url\":\"https:\/\/psitwor.pl\/sklep\/\",\"name\":\"Psitw&oacute;r\",\"description\":\"Kreatywne karmienie zwierz\u0105t\",\"publisher\":{\"@id\":\"https:\/\/psitwor.pl\/sklep\/#organization\"},\"potentialAction\":[{\"@type\":\"SearchAction\",\"target\":{\"@type\":\"EntryPoint\",\"urlTemplate\":\"https:\/\/psitwor.pl\/sklep\/?s={search_term_string}\"},\"query-input\":\"required name=search_term_string\"}],\"inLanguage\":\"pl-PL\"},{\"@type\":\"Organization\",\"@id\":\"https:\/\/psitwor.pl\/sklep\/#organization\",\"name\":\"Psitw\u00f3r\",\"url\":\"https:\/\/psitwor.pl\/sklep\/\",\"logo\":{\"@type\":\"ImageObject\",\"inLanguage\":\"pl-PL\",\"@id\":\"https:\/\/psitwor.pl\/sklep\/#\/schema\/logo\/image\/\",\"url\":\"https:\/\/psitwor.pl\/sklep\/wp-content\/uploads\/2021\/10\/cropped-logo-psitwor-wektor-1.png\",\"contentUrl\":\"https:\/\/psitwor.pl\/sklep\/wp-content\/uploads\/2021\/10\/cropped-logo-psitwor-wektor-1.png\",\"width\":277,\"height\":63,\"caption\":\"Psitw\u00f3r\"},\"image\":{\"@id\":\"https:\/\/psitwor.pl\/sklep\/#\/schema\/logo\/image\/\"},\"sameAs\":[\"https:\/\/www.facebook.com\/psitwor\/\",\"https:\/\/www.instagram.com\/psitwor_pl\/\"]}]}<\/script>\n<!-- \/ Yoast SEO plugin. -->","yoast_head_json":{"title":"Wymienne wiewi\u00f3rki do Snuffle Ball - Psitw&oacute;r","robots":{"index":"index","follow":"follow","max-snippet":"max-snippet:-1","max-image-preview":"max-image-preview:large","max-video-preview":"max-video-preview:-1"},"canonical":"https:\/\/psitwor.pl\/sklep\/?product=wymienne-wiewiorki-do-snuffle-ball","og_locale":"pl_PL","og_type":"article","og_title":"Wymienne wiewi\u00f3rki do Snuffle Ball - Psitw&oacute;r","og_description":"WYMIENNE WIEWI\u00d3RKI DO SNUFFLE\/TREAT BALL 3szt  Uzupe\u0142nij zabaw\u0119 dzi\u0119ki zamiennikom wiewi\u00f3rek Snuffle N' Treat Ball w 3-paku! Te zwierzaki s\u0105 kompatybilne z kulk\u0105 Puzzle Snuffle N' Treat poziomu 2. Te urocze, pluszowe wiewi\u00f3rki\u00a0 mo\u017cna \u00a0w\u0142o\u017cy\u0107 do naszej linii zabawek Hide\u00a0 Wykonane\u00a0z mi\u0119kkiego materia\u0142u, kt\u00f3ry jest wystarczaj\u0105co delikatny dla szczeni\u0105t i doros\u0142ych ps\u00f3w, ale wystarczaj\u0105co wytrzyma\u0142y, aby wytrzyma\u0107 wiele sesji zabawy. Chocia\u017c te pluszowe zabawki s\u0105 skonstruowane tak, aby przetrwa\u0142y, nale\u017cy pami\u0119ta\u0107, \u017ce nie s\u0105 one niezniszczalne.","og_url":"https:\/\/psitwor.pl\/sklep\/?product=wymienne-wiewiorki-do-snuffle-ball","og_site_name":"Psitw&oacute;r","article_publisher":"https:\/\/www.facebook.com\/psitwor\/","og_image":[{"width":600,"height":600,"url":"https:\/\/psitwor.pl\/sklep\/wp-content\/uploads\/2024\/11\/wiewiorki.jpg","type":"image\/jpeg"}],"twitter_card":"summary_large_image","twitter_misc":{"Szacowany czas czytania":"1 minuta"},"schema":{"@context":"https:\/\/schema.org","@graph":[{"@type":"WebPage","@id":"https:\/\/psitwor.pl\/sklep\/?product=wymienne-wiewiorki-do-snuffle-ball","url":"https:\/\/psitwor.pl\/sklep\/?product=wymienne-wiewiorki-do-snuffle-ball","name":"Wymienne wiewi\u00f3rki do Snuffle Ball - Psitw&oacute;r","isPartOf":{"@id":"https:\/\/psitwor.pl\/sklep\/#website"},"primaryImageOfPage":{"@id":"https:\/\/psitwor.pl\/sklep\/?product=wymienne-wiewiorki-do-snuffle-ball#primaryimage"},"image":{"@id":"https:\/\/psitwor.pl\/sklep\/?product=wymienne-wiewiorki-do-snuffle-ball#primaryimage"},"thumbnailUrl":"https:\/\/psitwor.pl\/sklep\/wp-content\/uploads\/2024\/11\/wiewiorki.jpg","datePublished":"2024-11-25T15:45:49+00:00","dateModified":"2024-11-25T15:45:49+00:00","breadcrumb":{"@id":"https:\/\/psitwor.pl\/sklep\/?product=wymienne-wiewiorki-do-snuffle-ball#breadcrumb"},"inLanguage":"pl-PL","potentialAction":[{"@type":"ReadAction","target":["https:\/\/psitwor.pl\/sklep\/?product=wymienne-wiewiorki-do-snuffle-ball"]}]},{"@type":"ImageObject","inLanguage":"pl-PL","@id":"https:\/\/psitwor.pl\/sklep\/?product=wymienne-wiewiorki-do-snuffle-ball#primaryimage","url":"https:\/\/psitwor.pl\/sklep\/wp-content\/uploads\/2024\/11\/wiewiorki.jpg","contentUrl":"https:\/\/psitwor.pl\/sklep\/wp-content\/uploads\/2024\/11\/wiewiorki.jpg","width":600,"height":600},{"@type":"BreadcrumbList","@id":"https:\/\/psitwor.pl\/sklep\/?product=wymienne-wiewiorki-do-snuffle-ball#breadcrumb","itemListElement":[{"@type":"ListItem","position":1,"name":"Strona g\u0142\u00f3wna","item":"https:\/\/psitwor.pl\/sklep\/"},{"@type":"ListItem","position":2,"name":"Wszystkie produkty","item":"https:\/\/psitwor.pl\/sklep\/?page_id=287"},{"@type":"ListItem","position":3,"name":"Wymienne wiewi\u00f3rki do Snuffle Ball"}]},{"@type":"WebSite","@id":"https:\/\/psitwor.pl\/sklep\/#website","url":"https:\/\/psitwor.pl\/sklep\/","name":"Psitw&oacute;r","description":"Kreatywne karmienie zwierz\u0105t","publisher":{"@id":"https:\/\/psitwor.pl\/sklep\/#organization"},"potentialAction":[{"@type":"SearchAction","target":{"@type":"EntryPoint","urlTemplate":"https:\/\/psitwor.pl\/sklep\/?s={search_term_string}"},"query-input":"required name=search_term_string"}],"inLanguage":"pl-PL"},{"@type":"Organization","@id":"https:\/\/psitwor.pl\/sklep\/#organization","name":"Psitw\u00f3r","url":"https:\/\/psitwor.pl\/sklep\/","logo":{"@type":"ImageObject","inLanguage":"pl-PL","@id":"https:\/\/psitwor.pl\/sklep\/#\/schema\/logo\/image\/","url":"https:\/\/psitwor.pl\/sklep\/wp-content\/uploads\/2021\/10\/cropped-logo-psitwor-wektor-1.png","contentUrl":"https:\/\/psitwor.pl\/sklep\/wp-content\/uploads\/2021\/10\/cropped-logo-psitwor-wektor-1.png","width":277,"height":63,"caption":"Psitw\u00f3r"},"image":{"@id":"https:\/\/psitwor.pl\/sklep\/#\/schema\/logo\/image\/"},"sameAs":["https:\/\/www.facebook.com\/psitwor\/","https:\/\/www.instagram.com\/psitwor_pl\/"]}]}},"jetpack_sharing_enabled":true,"_links":{"self":[{"href":"https:\/\/psitwor.pl\/sklep\/index.php?rest_route=\/wp\/v2\/product\/3944","targetHints":{"allow":["GET"]}}],"collection":[{"href":"https:\/\/psitwor.pl\/sklep\/index.php?rest_route=\/wp\/v2\/product"}],"about":[{"href":"https:\/\/psitwor.pl\/sklep\/index.php?rest_route=\/wp\/v2\/types\/product"}],"wp:featuredmedia":[{"embeddable":true,"href":"https:\/\/psitwor.pl\/sklep\/index.php?rest_route=\/wp\/v2\/media\/3945"}],"wp:attachment":[{"href":"https:\/\/psitwor.pl\/sklep\/index.php?rest_route=%2Fwp%2Fv2%2Fmedia&parent=3944"}],"wp:term":[{"taxonomy":"product_brand","embeddable":true,"href":"https:\/\/psitwor.pl\/sklep\/index.php?rest_route=%2Fwp%2Fv2%2Fproduct_brand&post=3944"},{"taxonomy":"product_cat","embeddable":true,"href":"https:\/\/psitwor.pl\/sklep\/index.php?rest_route=%2Fwp%2Fv2%2Fproduct_cat&post=3944"},{"taxonomy":"product_tag","embeddable":true,"href":"https:\/\/psitwor.pl\/sklep\/index.php?rest_route=%2Fwp%2Fv2%2Fproduct_tag&post=3944"}],"curies":[{"name":"wp","href":"https:\/\/api.w.org\/{rel}","templated":true}]}}