{"id":4186,"date":"2025-02-20T10:32:02","date_gmt":"2025-02-20T09:32:02","guid":{"rendered":"https:\/\/psitwor.pl\/sklep\/?post_type=product&#038;p=4186"},"modified":"2026-01-19T01:45:48","modified_gmt":"2026-01-19T00:45:48","slug":"mata-do-spanka-dopamine-dogs","status":"publish","type":"product","link":"https:\/\/psitwor.pl\/sklep\/?product=mata-do-spanka-dopamine-dogs","title":{"rendered":"Mata do spanka Dopamine dogs"},"content":{"rendered":"","protected":false},"excerpt":{"rendered":"<p>Autorski materia\u0142 wodoodporny z weso\u0142\u0105 ilustracj\u0105 w pieski, jakiej nie znajdziecie nigdzie indziej. Wizerunki zwierzak\u00f3w s\u0105 zainspirowane prawdziwymi psami klient\u00f3w Psitwora! Z drugiej strony przyjemny w dotyku polar minky, w \u015brodku mi\u0119kkie wype\u0142nienie.<br \/>\nDo wyboru 3 rozmiary oraz kolor drugiej strony maty.<\/p>\n<p>Idealna w podr\u00f3\u017cy, w restauracjach, czy w lecznicy weterynaryjnej.<\/p>\n<p>S: 35\u00d750 cm<br \/>\nM: 50x70cm<br \/>\nL: 70x100cm<\/p>\n","protected":false},"featured_media":4202,"template":"","meta":[],"product_brand":[],"product_cat":[23,45,48],"product_tag":[],"class_list":{"0":"post-4186","1":"product","2":"type-product","3":"status-publish","4":"has-post-thumbnail","6":"product_cat-akcesoria","7":"product_cat-nowosci","8":"product_cat-psitwor","10":"first","11":"instock","12":"shipping-taxable","13":"purchasable","14":"product-type-variable"},"yoast_head":"<!-- This site is optimized with the Yoast SEO plugin v27.5 - https:\/\/yoast.com\/product\/yoast-seo-wordpress\/ -->\n<title>Mata do spanka Dopamine dogs - Psitw&oacute;r<\/title>\n<meta name=\"robots\" content=\"index, follow, max-snippet:-1, max-image-preview:large, max-video-preview:-1\" \/>\n<link rel=\"canonical\" href=\"https:\/\/psitwor.pl\/sklep\/?product=mata-do-spanka-dopamine-dogs\" \/>\n<meta property=\"og:locale\" content=\"pl_PL\" \/>\n<meta property=\"og:type\" content=\"article\" \/>\n<meta property=\"og:title\" content=\"Mata do spanka Dopamine dogs - Psitw&oacute;r\" \/>\n<meta property=\"og:description\" content=\"Autorski materia\u0142 wodoodporny z weso\u0142\u0105 ilustracj\u0105 w pieski, jakiej nie znajdziecie nigdzie indziej. Wizerunki zwierzak\u00f3w s\u0105 zainspirowane prawdziwymi psami klient\u00f3w Psitwora! Z drugiej strony przyjemny w dotyku polar minky, w \u015brodku mi\u0119kkie wype\u0142nienie. Do wyboru 3 rozmiary oraz kolor drugiej strony maty.  Idealna w podr\u00f3\u017cy, w restauracjach, czy w lecznicy weterynaryjnej.  S: 35\u00d750 cm M: 50x70cm L: 70x100cm\" \/>\n<meta property=\"og:url\" content=\"https:\/\/psitwor.pl\/sklep\/?product=mata-do-spanka-dopamine-dogs\" \/>\n<meta property=\"og:site_name\" content=\"Psitw&oacute;r\" \/>\n<meta property=\"article:publisher\" content=\"https:\/\/www.facebook.com\/psitwor\/\" \/>\n<meta property=\"article:modified_time\" content=\"2026-01-19T00:45:48+00:00\" \/>\n<meta property=\"og:image\" content=\"https:\/\/psitwor.pl\/sklep\/wp-content\/uploads\/2025\/02\/IMG_1804-scaled.jpg\" \/>\n\t<meta property=\"og:image:width\" content=\"2048\" \/>\n\t<meta property=\"og:image:height\" content=\"2560\" \/>\n\t<meta property=\"og:image:type\" content=\"image\/jpeg\" \/>\n<meta name=\"twitter:card\" content=\"summary_large_image\" \/>\n<meta name=\"twitter:label1\" content=\"Szacowany czas czytania\" \/>\n\t<meta name=\"twitter:data1\" content=\"1 minuta\" \/>\n<script type=\"application\/ld+json\" class=\"yoast-schema-graph\">{\"@context\":\"https:\\\/\\\/schema.org\",\"@graph\":[{\"@type\":\"WebPage\",\"@id\":\"https:\\\/\\\/psitwor.pl\\\/sklep\\\/?product=mata-do-spanka-dopamine-dogs\",\"url\":\"https:\\\/\\\/psitwor.pl\\\/sklep\\\/?product=mata-do-spanka-dopamine-dogs\",\"name\":\"Mata do spanka Dopamine dogs - Psitw&oacute;r\",\"isPartOf\":{\"@id\":\"https:\\\/\\\/psitwor.pl\\\/sklep\\\/#website\"},\"primaryImageOfPage\":{\"@id\":\"https:\\\/\\\/psitwor.pl\\\/sklep\\\/?product=mata-do-spanka-dopamine-dogs#primaryimage\"},\"image\":{\"@id\":\"https:\\\/\\\/psitwor.pl\\\/sklep\\\/?product=mata-do-spanka-dopamine-dogs#primaryimage\"},\"thumbnailUrl\":\"https:\\\/\\\/psitwor.pl\\\/sklep\\\/wp-content\\\/uploads\\\/2025\\\/02\\\/IMG_1804-scaled.jpg\",\"datePublished\":\"2025-02-20T09:32:02+00:00\",\"dateModified\":\"2026-01-19T00:45:48+00:00\",\"breadcrumb\":{\"@id\":\"https:\\\/\\\/psitwor.pl\\\/sklep\\\/?product=mata-do-spanka-dopamine-dogs#breadcrumb\"},\"inLanguage\":\"pl-PL\",\"potentialAction\":[{\"@type\":\"ReadAction\",\"target\":[\"https:\\\/\\\/psitwor.pl\\\/sklep\\\/?product=mata-do-spanka-dopamine-dogs\"]}]},{\"@type\":\"ImageObject\",\"inLanguage\":\"pl-PL\",\"@id\":\"https:\\\/\\\/psitwor.pl\\\/sklep\\\/?product=mata-do-spanka-dopamine-dogs#primaryimage\",\"url\":\"https:\\\/\\\/psitwor.pl\\\/sklep\\\/wp-content\\\/uploads\\\/2025\\\/02\\\/IMG_1804-scaled.jpg\",\"contentUrl\":\"https:\\\/\\\/psitwor.pl\\\/sklep\\\/wp-content\\\/uploads\\\/2025\\\/02\\\/IMG_1804-scaled.jpg\",\"width\":2048,\"height\":2560},{\"@type\":\"BreadcrumbList\",\"@id\":\"https:\\\/\\\/psitwor.pl\\\/sklep\\\/?product=mata-do-spanka-dopamine-dogs#breadcrumb\",\"itemListElement\":[{\"@type\":\"ListItem\",\"position\":1,\"name\":\"Strona g\u0142\u00f3wna\",\"item\":\"https:\\\/\\\/psitwor.pl\\\/sklep\\\/\"},{\"@type\":\"ListItem\",\"position\":2,\"name\":\"Wszystkie produkty\",\"item\":\"https:\\\/\\\/psitwor.pl\\\/sklep\\\/?page_id=287\"},{\"@type\":\"ListItem\",\"position\":3,\"name\":\"Mata do spanka Dopamine dogs\"}]},{\"@type\":\"WebSite\",\"@id\":\"https:\\\/\\\/psitwor.pl\\\/sklep\\\/#website\",\"url\":\"https:\\\/\\\/psitwor.pl\\\/sklep\\\/\",\"name\":\"Psitw&oacute;r\",\"description\":\"Kreatywne karmienie zwierz\u0105t\",\"publisher\":{\"@id\":\"https:\\\/\\\/psitwor.pl\\\/sklep\\\/#organization\"},\"potentialAction\":[{\"@type\":\"SearchAction\",\"target\":{\"@type\":\"EntryPoint\",\"urlTemplate\":\"https:\\\/\\\/psitwor.pl\\\/sklep\\\/?s={search_term_string}\"},\"query-input\":{\"@type\":\"PropertyValueSpecification\",\"valueRequired\":true,\"valueName\":\"search_term_string\"}}],\"inLanguage\":\"pl-PL\"},{\"@type\":\"Organization\",\"@id\":\"https:\\\/\\\/psitwor.pl\\\/sklep\\\/#organization\",\"name\":\"Psitw\u00f3r\",\"url\":\"https:\\\/\\\/psitwor.pl\\\/sklep\\\/\",\"logo\":{\"@type\":\"ImageObject\",\"inLanguage\":\"pl-PL\",\"@id\":\"https:\\\/\\\/psitwor.pl\\\/sklep\\\/#\\\/schema\\\/logo\\\/image\\\/\",\"url\":\"https:\\\/\\\/psitwor.pl\\\/sklep\\\/wp-content\\\/uploads\\\/2021\\\/10\\\/cropped-logo-psitwor-wektor-1.png\",\"contentUrl\":\"https:\\\/\\\/psitwor.pl\\\/sklep\\\/wp-content\\\/uploads\\\/2021\\\/10\\\/cropped-logo-psitwor-wektor-1.png\",\"width\":277,\"height\":63,\"caption\":\"Psitw\u00f3r\"},\"image\":{\"@id\":\"https:\\\/\\\/psitwor.pl\\\/sklep\\\/#\\\/schema\\\/logo\\\/image\\\/\"},\"sameAs\":[\"https:\\\/\\\/www.facebook.com\\\/psitwor\\\/\",\"https:\\\/\\\/www.instagram.com\\\/psitwor_pl\\\/\"]}]}<\/script>\n<!-- \/ Yoast SEO plugin. -->","yoast_head_json":{"title":"Mata do spanka Dopamine dogs - Psitw&oacute;r","robots":{"index":"index","follow":"follow","max-snippet":"max-snippet:-1","max-image-preview":"max-image-preview:large","max-video-preview":"max-video-preview:-1"},"canonical":"https:\/\/psitwor.pl\/sklep\/?product=mata-do-spanka-dopamine-dogs","og_locale":"pl_PL","og_type":"article","og_title":"Mata do spanka Dopamine dogs - Psitw&oacute;r","og_description":"Autorski materia\u0142 wodoodporny z weso\u0142\u0105 ilustracj\u0105 w pieski, jakiej nie znajdziecie nigdzie indziej. Wizerunki zwierzak\u00f3w s\u0105 zainspirowane prawdziwymi psami klient\u00f3w Psitwora! Z drugiej strony przyjemny w dotyku polar minky, w \u015brodku mi\u0119kkie wype\u0142nienie. Do wyboru 3 rozmiary oraz kolor drugiej strony maty.  Idealna w podr\u00f3\u017cy, w restauracjach, czy w lecznicy weterynaryjnej.  S: 35\u00d750 cm M: 50x70cm L: 70x100cm","og_url":"https:\/\/psitwor.pl\/sklep\/?product=mata-do-spanka-dopamine-dogs","og_site_name":"Psitw&oacute;r","article_publisher":"https:\/\/www.facebook.com\/psitwor\/","article_modified_time":"2026-01-19T00:45:48+00:00","og_image":[{"width":2048,"height":2560,"url":"https:\/\/psitwor.pl\/sklep\/wp-content\/uploads\/2025\/02\/IMG_1804-scaled.jpg","type":"image\/jpeg"}],"twitter_card":"summary_large_image","twitter_misc":{"Szacowany czas czytania":"1 minuta"},"schema":{"@context":"https:\/\/schema.org","@graph":[{"@type":"WebPage","@id":"https:\/\/psitwor.pl\/sklep\/?product=mata-do-spanka-dopamine-dogs","url":"https:\/\/psitwor.pl\/sklep\/?product=mata-do-spanka-dopamine-dogs","name":"Mata do spanka Dopamine dogs - Psitw&oacute;r","isPartOf":{"@id":"https:\/\/psitwor.pl\/sklep\/#website"},"primaryImageOfPage":{"@id":"https:\/\/psitwor.pl\/sklep\/?product=mata-do-spanka-dopamine-dogs#primaryimage"},"image":{"@id":"https:\/\/psitwor.pl\/sklep\/?product=mata-do-spanka-dopamine-dogs#primaryimage"},"thumbnailUrl":"https:\/\/psitwor.pl\/sklep\/wp-content\/uploads\/2025\/02\/IMG_1804-scaled.jpg","datePublished":"2025-02-20T09:32:02+00:00","dateModified":"2026-01-19T00:45:48+00:00","breadcrumb":{"@id":"https:\/\/psitwor.pl\/sklep\/?product=mata-do-spanka-dopamine-dogs#breadcrumb"},"inLanguage":"pl-PL","potentialAction":[{"@type":"ReadAction","target":["https:\/\/psitwor.pl\/sklep\/?product=mata-do-spanka-dopamine-dogs"]}]},{"@type":"ImageObject","inLanguage":"pl-PL","@id":"https:\/\/psitwor.pl\/sklep\/?product=mata-do-spanka-dopamine-dogs#primaryimage","url":"https:\/\/psitwor.pl\/sklep\/wp-content\/uploads\/2025\/02\/IMG_1804-scaled.jpg","contentUrl":"https:\/\/psitwor.pl\/sklep\/wp-content\/uploads\/2025\/02\/IMG_1804-scaled.jpg","width":2048,"height":2560},{"@type":"BreadcrumbList","@id":"https:\/\/psitwor.pl\/sklep\/?product=mata-do-spanka-dopamine-dogs#breadcrumb","itemListElement":[{"@type":"ListItem","position":1,"name":"Strona g\u0142\u00f3wna","item":"https:\/\/psitwor.pl\/sklep\/"},{"@type":"ListItem","position":2,"name":"Wszystkie produkty","item":"https:\/\/psitwor.pl\/sklep\/?page_id=287"},{"@type":"ListItem","position":3,"name":"Mata do spanka Dopamine dogs"}]},{"@type":"WebSite","@id":"https:\/\/psitwor.pl\/sklep\/#website","url":"https:\/\/psitwor.pl\/sklep\/","name":"Psitw&oacute;r","description":"Kreatywne karmienie zwierz\u0105t","publisher":{"@id":"https:\/\/psitwor.pl\/sklep\/#organization"},"potentialAction":[{"@type":"SearchAction","target":{"@type":"EntryPoint","urlTemplate":"https:\/\/psitwor.pl\/sklep\/?s={search_term_string}"},"query-input":{"@type":"PropertyValueSpecification","valueRequired":true,"valueName":"search_term_string"}}],"inLanguage":"pl-PL"},{"@type":"Organization","@id":"https:\/\/psitwor.pl\/sklep\/#organization","name":"Psitw\u00f3r","url":"https:\/\/psitwor.pl\/sklep\/","logo":{"@type":"ImageObject","inLanguage":"pl-PL","@id":"https:\/\/psitwor.pl\/sklep\/#\/schema\/logo\/image\/","url":"https:\/\/psitwor.pl\/sklep\/wp-content\/uploads\/2021\/10\/cropped-logo-psitwor-wektor-1.png","contentUrl":"https:\/\/psitwor.pl\/sklep\/wp-content\/uploads\/2021\/10\/cropped-logo-psitwor-wektor-1.png","width":277,"height":63,"caption":"Psitw\u00f3r"},"image":{"@id":"https:\/\/psitwor.pl\/sklep\/#\/schema\/logo\/image\/"},"sameAs":["https:\/\/www.facebook.com\/psitwor\/","https:\/\/www.instagram.com\/psitwor_pl\/"]}]}},"jetpack_sharing_enabled":true,"_links":{"self":[{"href":"https:\/\/psitwor.pl\/sklep\/index.php?rest_route=\/wp\/v2\/product\/4186","targetHints":{"allow":["GET"]}}],"collection":[{"href":"https:\/\/psitwor.pl\/sklep\/index.php?rest_route=\/wp\/v2\/product"}],"about":[{"href":"https:\/\/psitwor.pl\/sklep\/index.php?rest_route=\/wp\/v2\/types\/product"}],"wp:featuredmedia":[{"embeddable":true,"href":"https:\/\/psitwor.pl\/sklep\/index.php?rest_route=\/wp\/v2\/media\/4202"}],"wp:attachment":[{"href":"https:\/\/psitwor.pl\/sklep\/index.php?rest_route=%2Fwp%2Fv2%2Fmedia&parent=4186"}],"wp:term":[{"taxonomy":"product_brand","embeddable":true,"href":"https:\/\/psitwor.pl\/sklep\/index.php?rest_route=%2Fwp%2Fv2%2Fproduct_brand&post=4186"},{"taxonomy":"product_cat","embeddable":true,"href":"https:\/\/psitwor.pl\/sklep\/index.php?rest_route=%2Fwp%2Fv2%2Fproduct_cat&post=4186"},{"taxonomy":"product_tag","embeddable":true,"href":"https:\/\/psitwor.pl\/sklep\/index.php?rest_route=%2Fwp%2Fv2%2Fproduct_tag&post=4186"}],"curies":[{"name":"wp","href":"https:\/\/api.w.org\/{rel}","templated":true}]}}