{"id":4221,"date":"2025-03-10T15:58:24","date_gmt":"2025-03-10T14:58:24","guid":{"rendered":"https:\/\/psitwor.pl\/sklep\/?post_type=product&#038;p=4221"},"modified":"2025-03-10T16:05:39","modified_gmt":"2025-03-10T15:05:39","slug":"bioworki-na-odchody-15-sztuk-blekitne","status":"publish","type":"product","link":"https:\/\/psitwor.pl\/sklep\/?product=bioworki-na-odchody-15-sztuk-blekitne","title":{"rendered":"Bioworki na odchody 15 sztuk, b\u0142\u0119kitne"},"content":{"rendered":"<p>Wytrzyma\u0142e i odporne. Pewna ochrona przed nieprzyjemnymi zapachami.<\/p>\n<p>Dbaj o \u015brodowisko razem ze swoim pupilem, aby ka\u017cdy spacer by\u0142 jeszcze lepszy.<\/p>\n<p>Worek powstaje z naturalnych ro\u015blinnych surowc\u00f3w, dlatego po wykorzystaniu biodegraduje w biomas\u0119. W 100% bez plastiku. Do produkcji work\u00f3w nie wykorzystujemy produkt\u00f3w przemys\u0142u naftowego.<\/p>\n<p>Wyprodukowane w Polsce!<\/p>\n<p>Wymiary: 20 X 31 cm<br \/>\nMateria\u0142: biopolimer na bazie skrobi kukurydzianej (zgodny z norm\u0105 EN13432)<br \/>\nKolor: b\u0142\u0119kitny<\/p>\n","protected":false},"excerpt":{"rendered":"<p>W <strong>100% biodegradowlane i kompostowalne<\/strong>\u00a0worki na psie odchody StarchBag.<\/p>\n<p>Najwy\u017cszej jako\u015bci woreczki na psie odchody wykonane z biopolimer\u00f3w na bazie skrobi kukurydzianej posiadaj\u0105cych certyfikat <strong>OK Compost HOME<\/strong>.<\/p>\n<p>W rolce znajduje si\u0119 15 work\u00f3w StarchBag.<\/p>\n","protected":false},"featured_media":4228,"template":"","meta":[],"product_brand":[],"product_cat":[23],"product_tag":[],"class_list":{"0":"post-4221","1":"product","2":"type-product","3":"status-publish","4":"has-post-thumbnail","6":"product_cat-akcesoria","8":"first","9":"instock","10":"shipping-taxable","11":"purchasable","12":"product-type-simple"},"yoast_head":"<!-- This site is optimized with the Yoast SEO plugin v27.5 - https:\/\/yoast.com\/product\/yoast-seo-wordpress\/ -->\n<title>Bioworki na odchody 15 sztuk, b\u0142\u0119kitne - Psitw&oacute;r<\/title>\n<meta name=\"robots\" content=\"index, follow, max-snippet:-1, max-image-preview:large, max-video-preview:-1\" \/>\n<link rel=\"canonical\" href=\"https:\/\/psitwor.pl\/sklep\/?product=bioworki-na-odchody-15-sztuk-blekitne\" \/>\n<meta property=\"og:locale\" content=\"pl_PL\" \/>\n<meta property=\"og:type\" content=\"article\" \/>\n<meta property=\"og:title\" content=\"Bioworki na odchody 15 sztuk, b\u0142\u0119kitne - Psitw&oacute;r\" \/>\n<meta property=\"og:description\" content=\"W 100% biodegradowlane i kompostowalne\u00a0worki na psie odchody StarchBag.  Najwy\u017cszej jako\u015bci woreczki na psie odchody wykonane z biopolimer\u00f3w na bazie skrobi kukurydzianej posiadaj\u0105cych certyfikat OK Compost HOME.  W rolce znajduje si\u0119 15 work\u00f3w StarchBag.\" \/>\n<meta property=\"og:url\" content=\"https:\/\/psitwor.pl\/sklep\/?product=bioworki-na-odchody-15-sztuk-blekitne\" \/>\n<meta property=\"og:site_name\" content=\"Psitw&oacute;r\" \/>\n<meta property=\"article:publisher\" content=\"https:\/\/www.facebook.com\/psitwor\/\" \/>\n<meta property=\"article:modified_time\" content=\"2025-03-10T15:05:39+00:00\" \/>\n<meta property=\"og:image\" content=\"https:\/\/psitwor.pl\/sklep\/wp-content\/uploads\/2025\/03\/starchbag-bioworki-na-odchody-15-szt-blekitne.webp\" \/>\n\t<meta property=\"og:image:width\" content=\"800\" \/>\n\t<meta property=\"og:image:height\" content=\"800\" \/>\n\t<meta property=\"og:image:type\" content=\"image\/webp\" \/>\n<meta name=\"twitter:card\" content=\"summary_large_image\" \/>\n<meta name=\"twitter:label1\" content=\"Szacowany czas czytania\" \/>\n\t<meta name=\"twitter:data1\" content=\"1 minuta\" \/>\n<script type=\"application\/ld+json\" class=\"yoast-schema-graph\">{\"@context\":\"https:\\\/\\\/schema.org\",\"@graph\":[{\"@type\":\"WebPage\",\"@id\":\"https:\\\/\\\/psitwor.pl\\\/sklep\\\/?product=bioworki-na-odchody-15-sztuk-blekitne\",\"url\":\"https:\\\/\\\/psitwor.pl\\\/sklep\\\/?product=bioworki-na-odchody-15-sztuk-blekitne\",\"name\":\"Bioworki na odchody 15 sztuk, b\u0142\u0119kitne - Psitw&oacute;r\",\"isPartOf\":{\"@id\":\"https:\\\/\\\/psitwor.pl\\\/sklep\\\/#website\"},\"primaryImageOfPage\":{\"@id\":\"https:\\\/\\\/psitwor.pl\\\/sklep\\\/?product=bioworki-na-odchody-15-sztuk-blekitne#primaryimage\"},\"image\":{\"@id\":\"https:\\\/\\\/psitwor.pl\\\/sklep\\\/?product=bioworki-na-odchody-15-sztuk-blekitne#primaryimage\"},\"thumbnailUrl\":\"https:\\\/\\\/psitwor.pl\\\/sklep\\\/wp-content\\\/uploads\\\/2025\\\/03\\\/starchbag-bioworki-na-odchody-15-szt-blekitne.webp\",\"datePublished\":\"2025-03-10T14:58:24+00:00\",\"dateModified\":\"2025-03-10T15:05:39+00:00\",\"breadcrumb\":{\"@id\":\"https:\\\/\\\/psitwor.pl\\\/sklep\\\/?product=bioworki-na-odchody-15-sztuk-blekitne#breadcrumb\"},\"inLanguage\":\"pl-PL\",\"potentialAction\":[{\"@type\":\"ReadAction\",\"target\":[\"https:\\\/\\\/psitwor.pl\\\/sklep\\\/?product=bioworki-na-odchody-15-sztuk-blekitne\"]}]},{\"@type\":\"ImageObject\",\"inLanguage\":\"pl-PL\",\"@id\":\"https:\\\/\\\/psitwor.pl\\\/sklep\\\/?product=bioworki-na-odchody-15-sztuk-blekitne#primaryimage\",\"url\":\"https:\\\/\\\/psitwor.pl\\\/sklep\\\/wp-content\\\/uploads\\\/2025\\\/03\\\/starchbag-bioworki-na-odchody-15-szt-blekitne.webp\",\"contentUrl\":\"https:\\\/\\\/psitwor.pl\\\/sklep\\\/wp-content\\\/uploads\\\/2025\\\/03\\\/starchbag-bioworki-na-odchody-15-szt-blekitne.webp\",\"width\":800,\"height\":800},{\"@type\":\"BreadcrumbList\",\"@id\":\"https:\\\/\\\/psitwor.pl\\\/sklep\\\/?product=bioworki-na-odchody-15-sztuk-blekitne#breadcrumb\",\"itemListElement\":[{\"@type\":\"ListItem\",\"position\":1,\"name\":\"Strona g\u0142\u00f3wna\",\"item\":\"https:\\\/\\\/psitwor.pl\\\/sklep\\\/\"},{\"@type\":\"ListItem\",\"position\":2,\"name\":\"Wszystkie produkty\",\"item\":\"https:\\\/\\\/psitwor.pl\\\/sklep\\\/?page_id=287\"},{\"@type\":\"ListItem\",\"position\":3,\"name\":\"Bioworki na odchody 15 sztuk, b\u0142\u0119kitne\"}]},{\"@type\":\"WebSite\",\"@id\":\"https:\\\/\\\/psitwor.pl\\\/sklep\\\/#website\",\"url\":\"https:\\\/\\\/psitwor.pl\\\/sklep\\\/\",\"name\":\"Psitw&oacute;r\",\"description\":\"Kreatywne karmienie zwierz\u0105t\",\"publisher\":{\"@id\":\"https:\\\/\\\/psitwor.pl\\\/sklep\\\/#organization\"},\"potentialAction\":[{\"@type\":\"SearchAction\",\"target\":{\"@type\":\"EntryPoint\",\"urlTemplate\":\"https:\\\/\\\/psitwor.pl\\\/sklep\\\/?s={search_term_string}\"},\"query-input\":{\"@type\":\"PropertyValueSpecification\",\"valueRequired\":true,\"valueName\":\"search_term_string\"}}],\"inLanguage\":\"pl-PL\"},{\"@type\":\"Organization\",\"@id\":\"https:\\\/\\\/psitwor.pl\\\/sklep\\\/#organization\",\"name\":\"Psitw\u00f3r\",\"url\":\"https:\\\/\\\/psitwor.pl\\\/sklep\\\/\",\"logo\":{\"@type\":\"ImageObject\",\"inLanguage\":\"pl-PL\",\"@id\":\"https:\\\/\\\/psitwor.pl\\\/sklep\\\/#\\\/schema\\\/logo\\\/image\\\/\",\"url\":\"https:\\\/\\\/psitwor.pl\\\/sklep\\\/wp-content\\\/uploads\\\/2021\\\/10\\\/cropped-logo-psitwor-wektor-1.png\",\"contentUrl\":\"https:\\\/\\\/psitwor.pl\\\/sklep\\\/wp-content\\\/uploads\\\/2021\\\/10\\\/cropped-logo-psitwor-wektor-1.png\",\"width\":277,\"height\":63,\"caption\":\"Psitw\u00f3r\"},\"image\":{\"@id\":\"https:\\\/\\\/psitwor.pl\\\/sklep\\\/#\\\/schema\\\/logo\\\/image\\\/\"},\"sameAs\":[\"https:\\\/\\\/www.facebook.com\\\/psitwor\\\/\",\"https:\\\/\\\/www.instagram.com\\\/psitwor_pl\\\/\"]}]}<\/script>\n<!-- \/ Yoast SEO plugin. -->","yoast_head_json":{"title":"Bioworki na odchody 15 sztuk, b\u0142\u0119kitne - Psitw&oacute;r","robots":{"index":"index","follow":"follow","max-snippet":"max-snippet:-1","max-image-preview":"max-image-preview:large","max-video-preview":"max-video-preview:-1"},"canonical":"https:\/\/psitwor.pl\/sklep\/?product=bioworki-na-odchody-15-sztuk-blekitne","og_locale":"pl_PL","og_type":"article","og_title":"Bioworki na odchody 15 sztuk, b\u0142\u0119kitne - Psitw&oacute;r","og_description":"W 100% biodegradowlane i kompostowalne\u00a0worki na psie odchody StarchBag.  Najwy\u017cszej jako\u015bci woreczki na psie odchody wykonane z biopolimer\u00f3w na bazie skrobi kukurydzianej posiadaj\u0105cych certyfikat OK Compost HOME.  W rolce znajduje si\u0119 15 work\u00f3w StarchBag.","og_url":"https:\/\/psitwor.pl\/sklep\/?product=bioworki-na-odchody-15-sztuk-blekitne","og_site_name":"Psitw&oacute;r","article_publisher":"https:\/\/www.facebook.com\/psitwor\/","article_modified_time":"2025-03-10T15:05:39+00:00","og_image":[{"width":800,"height":800,"url":"https:\/\/psitwor.pl\/sklep\/wp-content\/uploads\/2025\/03\/starchbag-bioworki-na-odchody-15-szt-blekitne.webp","type":"image\/webp"}],"twitter_card":"summary_large_image","twitter_misc":{"Szacowany czas czytania":"1 minuta"},"schema":{"@context":"https:\/\/schema.org","@graph":[{"@type":"WebPage","@id":"https:\/\/psitwor.pl\/sklep\/?product=bioworki-na-odchody-15-sztuk-blekitne","url":"https:\/\/psitwor.pl\/sklep\/?product=bioworki-na-odchody-15-sztuk-blekitne","name":"Bioworki na odchody 15 sztuk, b\u0142\u0119kitne - Psitw&oacute;r","isPartOf":{"@id":"https:\/\/psitwor.pl\/sklep\/#website"},"primaryImageOfPage":{"@id":"https:\/\/psitwor.pl\/sklep\/?product=bioworki-na-odchody-15-sztuk-blekitne#primaryimage"},"image":{"@id":"https:\/\/psitwor.pl\/sklep\/?product=bioworki-na-odchody-15-sztuk-blekitne#primaryimage"},"thumbnailUrl":"https:\/\/psitwor.pl\/sklep\/wp-content\/uploads\/2025\/03\/starchbag-bioworki-na-odchody-15-szt-blekitne.webp","datePublished":"2025-03-10T14:58:24+00:00","dateModified":"2025-03-10T15:05:39+00:00","breadcrumb":{"@id":"https:\/\/psitwor.pl\/sklep\/?product=bioworki-na-odchody-15-sztuk-blekitne#breadcrumb"},"inLanguage":"pl-PL","potentialAction":[{"@type":"ReadAction","target":["https:\/\/psitwor.pl\/sklep\/?product=bioworki-na-odchody-15-sztuk-blekitne"]}]},{"@type":"ImageObject","inLanguage":"pl-PL","@id":"https:\/\/psitwor.pl\/sklep\/?product=bioworki-na-odchody-15-sztuk-blekitne#primaryimage","url":"https:\/\/psitwor.pl\/sklep\/wp-content\/uploads\/2025\/03\/starchbag-bioworki-na-odchody-15-szt-blekitne.webp","contentUrl":"https:\/\/psitwor.pl\/sklep\/wp-content\/uploads\/2025\/03\/starchbag-bioworki-na-odchody-15-szt-blekitne.webp","width":800,"height":800},{"@type":"BreadcrumbList","@id":"https:\/\/psitwor.pl\/sklep\/?product=bioworki-na-odchody-15-sztuk-blekitne#breadcrumb","itemListElement":[{"@type":"ListItem","position":1,"name":"Strona g\u0142\u00f3wna","item":"https:\/\/psitwor.pl\/sklep\/"},{"@type":"ListItem","position":2,"name":"Wszystkie produkty","item":"https:\/\/psitwor.pl\/sklep\/?page_id=287"},{"@type":"ListItem","position":3,"name":"Bioworki na odchody 15 sztuk, b\u0142\u0119kitne"}]},{"@type":"WebSite","@id":"https:\/\/psitwor.pl\/sklep\/#website","url":"https:\/\/psitwor.pl\/sklep\/","name":"Psitw&oacute;r","description":"Kreatywne karmienie zwierz\u0105t","publisher":{"@id":"https:\/\/psitwor.pl\/sklep\/#organization"},"potentialAction":[{"@type":"SearchAction","target":{"@type":"EntryPoint","urlTemplate":"https:\/\/psitwor.pl\/sklep\/?s={search_term_string}"},"query-input":{"@type":"PropertyValueSpecification","valueRequired":true,"valueName":"search_term_string"}}],"inLanguage":"pl-PL"},{"@type":"Organization","@id":"https:\/\/psitwor.pl\/sklep\/#organization","name":"Psitw\u00f3r","url":"https:\/\/psitwor.pl\/sklep\/","logo":{"@type":"ImageObject","inLanguage":"pl-PL","@id":"https:\/\/psitwor.pl\/sklep\/#\/schema\/logo\/image\/","url":"https:\/\/psitwor.pl\/sklep\/wp-content\/uploads\/2021\/10\/cropped-logo-psitwor-wektor-1.png","contentUrl":"https:\/\/psitwor.pl\/sklep\/wp-content\/uploads\/2021\/10\/cropped-logo-psitwor-wektor-1.png","width":277,"height":63,"caption":"Psitw\u00f3r"},"image":{"@id":"https:\/\/psitwor.pl\/sklep\/#\/schema\/logo\/image\/"},"sameAs":["https:\/\/www.facebook.com\/psitwor\/","https:\/\/www.instagram.com\/psitwor_pl\/"]}]}},"jetpack_sharing_enabled":true,"_links":{"self":[{"href":"https:\/\/psitwor.pl\/sklep\/index.php?rest_route=\/wp\/v2\/product\/4221","targetHints":{"allow":["GET"]}}],"collection":[{"href":"https:\/\/psitwor.pl\/sklep\/index.php?rest_route=\/wp\/v2\/product"}],"about":[{"href":"https:\/\/psitwor.pl\/sklep\/index.php?rest_route=\/wp\/v2\/types\/product"}],"wp:featuredmedia":[{"embeddable":true,"href":"https:\/\/psitwor.pl\/sklep\/index.php?rest_route=\/wp\/v2\/media\/4228"}],"wp:attachment":[{"href":"https:\/\/psitwor.pl\/sklep\/index.php?rest_route=%2Fwp%2Fv2%2Fmedia&parent=4221"}],"wp:term":[{"taxonomy":"product_brand","embeddable":true,"href":"https:\/\/psitwor.pl\/sklep\/index.php?rest_route=%2Fwp%2Fv2%2Fproduct_brand&post=4221"},{"taxonomy":"product_cat","embeddable":true,"href":"https:\/\/psitwor.pl\/sklep\/index.php?rest_route=%2Fwp%2Fv2%2Fproduct_cat&post=4221"},{"taxonomy":"product_tag","embeddable":true,"href":"https:\/\/psitwor.pl\/sklep\/index.php?rest_route=%2Fwp%2Fv2%2Fproduct_tag&post=4221"}],"curies":[{"name":"wp","href":"https:\/\/api.w.org\/{rel}","templated":true}]}}