{"id":4359,"date":"2025-07-09T10:49:28","date_gmt":"2025-07-09T08:49:28","guid":{"rendered":"https:\/\/psitwor.pl\/sklep\/?post_type=product&#038;p=4359"},"modified":"2025-07-09T11:03:42","modified_gmt":"2025-07-09T09:03:42","slug":"szarpak-z-azurka-i-futrem-owczym-2","status":"publish","type":"product","link":"https:\/\/psitwor.pl\/sklep\/?product=szarpak-z-azurka-i-futrem-owczym-2","title":{"rendered":"Szarpak z a\u017curk\u0105 i futrem owczym"},"content":{"rendered":"<p>Oryginalna a\u017curka JW Pet Hol-ee Roller w 3 rozmiarach:<\/p>\n<table width=\"220\" cellspacing=\"3\" cellpadding=\"3\">\n<tbody>\n<tr>\n<td>SMALL<\/td>\n<td>8,7 CM<\/td>\n<\/tr>\n<tr>\n<td>MEDIUM<\/td>\n<td>11,5 CM<\/td>\n<\/tr>\n<tr>\n<td>LARGE<\/td>\n<td>14 CM<\/td>\n<\/tr>\n<\/tbody>\n<\/table>\n<p>R\u0105czka jest podszyta mi\u0119ciutkim materia\u0142em, z amortyzatorem wyst\u0119puje w kolorach:<br \/>\nr\u00f3\u017cowy, morski, mi\u0119towy, wrzosowy<br \/>\nD\u0142ugo\u015b\u0107 ok. 33cm<\/p>\n","protected":false},"excerpt":{"rendered":"<p>Pi\u0142k\u0119 a\u017curow\u0105 zna chyba ka\u017cdy! Jest \u015bwietna do samodzielnej zabawy, rzucania, ale i przeci\u0105gania. A\u017curka na r\u0105czce z amortyzatorem doskonale sprawdza si\u0119 we wzajemnym szarpaniu z opiekunem. Futro owcze w \u015brodku podkr\u0119ca atrakcyjno\u015b\u0107 zabawki oraz zwi\u0119ksza mo\u017cliwo\u015bci zabawy i wykorzystania w treningu. Gryzienie futra mo\u017ce psa regulowa\u0107, czy te\u017c przymkn\u0105\u0107 \u0142a\u0144cuch \u0142owiecki.<\/p>\n<p>R\u0105czka w szarpaku jest zdejmowana. Mo\u017cna j\u0105 przyczepi\u0107 z tasm\u0105 do nerki, a w razie potrzeby zdj\u0105\u0107 i u\u017cywa\u0107 samej pi\u0142ki. Czy\u017c to nie idealne rozwi\u0105zanie? :<\/p>\n<p>Produkt dost\u0119pny na zam\u00f3wienie w ka\u017cdej wersji, ale ten czas oczekiwania na to nie jest d\u0142ugi. Kwestia paru dni &lt;3<\/p>\n","protected":false},"featured_media":3749,"template":"","meta":[],"product_brand":[],"product_cat":[45,48,31],"product_tag":[],"class_list":{"0":"post-4359","1":"product","2":"type-product","3":"status-publish","4":"has-post-thumbnail","6":"product_cat-nowosci","7":"product_cat-psitwor","8":"product_cat-zabawki","10":"first","11":"onbackorder","12":"shipping-taxable","13":"purchasable","14":"product-type-variable"},"yoast_head":"<!-- This site is optimized with the Yoast SEO plugin v23.1 - https:\/\/yoast.com\/wordpress\/plugins\/seo\/ -->\n<title>Szarpak z a\u017curk\u0105 i futrem owczym - Psitw&oacute;r<\/title>\n<meta name=\"robots\" content=\"index, follow, max-snippet:-1, max-image-preview:large, max-video-preview:-1\" \/>\n<link rel=\"canonical\" href=\"https:\/\/psitwor.pl\/sklep\/?product=szarpak-z-azurka-i-futrem-owczym-2\" \/>\n<meta property=\"og:locale\" content=\"pl_PL\" \/>\n<meta property=\"og:type\" content=\"article\" \/>\n<meta property=\"og:title\" content=\"Szarpak z a\u017curk\u0105 i futrem owczym - Psitw&oacute;r\" \/>\n<meta property=\"og:description\" content=\"Pi\u0142k\u0119 a\u017curow\u0105 zna chyba ka\u017cdy! Jest \u015bwietna do samodzielnej zabawy, rzucania, ale i przeci\u0105gania. A\u017curka na r\u0105czce z amortyzatorem doskonale sprawdza si\u0119 we wzajemnym szarpaniu z opiekunem. Futro owcze w \u015brodku podkr\u0119ca atrakcyjno\u015b\u0107 zabawki oraz zwi\u0119ksza mo\u017cliwo\u015bci zabawy i wykorzystania w treningu. Gryzienie futra mo\u017ce psa regulowa\u0107, czy te\u017c przymkn\u0105\u0107 \u0142a\u0144cuch \u0142owiecki.  R\u0105czka w szarpaku jest zdejmowana. Mo\u017cna j\u0105 przyczepi\u0107 z tasm\u0105 do nerki, a w razie potrzeby zdj\u0105\u0107 i u\u017cywa\u0107 samej pi\u0142ki. Czy\u017c to nie idealne rozwi\u0105zanie? :  Produkt dost\u0119pny na zam\u00f3wienie w ka\u017cdej wersji, ale ten czas oczekiwania na to nie jest d\u0142ugi. Kwestia paru dni &lt;3\" \/>\n<meta property=\"og:url\" content=\"https:\/\/psitwor.pl\/sklep\/?product=szarpak-z-azurka-i-futrem-owczym-2\" \/>\n<meta property=\"og:site_name\" content=\"Psitw&oacute;r\" \/>\n<meta property=\"article:publisher\" content=\"https:\/\/www.facebook.com\/psitwor\/\" \/>\n<meta property=\"article:modified_time\" content=\"2025-07-09T09:03:42+00:00\" \/>\n<meta property=\"og:image\" content=\"https:\/\/psitwor.pl\/sklep\/wp-content\/uploads\/2024\/08\/2222-scaled.jpg\" \/>\n\t<meta property=\"og:image:width\" content=\"2122\" \/>\n\t<meta property=\"og:image:height\" content=\"2560\" \/>\n\t<meta property=\"og:image:type\" content=\"image\/jpeg\" \/>\n<meta name=\"twitter:card\" content=\"summary_large_image\" \/>\n<meta name=\"twitter:label1\" content=\"Szacowany czas czytania\" \/>\n\t<meta name=\"twitter:data1\" content=\"1 minuta\" \/>\n<script type=\"application\/ld+json\" class=\"yoast-schema-graph\">{\"@context\":\"https:\/\/schema.org\",\"@graph\":[{\"@type\":\"WebPage\",\"@id\":\"https:\/\/psitwor.pl\/sklep\/?product=szarpak-z-azurka-i-futrem-owczym-2\",\"url\":\"https:\/\/psitwor.pl\/sklep\/?product=szarpak-z-azurka-i-futrem-owczym-2\",\"name\":\"Szarpak z a\u017curk\u0105 i futrem owczym - Psitw&oacute;r\",\"isPartOf\":{\"@id\":\"https:\/\/psitwor.pl\/sklep\/#website\"},\"primaryImageOfPage\":{\"@id\":\"https:\/\/psitwor.pl\/sklep\/?product=szarpak-z-azurka-i-futrem-owczym-2#primaryimage\"},\"image\":{\"@id\":\"https:\/\/psitwor.pl\/sklep\/?product=szarpak-z-azurka-i-futrem-owczym-2#primaryimage\"},\"thumbnailUrl\":\"https:\/\/psitwor.pl\/sklep\/wp-content\/uploads\/2024\/08\/2222-scaled.jpg\",\"datePublished\":\"2025-07-09T08:49:28+00:00\",\"dateModified\":\"2025-07-09T09:03:42+00:00\",\"breadcrumb\":{\"@id\":\"https:\/\/psitwor.pl\/sklep\/?product=szarpak-z-azurka-i-futrem-owczym-2#breadcrumb\"},\"inLanguage\":\"pl-PL\",\"potentialAction\":[{\"@type\":\"ReadAction\",\"target\":[\"https:\/\/psitwor.pl\/sklep\/?product=szarpak-z-azurka-i-futrem-owczym-2\"]}]},{\"@type\":\"ImageObject\",\"inLanguage\":\"pl-PL\",\"@id\":\"https:\/\/psitwor.pl\/sklep\/?product=szarpak-z-azurka-i-futrem-owczym-2#primaryimage\",\"url\":\"https:\/\/psitwor.pl\/sklep\/wp-content\/uploads\/2024\/08\/2222-scaled.jpg\",\"contentUrl\":\"https:\/\/psitwor.pl\/sklep\/wp-content\/uploads\/2024\/08\/2222-scaled.jpg\",\"width\":2122,\"height\":2560},{\"@type\":\"BreadcrumbList\",\"@id\":\"https:\/\/psitwor.pl\/sklep\/?product=szarpak-z-azurka-i-futrem-owczym-2#breadcrumb\",\"itemListElement\":[{\"@type\":\"ListItem\",\"position\":1,\"name\":\"Strona g\u0142\u00f3wna\",\"item\":\"https:\/\/psitwor.pl\/sklep\/\"},{\"@type\":\"ListItem\",\"position\":2,\"name\":\"Wszystkie produkty\",\"item\":\"https:\/\/psitwor.pl\/sklep\/?page_id=287\"},{\"@type\":\"ListItem\",\"position\":3,\"name\":\"Szarpak z a\u017curk\u0105 i futrem owczym\"}]},{\"@type\":\"WebSite\",\"@id\":\"https:\/\/psitwor.pl\/sklep\/#website\",\"url\":\"https:\/\/psitwor.pl\/sklep\/\",\"name\":\"Psitw&oacute;r\",\"description\":\"Kreatywne karmienie zwierz\u0105t\",\"publisher\":{\"@id\":\"https:\/\/psitwor.pl\/sklep\/#organization\"},\"potentialAction\":[{\"@type\":\"SearchAction\",\"target\":{\"@type\":\"EntryPoint\",\"urlTemplate\":\"https:\/\/psitwor.pl\/sklep\/?s={search_term_string}\"},\"query-input\":\"required name=search_term_string\"}],\"inLanguage\":\"pl-PL\"},{\"@type\":\"Organization\",\"@id\":\"https:\/\/psitwor.pl\/sklep\/#organization\",\"name\":\"Psitw\u00f3r\",\"url\":\"https:\/\/psitwor.pl\/sklep\/\",\"logo\":{\"@type\":\"ImageObject\",\"inLanguage\":\"pl-PL\",\"@id\":\"https:\/\/psitwor.pl\/sklep\/#\/schema\/logo\/image\/\",\"url\":\"https:\/\/psitwor.pl\/sklep\/wp-content\/uploads\/2021\/10\/cropped-logo-psitwor-wektor-1.png\",\"contentUrl\":\"https:\/\/psitwor.pl\/sklep\/wp-content\/uploads\/2021\/10\/cropped-logo-psitwor-wektor-1.png\",\"width\":277,\"height\":63,\"caption\":\"Psitw\u00f3r\"},\"image\":{\"@id\":\"https:\/\/psitwor.pl\/sklep\/#\/schema\/logo\/image\/\"},\"sameAs\":[\"https:\/\/www.facebook.com\/psitwor\/\",\"https:\/\/www.instagram.com\/psitwor_pl\/\"]}]}<\/script>\n<!-- \/ Yoast SEO plugin. -->","yoast_head_json":{"title":"Szarpak z a\u017curk\u0105 i futrem owczym - Psitw&oacute;r","robots":{"index":"index","follow":"follow","max-snippet":"max-snippet:-1","max-image-preview":"max-image-preview:large","max-video-preview":"max-video-preview:-1"},"canonical":"https:\/\/psitwor.pl\/sklep\/?product=szarpak-z-azurka-i-futrem-owczym-2","og_locale":"pl_PL","og_type":"article","og_title":"Szarpak z a\u017curk\u0105 i futrem owczym - Psitw&oacute;r","og_description":"Pi\u0142k\u0119 a\u017curow\u0105 zna chyba ka\u017cdy! Jest \u015bwietna do samodzielnej zabawy, rzucania, ale i przeci\u0105gania. A\u017curka na r\u0105czce z amortyzatorem doskonale sprawdza si\u0119 we wzajemnym szarpaniu z opiekunem. Futro owcze w \u015brodku podkr\u0119ca atrakcyjno\u015b\u0107 zabawki oraz zwi\u0119ksza mo\u017cliwo\u015bci zabawy i wykorzystania w treningu. Gryzienie futra mo\u017ce psa regulowa\u0107, czy te\u017c przymkn\u0105\u0107 \u0142a\u0144cuch \u0142owiecki.  R\u0105czka w szarpaku jest zdejmowana. Mo\u017cna j\u0105 przyczepi\u0107 z tasm\u0105 do nerki, a w razie potrzeby zdj\u0105\u0107 i u\u017cywa\u0107 samej pi\u0142ki. Czy\u017c to nie idealne rozwi\u0105zanie? :  Produkt dost\u0119pny na zam\u00f3wienie w ka\u017cdej wersji, ale ten czas oczekiwania na to nie jest d\u0142ugi. Kwestia paru dni &lt;3","og_url":"https:\/\/psitwor.pl\/sklep\/?product=szarpak-z-azurka-i-futrem-owczym-2","og_site_name":"Psitw&oacute;r","article_publisher":"https:\/\/www.facebook.com\/psitwor\/","article_modified_time":"2025-07-09T09:03:42+00:00","og_image":[{"width":2122,"height":2560,"url":"https:\/\/psitwor.pl\/sklep\/wp-content\/uploads\/2024\/08\/2222-scaled.jpg","type":"image\/jpeg"}],"twitter_card":"summary_large_image","twitter_misc":{"Szacowany czas czytania":"1 minuta"},"schema":{"@context":"https:\/\/schema.org","@graph":[{"@type":"WebPage","@id":"https:\/\/psitwor.pl\/sklep\/?product=szarpak-z-azurka-i-futrem-owczym-2","url":"https:\/\/psitwor.pl\/sklep\/?product=szarpak-z-azurka-i-futrem-owczym-2","name":"Szarpak z a\u017curk\u0105 i futrem owczym - Psitw&oacute;r","isPartOf":{"@id":"https:\/\/psitwor.pl\/sklep\/#website"},"primaryImageOfPage":{"@id":"https:\/\/psitwor.pl\/sklep\/?product=szarpak-z-azurka-i-futrem-owczym-2#primaryimage"},"image":{"@id":"https:\/\/psitwor.pl\/sklep\/?product=szarpak-z-azurka-i-futrem-owczym-2#primaryimage"},"thumbnailUrl":"https:\/\/psitwor.pl\/sklep\/wp-content\/uploads\/2024\/08\/2222-scaled.jpg","datePublished":"2025-07-09T08:49:28+00:00","dateModified":"2025-07-09T09:03:42+00:00","breadcrumb":{"@id":"https:\/\/psitwor.pl\/sklep\/?product=szarpak-z-azurka-i-futrem-owczym-2#breadcrumb"},"inLanguage":"pl-PL","potentialAction":[{"@type":"ReadAction","target":["https:\/\/psitwor.pl\/sklep\/?product=szarpak-z-azurka-i-futrem-owczym-2"]}]},{"@type":"ImageObject","inLanguage":"pl-PL","@id":"https:\/\/psitwor.pl\/sklep\/?product=szarpak-z-azurka-i-futrem-owczym-2#primaryimage","url":"https:\/\/psitwor.pl\/sklep\/wp-content\/uploads\/2024\/08\/2222-scaled.jpg","contentUrl":"https:\/\/psitwor.pl\/sklep\/wp-content\/uploads\/2024\/08\/2222-scaled.jpg","width":2122,"height":2560},{"@type":"BreadcrumbList","@id":"https:\/\/psitwor.pl\/sklep\/?product=szarpak-z-azurka-i-futrem-owczym-2#breadcrumb","itemListElement":[{"@type":"ListItem","position":1,"name":"Strona g\u0142\u00f3wna","item":"https:\/\/psitwor.pl\/sklep\/"},{"@type":"ListItem","position":2,"name":"Wszystkie produkty","item":"https:\/\/psitwor.pl\/sklep\/?page_id=287"},{"@type":"ListItem","position":3,"name":"Szarpak z a\u017curk\u0105 i futrem owczym"}]},{"@type":"WebSite","@id":"https:\/\/psitwor.pl\/sklep\/#website","url":"https:\/\/psitwor.pl\/sklep\/","name":"Psitw&oacute;r","description":"Kreatywne karmienie zwierz\u0105t","publisher":{"@id":"https:\/\/psitwor.pl\/sklep\/#organization"},"potentialAction":[{"@type":"SearchAction","target":{"@type":"EntryPoint","urlTemplate":"https:\/\/psitwor.pl\/sklep\/?s={search_term_string}"},"query-input":"required name=search_term_string"}],"inLanguage":"pl-PL"},{"@type":"Organization","@id":"https:\/\/psitwor.pl\/sklep\/#organization","name":"Psitw\u00f3r","url":"https:\/\/psitwor.pl\/sklep\/","logo":{"@type":"ImageObject","inLanguage":"pl-PL","@id":"https:\/\/psitwor.pl\/sklep\/#\/schema\/logo\/image\/","url":"https:\/\/psitwor.pl\/sklep\/wp-content\/uploads\/2021\/10\/cropped-logo-psitwor-wektor-1.png","contentUrl":"https:\/\/psitwor.pl\/sklep\/wp-content\/uploads\/2021\/10\/cropped-logo-psitwor-wektor-1.png","width":277,"height":63,"caption":"Psitw\u00f3r"},"image":{"@id":"https:\/\/psitwor.pl\/sklep\/#\/schema\/logo\/image\/"},"sameAs":["https:\/\/www.facebook.com\/psitwor\/","https:\/\/www.instagram.com\/psitwor_pl\/"]}]}},"jetpack_sharing_enabled":true,"_links":{"self":[{"href":"https:\/\/psitwor.pl\/sklep\/index.php?rest_route=\/wp\/v2\/product\/4359","targetHints":{"allow":["GET"]}}],"collection":[{"href":"https:\/\/psitwor.pl\/sklep\/index.php?rest_route=\/wp\/v2\/product"}],"about":[{"href":"https:\/\/psitwor.pl\/sklep\/index.php?rest_route=\/wp\/v2\/types\/product"}],"wp:featuredmedia":[{"embeddable":true,"href":"https:\/\/psitwor.pl\/sklep\/index.php?rest_route=\/wp\/v2\/media\/3749"}],"wp:attachment":[{"href":"https:\/\/psitwor.pl\/sklep\/index.php?rest_route=%2Fwp%2Fv2%2Fmedia&parent=4359"}],"wp:term":[{"taxonomy":"product_brand","embeddable":true,"href":"https:\/\/psitwor.pl\/sklep\/index.php?rest_route=%2Fwp%2Fv2%2Fproduct_brand&post=4359"},{"taxonomy":"product_cat","embeddable":true,"href":"https:\/\/psitwor.pl\/sklep\/index.php?rest_route=%2Fwp%2Fv2%2Fproduct_cat&post=4359"},{"taxonomy":"product_tag","embeddable":true,"href":"https:\/\/psitwor.pl\/sklep\/index.php?rest_route=%2Fwp%2Fv2%2Fproduct_tag&post=4359"}],"curies":[{"name":"wp","href":"https:\/\/api.w.org\/{rel}","templated":true}]}}