{"id":4616,"date":"2025-12-13T17:42:56","date_gmt":"2025-12-13T16:42:56","guid":{"rendered":"https:\/\/psitwor.pl\/sklep\/?post_type=product&#038;p=4616"},"modified":"2026-02-26T12:21:01","modified_gmt":"2026-02-26T11:21:01","slug":"szarpak-krotki-ze-sztucznym-futerkiem","status":"publish","type":"product","link":"https:\/\/psitwor.pl\/sklep\/?product=szarpak-krotki-ze-sztucznym-futerkiem","title":{"rendered":"Szarpak kr\u00f3tki ze sztucznym futerkiem"},"content":{"rendered":"","protected":false},"excerpt":{"rendered":"<p>Szarpak z mi\u0119ciutkim podszyciem r\u0105czki i mocn\u0105 ta\u015bm\u0105. Do tego wytrzyma\u0142e kolorowe futerko.<br \/>\nD\u0142ugo\u015b\u0107: ok. 45 cm<\/p>\n","protected":false},"featured_media":4619,"template":"","meta":[],"product_brand":[],"product_cat":[45,48,31],"product_tag":[],"class_list":{"0":"post-4616","1":"product","2":"type-product","3":"status-publish","4":"has-post-thumbnail","6":"product_cat-nowosci","7":"product_cat-psitwor","8":"product_cat-zabawki","10":"first","11":"instock","12":"shipping-taxable","13":"purchasable","14":"product-type-simple"},"yoast_head":"<!-- This site is optimized with the Yoast SEO plugin v23.1 - https:\/\/yoast.com\/wordpress\/plugins\/seo\/ -->\n<title>Szarpak kr\u00f3tki ze sztucznym futerkiem - Psitw&oacute;r<\/title>\n<meta name=\"robots\" content=\"index, follow, max-snippet:-1, max-image-preview:large, max-video-preview:-1\" \/>\n<link rel=\"canonical\" href=\"https:\/\/psitwor.pl\/sklep\/?product=szarpak-krotki-ze-sztucznym-futerkiem\" \/>\n<meta property=\"og:locale\" content=\"pl_PL\" \/>\n<meta property=\"og:type\" content=\"article\" \/>\n<meta property=\"og:title\" content=\"Szarpak kr\u00f3tki ze sztucznym futerkiem - Psitw&oacute;r\" \/>\n<meta property=\"og:description\" content=\"Szarpak z mi\u0119ciutkim podszyciem r\u0105czki i mocn\u0105 ta\u015bm\u0105. Do tego wytrzyma\u0142e kolorowe futerko. D\u0142ugo\u015b\u0107: ok. 45 cm\" \/>\n<meta property=\"og:url\" content=\"https:\/\/psitwor.pl\/sklep\/?product=szarpak-krotki-ze-sztucznym-futerkiem\" \/>\n<meta property=\"og:site_name\" content=\"Psitw&oacute;r\" \/>\n<meta property=\"article:publisher\" content=\"https:\/\/www.facebook.com\/psitwor\/\" \/>\n<meta property=\"article:modified_time\" content=\"2026-02-26T11:21:01+00:00\" \/>\n<meta property=\"og:image\" content=\"https:\/\/psitwor.pl\/sklep\/wp-content\/uploads\/2025\/12\/szarpak-jedn-krotki-scaled.jpg\" \/>\n\t<meta property=\"og:image:width\" content=\"2050\" \/>\n\t<meta property=\"og:image:height\" content=\"2560\" \/>\n\t<meta property=\"og:image:type\" content=\"image\/jpeg\" \/>\n<meta name=\"twitter:card\" content=\"summary_large_image\" \/>\n<meta name=\"twitter:label1\" content=\"Szacowany czas czytania\" \/>\n\t<meta name=\"twitter:data1\" content=\"1 minuta\" \/>\n<script type=\"application\/ld+json\" class=\"yoast-schema-graph\">{\"@context\":\"https:\/\/schema.org\",\"@graph\":[{\"@type\":\"WebPage\",\"@id\":\"https:\/\/psitwor.pl\/sklep\/?product=szarpak-krotki-ze-sztucznym-futerkiem\",\"url\":\"https:\/\/psitwor.pl\/sklep\/?product=szarpak-krotki-ze-sztucznym-futerkiem\",\"name\":\"Szarpak kr\u00f3tki ze sztucznym futerkiem - Psitw&oacute;r\",\"isPartOf\":{\"@id\":\"https:\/\/psitwor.pl\/sklep\/#website\"},\"primaryImageOfPage\":{\"@id\":\"https:\/\/psitwor.pl\/sklep\/?product=szarpak-krotki-ze-sztucznym-futerkiem#primaryimage\"},\"image\":{\"@id\":\"https:\/\/psitwor.pl\/sklep\/?product=szarpak-krotki-ze-sztucznym-futerkiem#primaryimage\"},\"thumbnailUrl\":\"https:\/\/psitwor.pl\/sklep\/wp-content\/uploads\/2025\/12\/szarpak-jedn-krotki-scaled.jpg\",\"datePublished\":\"2025-12-13T16:42:56+00:00\",\"dateModified\":\"2026-02-26T11:21:01+00:00\",\"breadcrumb\":{\"@id\":\"https:\/\/psitwor.pl\/sklep\/?product=szarpak-krotki-ze-sztucznym-futerkiem#breadcrumb\"},\"inLanguage\":\"pl-PL\",\"potentialAction\":[{\"@type\":\"ReadAction\",\"target\":[\"https:\/\/psitwor.pl\/sklep\/?product=szarpak-krotki-ze-sztucznym-futerkiem\"]}]},{\"@type\":\"ImageObject\",\"inLanguage\":\"pl-PL\",\"@id\":\"https:\/\/psitwor.pl\/sklep\/?product=szarpak-krotki-ze-sztucznym-futerkiem#primaryimage\",\"url\":\"https:\/\/psitwor.pl\/sklep\/wp-content\/uploads\/2025\/12\/szarpak-jedn-krotki-scaled.jpg\",\"contentUrl\":\"https:\/\/psitwor.pl\/sklep\/wp-content\/uploads\/2025\/12\/szarpak-jedn-krotki-scaled.jpg\",\"width\":2050,\"height\":2560,\"caption\":\"Processed with VSCO with g6 preset\"},{\"@type\":\"BreadcrumbList\",\"@id\":\"https:\/\/psitwor.pl\/sklep\/?product=szarpak-krotki-ze-sztucznym-futerkiem#breadcrumb\",\"itemListElement\":[{\"@type\":\"ListItem\",\"position\":1,\"name\":\"Strona g\u0142\u00f3wna\",\"item\":\"https:\/\/psitwor.pl\/sklep\/\"},{\"@type\":\"ListItem\",\"position\":2,\"name\":\"Wszystkie produkty\",\"item\":\"https:\/\/psitwor.pl\/sklep\/?page_id=287\"},{\"@type\":\"ListItem\",\"position\":3,\"name\":\"Szarpak kr\u00f3tki ze sztucznym futerkiem\"}]},{\"@type\":\"WebSite\",\"@id\":\"https:\/\/psitwor.pl\/sklep\/#website\",\"url\":\"https:\/\/psitwor.pl\/sklep\/\",\"name\":\"Psitw&oacute;r\",\"description\":\"Kreatywne karmienie zwierz\u0105t\",\"publisher\":{\"@id\":\"https:\/\/psitwor.pl\/sklep\/#organization\"},\"potentialAction\":[{\"@type\":\"SearchAction\",\"target\":{\"@type\":\"EntryPoint\",\"urlTemplate\":\"https:\/\/psitwor.pl\/sklep\/?s={search_term_string}\"},\"query-input\":\"required name=search_term_string\"}],\"inLanguage\":\"pl-PL\"},{\"@type\":\"Organization\",\"@id\":\"https:\/\/psitwor.pl\/sklep\/#organization\",\"name\":\"Psitw\u00f3r\",\"url\":\"https:\/\/psitwor.pl\/sklep\/\",\"logo\":{\"@type\":\"ImageObject\",\"inLanguage\":\"pl-PL\",\"@id\":\"https:\/\/psitwor.pl\/sklep\/#\/schema\/logo\/image\/\",\"url\":\"https:\/\/psitwor.pl\/sklep\/wp-content\/uploads\/2021\/10\/cropped-logo-psitwor-wektor-1.png\",\"contentUrl\":\"https:\/\/psitwor.pl\/sklep\/wp-content\/uploads\/2021\/10\/cropped-logo-psitwor-wektor-1.png\",\"width\":277,\"height\":63,\"caption\":\"Psitw\u00f3r\"},\"image\":{\"@id\":\"https:\/\/psitwor.pl\/sklep\/#\/schema\/logo\/image\/\"},\"sameAs\":[\"https:\/\/www.facebook.com\/psitwor\/\",\"https:\/\/www.instagram.com\/psitwor_pl\/\"]}]}<\/script>\n<!-- \/ Yoast SEO plugin. -->","yoast_head_json":{"title":"Szarpak kr\u00f3tki ze sztucznym futerkiem - Psitw&oacute;r","robots":{"index":"index","follow":"follow","max-snippet":"max-snippet:-1","max-image-preview":"max-image-preview:large","max-video-preview":"max-video-preview:-1"},"canonical":"https:\/\/psitwor.pl\/sklep\/?product=szarpak-krotki-ze-sztucznym-futerkiem","og_locale":"pl_PL","og_type":"article","og_title":"Szarpak kr\u00f3tki ze sztucznym futerkiem - Psitw&oacute;r","og_description":"Szarpak z mi\u0119ciutkim podszyciem r\u0105czki i mocn\u0105 ta\u015bm\u0105. Do tego wytrzyma\u0142e kolorowe futerko. D\u0142ugo\u015b\u0107: ok. 45 cm","og_url":"https:\/\/psitwor.pl\/sklep\/?product=szarpak-krotki-ze-sztucznym-futerkiem","og_site_name":"Psitw&oacute;r","article_publisher":"https:\/\/www.facebook.com\/psitwor\/","article_modified_time":"2026-02-26T11:21:01+00:00","og_image":[{"width":2050,"height":2560,"url":"https:\/\/psitwor.pl\/sklep\/wp-content\/uploads\/2025\/12\/szarpak-jedn-krotki-scaled.jpg","type":"image\/jpeg"}],"twitter_card":"summary_large_image","twitter_misc":{"Szacowany czas czytania":"1 minuta"},"schema":{"@context":"https:\/\/schema.org","@graph":[{"@type":"WebPage","@id":"https:\/\/psitwor.pl\/sklep\/?product=szarpak-krotki-ze-sztucznym-futerkiem","url":"https:\/\/psitwor.pl\/sklep\/?product=szarpak-krotki-ze-sztucznym-futerkiem","name":"Szarpak kr\u00f3tki ze sztucznym futerkiem - Psitw&oacute;r","isPartOf":{"@id":"https:\/\/psitwor.pl\/sklep\/#website"},"primaryImageOfPage":{"@id":"https:\/\/psitwor.pl\/sklep\/?product=szarpak-krotki-ze-sztucznym-futerkiem#primaryimage"},"image":{"@id":"https:\/\/psitwor.pl\/sklep\/?product=szarpak-krotki-ze-sztucznym-futerkiem#primaryimage"},"thumbnailUrl":"https:\/\/psitwor.pl\/sklep\/wp-content\/uploads\/2025\/12\/szarpak-jedn-krotki-scaled.jpg","datePublished":"2025-12-13T16:42:56+00:00","dateModified":"2026-02-26T11:21:01+00:00","breadcrumb":{"@id":"https:\/\/psitwor.pl\/sklep\/?product=szarpak-krotki-ze-sztucznym-futerkiem#breadcrumb"},"inLanguage":"pl-PL","potentialAction":[{"@type":"ReadAction","target":["https:\/\/psitwor.pl\/sklep\/?product=szarpak-krotki-ze-sztucznym-futerkiem"]}]},{"@type":"ImageObject","inLanguage":"pl-PL","@id":"https:\/\/psitwor.pl\/sklep\/?product=szarpak-krotki-ze-sztucznym-futerkiem#primaryimage","url":"https:\/\/psitwor.pl\/sklep\/wp-content\/uploads\/2025\/12\/szarpak-jedn-krotki-scaled.jpg","contentUrl":"https:\/\/psitwor.pl\/sklep\/wp-content\/uploads\/2025\/12\/szarpak-jedn-krotki-scaled.jpg","width":2050,"height":2560,"caption":"Processed with VSCO with g6 preset"},{"@type":"BreadcrumbList","@id":"https:\/\/psitwor.pl\/sklep\/?product=szarpak-krotki-ze-sztucznym-futerkiem#breadcrumb","itemListElement":[{"@type":"ListItem","position":1,"name":"Strona g\u0142\u00f3wna","item":"https:\/\/psitwor.pl\/sklep\/"},{"@type":"ListItem","position":2,"name":"Wszystkie produkty","item":"https:\/\/psitwor.pl\/sklep\/?page_id=287"},{"@type":"ListItem","position":3,"name":"Szarpak kr\u00f3tki ze sztucznym futerkiem"}]},{"@type":"WebSite","@id":"https:\/\/psitwor.pl\/sklep\/#website","url":"https:\/\/psitwor.pl\/sklep\/","name":"Psitw&oacute;r","description":"Kreatywne karmienie zwierz\u0105t","publisher":{"@id":"https:\/\/psitwor.pl\/sklep\/#organization"},"potentialAction":[{"@type":"SearchAction","target":{"@type":"EntryPoint","urlTemplate":"https:\/\/psitwor.pl\/sklep\/?s={search_term_string}"},"query-input":"required name=search_term_string"}],"inLanguage":"pl-PL"},{"@type":"Organization","@id":"https:\/\/psitwor.pl\/sklep\/#organization","name":"Psitw\u00f3r","url":"https:\/\/psitwor.pl\/sklep\/","logo":{"@type":"ImageObject","inLanguage":"pl-PL","@id":"https:\/\/psitwor.pl\/sklep\/#\/schema\/logo\/image\/","url":"https:\/\/psitwor.pl\/sklep\/wp-content\/uploads\/2021\/10\/cropped-logo-psitwor-wektor-1.png","contentUrl":"https:\/\/psitwor.pl\/sklep\/wp-content\/uploads\/2021\/10\/cropped-logo-psitwor-wektor-1.png","width":277,"height":63,"caption":"Psitw\u00f3r"},"image":{"@id":"https:\/\/psitwor.pl\/sklep\/#\/schema\/logo\/image\/"},"sameAs":["https:\/\/www.facebook.com\/psitwor\/","https:\/\/www.instagram.com\/psitwor_pl\/"]}]}},"jetpack_sharing_enabled":true,"_links":{"self":[{"href":"https:\/\/psitwor.pl\/sklep\/index.php?rest_route=\/wp\/v2\/product\/4616","targetHints":{"allow":["GET"]}}],"collection":[{"href":"https:\/\/psitwor.pl\/sklep\/index.php?rest_route=\/wp\/v2\/product"}],"about":[{"href":"https:\/\/psitwor.pl\/sklep\/index.php?rest_route=\/wp\/v2\/types\/product"}],"wp:featuredmedia":[{"embeddable":true,"href":"https:\/\/psitwor.pl\/sklep\/index.php?rest_route=\/wp\/v2\/media\/4619"}],"wp:attachment":[{"href":"https:\/\/psitwor.pl\/sklep\/index.php?rest_route=%2Fwp%2Fv2%2Fmedia&parent=4616"}],"wp:term":[{"taxonomy":"product_brand","embeddable":true,"href":"https:\/\/psitwor.pl\/sklep\/index.php?rest_route=%2Fwp%2Fv2%2Fproduct_brand&post=4616"},{"taxonomy":"product_cat","embeddable":true,"href":"https:\/\/psitwor.pl\/sklep\/index.php?rest_route=%2Fwp%2Fv2%2Fproduct_cat&post=4616"},{"taxonomy":"product_tag","embeddable":true,"href":"https:\/\/psitwor.pl\/sklep\/index.php?rest_route=%2Fwp%2Fv2%2Fproduct_tag&post=4616"}],"curies":[{"name":"wp","href":"https:\/\/api.w.org\/{rel}","templated":true}]}}