{"id":584,"date":"2022-03-16T22:25:48","date_gmt":"2022-03-16T21:25:48","guid":{"rendered":"https:\/\/psitwor.pl\/sklep\/?post_type=product&#038;p=584"},"modified":"2025-10-04T22:06:37","modified_gmt":"2025-10-04T20:06:37","slug":"kula-tecza-prosta","status":"publish","type":"product","link":"https:\/\/psitwor.pl\/sklep\/?product=kula-tecza-prosta","title":{"rendered":"Kula w\u0119chowa  T\u0118CZA PROSTA"},"content":{"rendered":"<p>Kula w\u0119chowa to trudniejsza wersja maty. Smako\u0142yki mo\u017cna schowa\u0107 g\u0142\u0119biej, zajmuje wi\u0119cej czasu, wymaga od pupila aktywno\u015bci &#8211; kula si\u0119 obraca, ucieka, trzeba j\u0105 przytrzyma\u0107, bardziej aktywizuje.<\/p>\n<p>Kula ma\u0142a &#8211; przeznaczona dla ma\u0142ych ps\u00f3w i kot\u00f3w (oko\u0142o 16cm \u015brednicy), do 10kg.<br \/>\nKula du\u017ca &#8211; przeznaczona dla ps\u00f3w \u015brednich i du\u017cych (oko\u0142o 22cm \u015brednicy)<\/p>\n<p>Je\u015bli natomiast pupil jest niedu\u017cy, ale bardzo aktywny, zr\u0119czny i uwielbia jedzenie, to r\u00f3wnie\u017c poradzi sobie z t\u0105 wi\u0119ksz\u0105 kul\u0105. \u015awietnie sobie radz\u0105 z nimi psy rasy Jack Russell Terrier, mimo \u017ce nie s\u0105 du\u017cych gabaryt\u00f3w.<\/p>\n<p>Nie wiesz jaki rozmiar wybra\u0107 &#8211; napisz do nas, pomo\u017cemy \ud83d\ude42<\/p>\n","protected":false},"excerpt":{"rendered":"<p>Ca\u0142kowicie szyta mocnymi ni\u0107mi, mo\u017cna j\u0105 pra\u0107 w pralc<\/p>\n<p>Ta wersja kolorystyczna to przej\u015bcie od czerwonego przez pomara\u0144cz, \u017c\u00f3\u0142ty, zielony, niebieski do fioletu.<\/p>\n","protected":false},"featured_media":587,"template":"","meta":[],"product_brand":[],"product_cat":[48,15],"product_tag":[28],"class_list":{"0":"post-584","1":"product","2":"type-product","3":"status-publish","4":"has-post-thumbnail","6":"product_cat-psitwor","7":"product_cat-kule","8":"product_tag-pastelowe","10":"first","11":"onbackorder","12":"shipping-taxable","13":"purchasable","14":"product-type-variable"},"yoast_head":"<!-- This site is optimized with the Yoast SEO plugin v23.1 - https:\/\/yoast.com\/wordpress\/plugins\/seo\/ -->\n<title>Kula w\u0119chowa T\u0118CZA PROSTA - Psitw&oacute;r<\/title>\n<meta name=\"robots\" content=\"index, follow, max-snippet:-1, max-image-preview:large, max-video-preview:-1\" \/>\n<link rel=\"canonical\" href=\"https:\/\/psitwor.pl\/sklep\/?product=kula-tecza-prosta\" \/>\n<meta property=\"og:locale\" content=\"pl_PL\" \/>\n<meta property=\"og:type\" content=\"article\" \/>\n<meta property=\"og:title\" content=\"Kula w\u0119chowa T\u0118CZA PROSTA - Psitw&oacute;r\" \/>\n<meta property=\"og:description\" content=\"Ca\u0142kowicie szyta mocnymi ni\u0107mi, mo\u017cna j\u0105 pra\u0107 w pralc  Ta wersja kolorystyczna to przej\u015bcie od czerwonego przez pomara\u0144cz, \u017c\u00f3\u0142ty, zielony, niebieski do fioletu.\" \/>\n<meta property=\"og:url\" content=\"https:\/\/psitwor.pl\/sklep\/?product=kula-tecza-prosta\" \/>\n<meta property=\"og:site_name\" content=\"Psitw&oacute;r\" \/>\n<meta property=\"article:publisher\" content=\"https:\/\/www.facebook.com\/psitwor\/\" \/>\n<meta property=\"article:modified_time\" content=\"2025-10-04T20:06:37+00:00\" \/>\n<meta property=\"og:image\" content=\"https:\/\/psitwor.pl\/sklep\/wp-content\/uploads\/2022\/03\/image00010-scaled.jpeg\" \/>\n\t<meta property=\"og:image:width\" content=\"2055\" \/>\n\t<meta property=\"og:image:height\" content=\"2560\" \/>\n\t<meta property=\"og:image:type\" content=\"image\/jpeg\" \/>\n<meta name=\"twitter:card\" content=\"summary_large_image\" \/>\n<meta name=\"twitter:label1\" content=\"Szacowany czas czytania\" \/>\n\t<meta name=\"twitter:data1\" content=\"1 minuta\" \/>\n<script type=\"application\/ld+json\" class=\"yoast-schema-graph\">{\"@context\":\"https:\/\/schema.org\",\"@graph\":[{\"@type\":\"WebPage\",\"@id\":\"https:\/\/psitwor.pl\/sklep\/?product=kula-tecza-prosta\",\"url\":\"https:\/\/psitwor.pl\/sklep\/?product=kula-tecza-prosta\",\"name\":\"Kula w\u0119chowa T\u0118CZA PROSTA - Psitw&oacute;r\",\"isPartOf\":{\"@id\":\"https:\/\/psitwor.pl\/sklep\/#website\"},\"primaryImageOfPage\":{\"@id\":\"https:\/\/psitwor.pl\/sklep\/?product=kula-tecza-prosta#primaryimage\"},\"image\":{\"@id\":\"https:\/\/psitwor.pl\/sklep\/?product=kula-tecza-prosta#primaryimage\"},\"thumbnailUrl\":\"https:\/\/psitwor.pl\/sklep\/wp-content\/uploads\/2022\/03\/image00010-scaled.jpeg\",\"datePublished\":\"2022-03-16T21:25:48+00:00\",\"dateModified\":\"2025-10-04T20:06:37+00:00\",\"breadcrumb\":{\"@id\":\"https:\/\/psitwor.pl\/sklep\/?product=kula-tecza-prosta#breadcrumb\"},\"inLanguage\":\"pl-PL\",\"potentialAction\":[{\"@type\":\"ReadAction\",\"target\":[\"https:\/\/psitwor.pl\/sklep\/?product=kula-tecza-prosta\"]}]},{\"@type\":\"ImageObject\",\"inLanguage\":\"pl-PL\",\"@id\":\"https:\/\/psitwor.pl\/sklep\/?product=kula-tecza-prosta#primaryimage\",\"url\":\"https:\/\/psitwor.pl\/sklep\/wp-content\/uploads\/2022\/03\/image00010-scaled.jpeg\",\"contentUrl\":\"https:\/\/psitwor.pl\/sklep\/wp-content\/uploads\/2022\/03\/image00010-scaled.jpeg\",\"width\":2055,\"height\":2560,\"caption\":\"Processed with VSCO with c2 preset\"},{\"@type\":\"BreadcrumbList\",\"@id\":\"https:\/\/psitwor.pl\/sklep\/?product=kula-tecza-prosta#breadcrumb\",\"itemListElement\":[{\"@type\":\"ListItem\",\"position\":1,\"name\":\"Strona g\u0142\u00f3wna\",\"item\":\"https:\/\/psitwor.pl\/sklep\/\"},{\"@type\":\"ListItem\",\"position\":2,\"name\":\"Wszystkie produkty\",\"item\":\"https:\/\/psitwor.pl\/sklep\/?page_id=287\"},{\"@type\":\"ListItem\",\"position\":3,\"name\":\"Kula w\u0119chowa T\u0118CZA PROSTA\"}]},{\"@type\":\"WebSite\",\"@id\":\"https:\/\/psitwor.pl\/sklep\/#website\",\"url\":\"https:\/\/psitwor.pl\/sklep\/\",\"name\":\"Psitw&oacute;r\",\"description\":\"Kreatywne karmienie zwierz\u0105t\",\"publisher\":{\"@id\":\"https:\/\/psitwor.pl\/sklep\/#organization\"},\"potentialAction\":[{\"@type\":\"SearchAction\",\"target\":{\"@type\":\"EntryPoint\",\"urlTemplate\":\"https:\/\/psitwor.pl\/sklep\/?s={search_term_string}\"},\"query-input\":\"required name=search_term_string\"}],\"inLanguage\":\"pl-PL\"},{\"@type\":\"Organization\",\"@id\":\"https:\/\/psitwor.pl\/sklep\/#organization\",\"name\":\"Psitw\u00f3r\",\"url\":\"https:\/\/psitwor.pl\/sklep\/\",\"logo\":{\"@type\":\"ImageObject\",\"inLanguage\":\"pl-PL\",\"@id\":\"https:\/\/psitwor.pl\/sklep\/#\/schema\/logo\/image\/\",\"url\":\"https:\/\/psitwor.pl\/sklep\/wp-content\/uploads\/2021\/10\/cropped-logo-psitwor-wektor-1.png\",\"contentUrl\":\"https:\/\/psitwor.pl\/sklep\/wp-content\/uploads\/2021\/10\/cropped-logo-psitwor-wektor-1.png\",\"width\":277,\"height\":63,\"caption\":\"Psitw\u00f3r\"},\"image\":{\"@id\":\"https:\/\/psitwor.pl\/sklep\/#\/schema\/logo\/image\/\"},\"sameAs\":[\"https:\/\/www.facebook.com\/psitwor\/\",\"https:\/\/www.instagram.com\/psitwor_pl\/\"]}]}<\/script>\n<!-- \/ Yoast SEO plugin. -->","yoast_head_json":{"title":"Kula w\u0119chowa T\u0118CZA PROSTA - Psitw&oacute;r","robots":{"index":"index","follow":"follow","max-snippet":"max-snippet:-1","max-image-preview":"max-image-preview:large","max-video-preview":"max-video-preview:-1"},"canonical":"https:\/\/psitwor.pl\/sklep\/?product=kula-tecza-prosta","og_locale":"pl_PL","og_type":"article","og_title":"Kula w\u0119chowa T\u0118CZA PROSTA - Psitw&oacute;r","og_description":"Ca\u0142kowicie szyta mocnymi ni\u0107mi, mo\u017cna j\u0105 pra\u0107 w pralc  Ta wersja kolorystyczna to przej\u015bcie od czerwonego przez pomara\u0144cz, \u017c\u00f3\u0142ty, zielony, niebieski do fioletu.","og_url":"https:\/\/psitwor.pl\/sklep\/?product=kula-tecza-prosta","og_site_name":"Psitw&oacute;r","article_publisher":"https:\/\/www.facebook.com\/psitwor\/","article_modified_time":"2025-10-04T20:06:37+00:00","og_image":[{"width":2055,"height":2560,"url":"https:\/\/psitwor.pl\/sklep\/wp-content\/uploads\/2022\/03\/image00010-scaled.jpeg","type":"image\/jpeg"}],"twitter_card":"summary_large_image","twitter_misc":{"Szacowany czas czytania":"1 minuta"},"schema":{"@context":"https:\/\/schema.org","@graph":[{"@type":"WebPage","@id":"https:\/\/psitwor.pl\/sklep\/?product=kula-tecza-prosta","url":"https:\/\/psitwor.pl\/sklep\/?product=kula-tecza-prosta","name":"Kula w\u0119chowa T\u0118CZA PROSTA - Psitw&oacute;r","isPartOf":{"@id":"https:\/\/psitwor.pl\/sklep\/#website"},"primaryImageOfPage":{"@id":"https:\/\/psitwor.pl\/sklep\/?product=kula-tecza-prosta#primaryimage"},"image":{"@id":"https:\/\/psitwor.pl\/sklep\/?product=kula-tecza-prosta#primaryimage"},"thumbnailUrl":"https:\/\/psitwor.pl\/sklep\/wp-content\/uploads\/2022\/03\/image00010-scaled.jpeg","datePublished":"2022-03-16T21:25:48+00:00","dateModified":"2025-10-04T20:06:37+00:00","breadcrumb":{"@id":"https:\/\/psitwor.pl\/sklep\/?product=kula-tecza-prosta#breadcrumb"},"inLanguage":"pl-PL","potentialAction":[{"@type":"ReadAction","target":["https:\/\/psitwor.pl\/sklep\/?product=kula-tecza-prosta"]}]},{"@type":"ImageObject","inLanguage":"pl-PL","@id":"https:\/\/psitwor.pl\/sklep\/?product=kula-tecza-prosta#primaryimage","url":"https:\/\/psitwor.pl\/sklep\/wp-content\/uploads\/2022\/03\/image00010-scaled.jpeg","contentUrl":"https:\/\/psitwor.pl\/sklep\/wp-content\/uploads\/2022\/03\/image00010-scaled.jpeg","width":2055,"height":2560,"caption":"Processed with VSCO with c2 preset"},{"@type":"BreadcrumbList","@id":"https:\/\/psitwor.pl\/sklep\/?product=kula-tecza-prosta#breadcrumb","itemListElement":[{"@type":"ListItem","position":1,"name":"Strona g\u0142\u00f3wna","item":"https:\/\/psitwor.pl\/sklep\/"},{"@type":"ListItem","position":2,"name":"Wszystkie produkty","item":"https:\/\/psitwor.pl\/sklep\/?page_id=287"},{"@type":"ListItem","position":3,"name":"Kula w\u0119chowa T\u0118CZA PROSTA"}]},{"@type":"WebSite","@id":"https:\/\/psitwor.pl\/sklep\/#website","url":"https:\/\/psitwor.pl\/sklep\/","name":"Psitw&oacute;r","description":"Kreatywne karmienie zwierz\u0105t","publisher":{"@id":"https:\/\/psitwor.pl\/sklep\/#organization"},"potentialAction":[{"@type":"SearchAction","target":{"@type":"EntryPoint","urlTemplate":"https:\/\/psitwor.pl\/sklep\/?s={search_term_string}"},"query-input":"required name=search_term_string"}],"inLanguage":"pl-PL"},{"@type":"Organization","@id":"https:\/\/psitwor.pl\/sklep\/#organization","name":"Psitw\u00f3r","url":"https:\/\/psitwor.pl\/sklep\/","logo":{"@type":"ImageObject","inLanguage":"pl-PL","@id":"https:\/\/psitwor.pl\/sklep\/#\/schema\/logo\/image\/","url":"https:\/\/psitwor.pl\/sklep\/wp-content\/uploads\/2021\/10\/cropped-logo-psitwor-wektor-1.png","contentUrl":"https:\/\/psitwor.pl\/sklep\/wp-content\/uploads\/2021\/10\/cropped-logo-psitwor-wektor-1.png","width":277,"height":63,"caption":"Psitw\u00f3r"},"image":{"@id":"https:\/\/psitwor.pl\/sklep\/#\/schema\/logo\/image\/"},"sameAs":["https:\/\/www.facebook.com\/psitwor\/","https:\/\/www.instagram.com\/psitwor_pl\/"]}]}},"jetpack_sharing_enabled":true,"_links":{"self":[{"href":"https:\/\/psitwor.pl\/sklep\/index.php?rest_route=\/wp\/v2\/product\/584","targetHints":{"allow":["GET"]}}],"collection":[{"href":"https:\/\/psitwor.pl\/sklep\/index.php?rest_route=\/wp\/v2\/product"}],"about":[{"href":"https:\/\/psitwor.pl\/sklep\/index.php?rest_route=\/wp\/v2\/types\/product"}],"wp:featuredmedia":[{"embeddable":true,"href":"https:\/\/psitwor.pl\/sklep\/index.php?rest_route=\/wp\/v2\/media\/587"}],"wp:attachment":[{"href":"https:\/\/psitwor.pl\/sklep\/index.php?rest_route=%2Fwp%2Fv2%2Fmedia&parent=584"}],"wp:term":[{"taxonomy":"product_brand","embeddable":true,"href":"https:\/\/psitwor.pl\/sklep\/index.php?rest_route=%2Fwp%2Fv2%2Fproduct_brand&post=584"},{"taxonomy":"product_cat","embeddable":true,"href":"https:\/\/psitwor.pl\/sklep\/index.php?rest_route=%2Fwp%2Fv2%2Fproduct_cat&post=584"},{"taxonomy":"product_tag","embeddable":true,"href":"https:\/\/psitwor.pl\/sklep\/index.php?rest_route=%2Fwp%2Fv2%2Fproduct_tag&post=584"}],"curies":[{"name":"wp","href":"https:\/\/api.w.org\/{rel}","templated":true}]}}