{"id":93,"date":"2021-07-18T19:03:06","date_gmt":"2021-07-18T17:03:06","guid":{"rendered":"https:\/\/psitwor.pl\/sklep\/?post_type=product&#038;p=93"},"modified":"2026-01-20T15:47:43","modified_gmt":"2026-01-20T14:47:43","slug":"mata-arbuz","status":"publish","type":"product","link":"https:\/\/psitwor.pl\/sklep\/?product=mata-arbuz","title":{"rendered":"Mata ARBUZ"},"content":{"rendered":"<p>Mata uszyta z grubego polaru. Podstawa z wodoodpornej kodury i usztywnienia. Od spodu posiada antypo\u015blizgowe kropeczki.<br \/>\nNic nie wypada do\u0142em, mo\u017cna te\u017c zwin\u0105\u0107 i zabra\u0107 w podr\u00f3\u017c.<\/p>\n<p>Maty w\u0119chowe pozytywnie wp\u0142ywaj\u0105 na zwierz\u0119ta, uspokajaj\u0105, zwi\u0119kszaj\u0105 pewno\u015b\u0107 siebie, poprawiaj\u0105 motywacj\u0119 u niejadk\u00f3w, a tak\u017ce zwyczajnie zajmuj\u0105 na d\u0142u\u017csz\u0105 chwil\u0119.<br \/>\nJe\u015bli pies bardzo polubi mat\u0119, mo\u017cna podawa\u0107 w niej karm\u0119 codziennie. Spowalnia jedzenie przez te zwierzaki, kt\u00f3re zbyt szybko poch\u0142aniaj\u0105 z miski.<\/p>\n<p>Mata jest wykonywana r\u0119cznie, kolory i uk\u0142ad mo\u017ce nieco odbiega\u0107 od tych na zdj\u0119ciu.<\/p>\n<p>Je\u015bli nie wiesz, jak\u0105 g\u0142\u0119boko\u015b\u0107 wybra\u0107 &#8211; napisz do nas \ud83d\ude42<\/p>\n","protected":false},"excerpt":{"rendered":"<p>Mata w\u0119chowa ca\u0142kowicie szyta, mo\u017cna j\u0105 pra\u0107.<\/p>\n<p>Rozmiar classic: oko\u0142o 45cm \u015brednicy.<br \/>\nRozmiar mini: oko\u0142o 30cm \u015brednicy.<\/p>\n","protected":false},"featured_media":252,"template":"","meta":[],"product_brand":[],"product_cat":[48,21],"product_tag":[],"class_list":{"0":"post-93","1":"product","2":"type-product","3":"status-publish","4":"has-post-thumbnail","6":"product_cat-psitwor","7":"product_cat-maty","9":"first","10":"onbackorder","11":"shipping-taxable","12":"purchasable","13":"product-type-variable","14":"has-default-attributes"},"yoast_head":"<!-- This site is optimized with the Yoast SEO plugin v23.1 - https:\/\/yoast.com\/wordpress\/plugins\/seo\/ -->\n<title>Mata ARBUZ - Psitw&oacute;r<\/title>\n<meta name=\"robots\" content=\"index, follow, max-snippet:-1, max-image-preview:large, max-video-preview:-1\" \/>\n<link rel=\"canonical\" href=\"https:\/\/psitwor.pl\/sklep\/?product=mata-arbuz\" \/>\n<meta property=\"og:locale\" content=\"pl_PL\" \/>\n<meta property=\"og:type\" content=\"article\" \/>\n<meta property=\"og:title\" content=\"Mata ARBUZ - Psitw&oacute;r\" \/>\n<meta property=\"og:description\" content=\"Mata w\u0119chowa ca\u0142kowicie szyta, mo\u017cna j\u0105 pra\u0107.  Rozmiar classic: oko\u0142o 45cm \u015brednicy. Rozmiar mini: oko\u0142o 30cm \u015brednicy.\" \/>\n<meta property=\"og:url\" content=\"https:\/\/psitwor.pl\/sklep\/?product=mata-arbuz\" \/>\n<meta property=\"og:site_name\" content=\"Psitw&oacute;r\" \/>\n<meta property=\"article:publisher\" content=\"https:\/\/www.facebook.com\/psitwor\/\" \/>\n<meta property=\"article:modified_time\" content=\"2026-01-20T14:47:43+00:00\" \/>\n<meta property=\"og:image\" content=\"https:\/\/psitwor.pl\/sklep\/wp-content\/uploads\/2021\/07\/mata-arbuz-psitwor-scaled.jpg\" \/>\n\t<meta property=\"og:image:width\" content=\"2055\" \/>\n\t<meta property=\"og:image:height\" content=\"2560\" \/>\n\t<meta property=\"og:image:type\" content=\"image\/jpeg\" \/>\n<meta name=\"twitter:card\" content=\"summary_large_image\" \/>\n<meta name=\"twitter:label1\" content=\"Szacowany czas czytania\" \/>\n\t<meta name=\"twitter:data1\" content=\"1 minuta\" \/>\n<script type=\"application\/ld+json\" class=\"yoast-schema-graph\">{\"@context\":\"https:\/\/schema.org\",\"@graph\":[{\"@type\":\"WebPage\",\"@id\":\"https:\/\/psitwor.pl\/sklep\/?product=mata-arbuz\",\"url\":\"https:\/\/psitwor.pl\/sklep\/?product=mata-arbuz\",\"name\":\"Mata ARBUZ - Psitw&oacute;r\",\"isPartOf\":{\"@id\":\"https:\/\/psitwor.pl\/sklep\/#website\"},\"primaryImageOfPage\":{\"@id\":\"https:\/\/psitwor.pl\/sklep\/?product=mata-arbuz#primaryimage\"},\"image\":{\"@id\":\"https:\/\/psitwor.pl\/sklep\/?product=mata-arbuz#primaryimage\"},\"thumbnailUrl\":\"https:\/\/psitwor.pl\/sklep\/wp-content\/uploads\/2021\/07\/mata-arbuz-psitwor-scaled.jpg\",\"datePublished\":\"2021-07-18T17:03:06+00:00\",\"dateModified\":\"2026-01-20T14:47:43+00:00\",\"breadcrumb\":{\"@id\":\"https:\/\/psitwor.pl\/sklep\/?product=mata-arbuz#breadcrumb\"},\"inLanguage\":\"pl-PL\",\"potentialAction\":[{\"@type\":\"ReadAction\",\"target\":[\"https:\/\/psitwor.pl\/sklep\/?product=mata-arbuz\"]}]},{\"@type\":\"ImageObject\",\"inLanguage\":\"pl-PL\",\"@id\":\"https:\/\/psitwor.pl\/sklep\/?product=mata-arbuz#primaryimage\",\"url\":\"https:\/\/psitwor.pl\/sklep\/wp-content\/uploads\/2021\/07\/mata-arbuz-psitwor-scaled.jpg\",\"contentUrl\":\"https:\/\/psitwor.pl\/sklep\/wp-content\/uploads\/2021\/07\/mata-arbuz-psitwor-scaled.jpg\",\"width\":2055,\"height\":2560,\"caption\":\"Processed with VSCO with c2 preset\"},{\"@type\":\"BreadcrumbList\",\"@id\":\"https:\/\/psitwor.pl\/sklep\/?product=mata-arbuz#breadcrumb\",\"itemListElement\":[{\"@type\":\"ListItem\",\"position\":1,\"name\":\"Strona g\u0142\u00f3wna\",\"item\":\"https:\/\/psitwor.pl\/sklep\/\"},{\"@type\":\"ListItem\",\"position\":2,\"name\":\"Wszystkie produkty\",\"item\":\"https:\/\/psitwor.pl\/sklep\/?page_id=287\"},{\"@type\":\"ListItem\",\"position\":3,\"name\":\"Mata ARBUZ\"}]},{\"@type\":\"WebSite\",\"@id\":\"https:\/\/psitwor.pl\/sklep\/#website\",\"url\":\"https:\/\/psitwor.pl\/sklep\/\",\"name\":\"Psitw&oacute;r\",\"description\":\"Kreatywne karmienie zwierz\u0105t\",\"publisher\":{\"@id\":\"https:\/\/psitwor.pl\/sklep\/#organization\"},\"potentialAction\":[{\"@type\":\"SearchAction\",\"target\":{\"@type\":\"EntryPoint\",\"urlTemplate\":\"https:\/\/psitwor.pl\/sklep\/?s={search_term_string}\"},\"query-input\":\"required name=search_term_string\"}],\"inLanguage\":\"pl-PL\"},{\"@type\":\"Organization\",\"@id\":\"https:\/\/psitwor.pl\/sklep\/#organization\",\"name\":\"Psitw\u00f3r\",\"url\":\"https:\/\/psitwor.pl\/sklep\/\",\"logo\":{\"@type\":\"ImageObject\",\"inLanguage\":\"pl-PL\",\"@id\":\"https:\/\/psitwor.pl\/sklep\/#\/schema\/logo\/image\/\",\"url\":\"https:\/\/psitwor.pl\/sklep\/wp-content\/uploads\/2021\/10\/cropped-logo-psitwor-wektor-1.png\",\"contentUrl\":\"https:\/\/psitwor.pl\/sklep\/wp-content\/uploads\/2021\/10\/cropped-logo-psitwor-wektor-1.png\",\"width\":277,\"height\":63,\"caption\":\"Psitw\u00f3r\"},\"image\":{\"@id\":\"https:\/\/psitwor.pl\/sklep\/#\/schema\/logo\/image\/\"},\"sameAs\":[\"https:\/\/www.facebook.com\/psitwor\/\",\"https:\/\/www.instagram.com\/psitwor_pl\/\"]}]}<\/script>\n<!-- \/ Yoast SEO plugin. -->","yoast_head_json":{"title":"Mata ARBUZ - Psitw&oacute;r","robots":{"index":"index","follow":"follow","max-snippet":"max-snippet:-1","max-image-preview":"max-image-preview:large","max-video-preview":"max-video-preview:-1"},"canonical":"https:\/\/psitwor.pl\/sklep\/?product=mata-arbuz","og_locale":"pl_PL","og_type":"article","og_title":"Mata ARBUZ - Psitw&oacute;r","og_description":"Mata w\u0119chowa ca\u0142kowicie szyta, mo\u017cna j\u0105 pra\u0107.  Rozmiar classic: oko\u0142o 45cm \u015brednicy. Rozmiar mini: oko\u0142o 30cm \u015brednicy.","og_url":"https:\/\/psitwor.pl\/sklep\/?product=mata-arbuz","og_site_name":"Psitw&oacute;r","article_publisher":"https:\/\/www.facebook.com\/psitwor\/","article_modified_time":"2026-01-20T14:47:43+00:00","og_image":[{"width":2055,"height":2560,"url":"https:\/\/psitwor.pl\/sklep\/wp-content\/uploads\/2021\/07\/mata-arbuz-psitwor-scaled.jpg","type":"image\/jpeg"}],"twitter_card":"summary_large_image","twitter_misc":{"Szacowany czas czytania":"1 minuta"},"schema":{"@context":"https:\/\/schema.org","@graph":[{"@type":"WebPage","@id":"https:\/\/psitwor.pl\/sklep\/?product=mata-arbuz","url":"https:\/\/psitwor.pl\/sklep\/?product=mata-arbuz","name":"Mata ARBUZ - Psitw&oacute;r","isPartOf":{"@id":"https:\/\/psitwor.pl\/sklep\/#website"},"primaryImageOfPage":{"@id":"https:\/\/psitwor.pl\/sklep\/?product=mata-arbuz#primaryimage"},"image":{"@id":"https:\/\/psitwor.pl\/sklep\/?product=mata-arbuz#primaryimage"},"thumbnailUrl":"https:\/\/psitwor.pl\/sklep\/wp-content\/uploads\/2021\/07\/mata-arbuz-psitwor-scaled.jpg","datePublished":"2021-07-18T17:03:06+00:00","dateModified":"2026-01-20T14:47:43+00:00","breadcrumb":{"@id":"https:\/\/psitwor.pl\/sklep\/?product=mata-arbuz#breadcrumb"},"inLanguage":"pl-PL","potentialAction":[{"@type":"ReadAction","target":["https:\/\/psitwor.pl\/sklep\/?product=mata-arbuz"]}]},{"@type":"ImageObject","inLanguage":"pl-PL","@id":"https:\/\/psitwor.pl\/sklep\/?product=mata-arbuz#primaryimage","url":"https:\/\/psitwor.pl\/sklep\/wp-content\/uploads\/2021\/07\/mata-arbuz-psitwor-scaled.jpg","contentUrl":"https:\/\/psitwor.pl\/sklep\/wp-content\/uploads\/2021\/07\/mata-arbuz-psitwor-scaled.jpg","width":2055,"height":2560,"caption":"Processed with VSCO with c2 preset"},{"@type":"BreadcrumbList","@id":"https:\/\/psitwor.pl\/sklep\/?product=mata-arbuz#breadcrumb","itemListElement":[{"@type":"ListItem","position":1,"name":"Strona g\u0142\u00f3wna","item":"https:\/\/psitwor.pl\/sklep\/"},{"@type":"ListItem","position":2,"name":"Wszystkie produkty","item":"https:\/\/psitwor.pl\/sklep\/?page_id=287"},{"@type":"ListItem","position":3,"name":"Mata ARBUZ"}]},{"@type":"WebSite","@id":"https:\/\/psitwor.pl\/sklep\/#website","url":"https:\/\/psitwor.pl\/sklep\/","name":"Psitw&oacute;r","description":"Kreatywne karmienie zwierz\u0105t","publisher":{"@id":"https:\/\/psitwor.pl\/sklep\/#organization"},"potentialAction":[{"@type":"SearchAction","target":{"@type":"EntryPoint","urlTemplate":"https:\/\/psitwor.pl\/sklep\/?s={search_term_string}"},"query-input":"required name=search_term_string"}],"inLanguage":"pl-PL"},{"@type":"Organization","@id":"https:\/\/psitwor.pl\/sklep\/#organization","name":"Psitw\u00f3r","url":"https:\/\/psitwor.pl\/sklep\/","logo":{"@type":"ImageObject","inLanguage":"pl-PL","@id":"https:\/\/psitwor.pl\/sklep\/#\/schema\/logo\/image\/","url":"https:\/\/psitwor.pl\/sklep\/wp-content\/uploads\/2021\/10\/cropped-logo-psitwor-wektor-1.png","contentUrl":"https:\/\/psitwor.pl\/sklep\/wp-content\/uploads\/2021\/10\/cropped-logo-psitwor-wektor-1.png","width":277,"height":63,"caption":"Psitw\u00f3r"},"image":{"@id":"https:\/\/psitwor.pl\/sklep\/#\/schema\/logo\/image\/"},"sameAs":["https:\/\/www.facebook.com\/psitwor\/","https:\/\/www.instagram.com\/psitwor_pl\/"]}]}},"jetpack_sharing_enabled":true,"_links":{"self":[{"href":"https:\/\/psitwor.pl\/sklep\/index.php?rest_route=\/wp\/v2\/product\/93","targetHints":{"allow":["GET"]}}],"collection":[{"href":"https:\/\/psitwor.pl\/sklep\/index.php?rest_route=\/wp\/v2\/product"}],"about":[{"href":"https:\/\/psitwor.pl\/sklep\/index.php?rest_route=\/wp\/v2\/types\/product"}],"wp:featuredmedia":[{"embeddable":true,"href":"https:\/\/psitwor.pl\/sklep\/index.php?rest_route=\/wp\/v2\/media\/252"}],"wp:attachment":[{"href":"https:\/\/psitwor.pl\/sklep\/index.php?rest_route=%2Fwp%2Fv2%2Fmedia&parent=93"}],"wp:term":[{"taxonomy":"product_brand","embeddable":true,"href":"https:\/\/psitwor.pl\/sklep\/index.php?rest_route=%2Fwp%2Fv2%2Fproduct_brand&post=93"},{"taxonomy":"product_cat","embeddable":true,"href":"https:\/\/psitwor.pl\/sklep\/index.php?rest_route=%2Fwp%2Fv2%2Fproduct_cat&post=93"},{"taxonomy":"product_tag","embeddable":true,"href":"https:\/\/psitwor.pl\/sklep\/index.php?rest_route=%2Fwp%2Fv2%2Fproduct_tag&post=93"}],"curies":[{"name":"wp","href":"https:\/\/api.w.org\/{rel}","templated":true}]}}